{"id":228828,"date":"2024-11-26T13:40:43","date_gmt":"2024-11-26T12:40:43","guid":{"rendered":"https:\/\/www.touchguard.eu\/ecom-von-pepperlfuchs\/"},"modified":"2026-04-16T17:51:04","modified_gmt":"2026-04-16T15:51:04","slug":"ecom-von-pepperlfuchs","status":"publish","type":"page","link":"https:\/\/www.touchguard.eu\/de\/ecom-von-pepperlfuchs\/","title":{"rendered":"ECOM von Pepperl+Fuchs"},"content":{"rendered":"\n<div class=\"et_d4_element et_pb_section et_pb_section_0 et_pb_with_background  et_pb_css_mix_blend_mode et_section_regular et_block_section\" >\n\t\t\t\t\n\t\t\t\t\n\t\t\t\t\n\t\t\t\t\n\t\t\t\t\n\t\t\t\t\n\t\t\t\t<div class=\"et_d4_element et_pb_row et_pb_row_0  et_pb_css_mix_blend_mode et_block_row\">\n\t\t\t\t<div class=\"et_d4_element et_pb_column_4_4 et_pb_column et_pb_column_0  et_pb_css_mix_blend_mode et-last-child et_block_column\">\n\t\t\t\t\n\t\t\t\t\n\t\t\t\t\n\t\t\t\t\n\t\t\t\t<div class=\"et_pb_with_border et_pb_module et_d4_element et_pb_text et_pb_text_0  et_pb_text_align_left et_pb_bg_layout_dark\">\n\t\t\t\t\n\t\t\t\t\n\t\t\t\t\n\t\t\t\t\n\t\t\t\t<div class=\"et_pb_text_inner\"><h2>Eigensichere mobile Ger\u00e4te<\/h2><\/div>\n\t\t\t<\/div><div class=\"et_pb_module et_d4_element et_pb_text et_pb_text_1  et_pb_text_align_left et_pb_bg_layout_light\">\n\t\t\t\t\n\t\t\t\t\n\t\t\t\t\n\t\t\t\t\n\t\t\t\t<div class=\"et_pb_text_inner\"><p>Mit der \u00dcbernahme von <strong>ecom, einem Marktf\u00fchrer f\u00fcr eigensichere mobile Ger\u00e4te<\/strong> wie Spezialtelefone, Smartphones und Tablets f\u00fcr explosionsgef\u00e4hrdete Umgebungen, erweitert Pepperl+Fuchs sein Portfolio um einen Partner, der in der Branche seit Jahrzehnten ein bekanntes Gesicht ist. TTC apki, s.r.o. ist der offizielle Distributor dieser Marke f\u00fcr die Tschechische Republik und die Slowakei. <\/p>\n<p>Alle mobilen Ger\u00e4te, von Handys und Smartphones bis hin zu Tablets, sind in Versionen f\u00fcr den Einsatz in <strong>rauen (industriellen) Umgebungen<\/strong> erh\u00e4ltlich. Versionen mit globalen ATEX\/IECEx-Zertifizierungen sind auch f\u00fcr Umgebungen erh\u00e4ltlich, die als <strong>Zone 1\/21, Division 1<\/strong> und <strong>Zone 2\/22, Division 2<\/strong>, f\u00fcr den <strong>Bergbau<\/strong>, Funkger\u00e4teumgebungen und verschiedene l\u00e4nderspezifische Vorschriften klassifiziert sind. Industrie-Displays und -Geh\u00e4use bieten zus\u00e4tzliche Sicherheit, indem sie die Ger\u00e4te vor dem Eindringen von Staub und Wasser sch\u00fctzen und sie sto\u00df- und vibrationsfest machen. <strong>Individuelle Konfigurationsm\u00f6glichkeiten<\/strong>, Service Level Agreements in Kombination mit digitalen Produkten und Dienstleistungen sowie <strong>umfassende Serviceleistungen <\/strong>durch geschultes Personal runden das Angebot an mobilen Computer- und Kommunikationsl\u00f6sungen ab.   <\/p>\n<p>Das erschlie\u00dft neue Potenziale und erh\u00f6ht die Sicherheit, Effizienz und Transparenz von Arbeitsabl\u00e4ufen, ob in klassischen Anwendungen oder<span> <\/span><strong>Industrie 4.0-Szenarien<\/strong>.<\/p><\/div>\n\t\t\t<\/div>\n\t\t\t<\/div>\n\t\t\t\t\n\t\t\t\t\n\t\t\t\t\n\t\t\t\t\n\t\t\t<\/div><div class=\"et_d4_element et_pb_row et_pb_row_1  et_pb_css_mix_blend_mode et_block_row\">\n\t\t\t\t<div class=\"et_d4_element et_pb_column_4_4 et_pb_column et_pb_column_1  et_pb_css_mix_blend_mode et-last-child et_block_column\">\n\t\t\t\t\n\t\t\t\t\n\t\t\t\t\n\t\t\t\t\n\t\t\t\t<div class=\"et_pb_module et_d4_element et_pb_image et_pb_image_0\">\n\t\t\t\t\n\t\t\t\t\n\t\t\t\t\n\t\t\t\t\n\t\t\t\t<span class=\"et_pb_image_wrap \"><img loading=\"lazy\" decoding=\"async\" width=\"1024\" height=\"300\" src=\"https:\/\/www.touchguard.eu\/wp-content\/uploads\/2024\/11\/EC_JS_20241016_01_intrinsically_safe_mobile_devices_product_family_overview.png\" alt=\"\" title=\"EC_JS_20241016_01_eigensichere_mobile_Ger\u00e4te_Produktfamilie_\u00dcbersicht\" class=\"wp-image-2433\"><\/span>\n\t\t\t<\/div>\n\t\t\t<\/div>\n\t\t\t\t\n\t\t\t\t\n\t\t\t\t\n\t\t\t\t\n\t\t\t<\/div><div class=\"et_d4_element et_pb_row et_pb_row_2 ecom  et_pb_css_mix_blend_mode et_block_row\">\n\t\t\t\t<div class=\"et_d4_element et_pb_column_4_4 et_pb_column et_pb_column_2  et_pb_css_mix_blend_mode et-last-child et_block_column\">\n\t\t\t\t\n\t\t\t\t\n\t\t\t\t\n\t\t\t\t\n\t\t\t\t<div class=\"et_pb_with_border et_pb_module et_d4_element et_pb_text et_pb_text_2  et_pb_text_align_left et_pb_bg_layout_dark\">\n\t\t\t\t\n\t\t\t\t\n\t\t\t\t\n\t\t\t\t\n\t\t\t\t<div class=\"et_pb_text_inner\"><h2>Mobile Computing- und Kommunikationsl\u00f6sungen<\/h2><\/div>\n\t\t\t<\/div><div class=\"et_pb_module et_d4_element et_pb_blurb et_pb_blurb_0 ecom_blurb  et_pb_text_align_justified  et_pb_blurb_position_left et_block_module et_pb_bg_layout_light\">\n\t\t\t\t\n\t\t\t\t\n\t\t\t\t\n\t\t\t\t\n\t\t\t\t<div class=\"et_pb_blurb_content\">\n\t\t\t\t\t<div class=\"et_pb_main_blurb_image et_pb_css_mix_blend_mode\"><span class=\"et_pb_image_wrap et_pb_only_image_mode_wrap\"><img loading=\"lazy\" decoding=\"async\" width=\"161\" height=\"161\" src=\"https:\/\/www.touchguard.eu\/wp-content\/uploads\/2024\/12\/EC_JS_20240416_06_Mobile_Computing_300x300px_rdax_161x161_100.png\" alt=\"\" class=\"et-waypoint et_pb_animation_top et_pb_animation_top_tablet et_pb_animation_top_phone wp-image-227190\" title=\"\"><\/span><\/div>\n\t\t\t\t\t<div class=\"et_pb_blurb_container\">\n\t\t\t\t\t\t<h3 class=\"et_pb_module_header\"><span>Mobile Datenverarbeitung<\/span><\/h3>\n\t\t\t\t\t\t<div class=\"et_pb_blurb_description\"><p>Entdecken Sie unser Portfolio an Tablets und Zubeh\u00f6r f\u00fcr den mobilen Einsatz in der \u00d6l- und Gasindustrie, Petrochemie, Chemie, Pharmazie und anderen Branchen. <strong>Robuste Tablet-L\u00f6sungen<\/strong> unterst\u00fctzen mobile Mitarbeiter bei Inspektionen, Vermessungen, Wartung, Bestandsaufnahme und Materialverfolgung bis hin zu <strong>Augmented-Reality-Anwendungen<\/strong> in rauen industriellen und gef\u00e4hrlichen Umgebungen, die als Zone 1\/21, Division 1 oder Zone 2\/22, Division 2 klassifiziert sind.<\/p><\/div>\n\t\t\t\t\t<\/div>\n\t\t\t\t<\/div>\n\t\t\t<\/div><div class=\"et_pb_module et_d4_element et_pb_blurb et_pb_blurb_1 ecom_blurb  et_pb_text_align_justified  et_pb_blurb_position_left et_block_module et_pb_bg_layout_light\">\n\t\t\t\t\n\t\t\t\t\n\t\t\t\t\n\t\t\t\t\n\t\t\t\t<div class=\"et_pb_blurb_content\">\n\t\t\t\t\t<div class=\"et_pb_main_blurb_image et_pb_css_mix_blend_mode\"><span class=\"et_pb_image_wrap et_pb_only_image_mode_wrap\"><img loading=\"lazy\" decoding=\"async\" width=\"161\" height=\"161\" src=\"https:\/\/www.touchguard.eu\/wp-content\/uploads\/2024\/12\/EC_JS_20241017_03_smart-ex_03_dz1_smartphone_300x300_px_rdax_161x161_100.png\" alt=\"\" class=\"et-waypoint et_pb_animation_top et_pb_animation_top_tablet et_pb_animation_top_phone wp-image-227194\" title=\"\"><\/span><\/div>\n\t\t\t\t\t<div class=\"et_pb_blurb_container\">\n\t\t\t\t\t\t<h3 class=\"et_pb_module_header\"><span>Kommunikation<\/span><\/h3>\n\t\t\t\t\t\t<div class=\"et_pb_blurb_description\"><p>Ob f\u00fcr die <strong>freih\u00e4ndige Kommunikation und Zusammenarbeit<\/strong> im industriellen Umfeld oder in explosionsgef\u00e4hrdeten Umgebungen, die Marke ecom von Pepperl+Fuchs bietet eine Reihe von industriellen und eigensicheren mobilen Ger\u00e4ten wie <strong>klassische Telefone und Smartphones<\/strong>. Sie machen Arbeitsprozesse sicherer und effizienter. Erg\u00e4nzt wird das Angebot durch ein <strong>Portfolio an weiterem Zubeh\u00f6r<\/strong>.  <\/p><\/div>\n\t\t\t\t\t<\/div>\n\t\t\t\t<\/div>\n\t\t\t<\/div><div class=\"et_pb_module et_d4_element et_pb_blurb et_pb_blurb_2 ecom_blurb  et_pb_text_align_justified  et_pb_blurb_position_left et_block_module et_pb_bg_layout_light\">\n\t\t\t\t\n\t\t\t\t\n\t\t\t\t\n\t\t\t\t\n\t\t\t\t<div class=\"et_pb_blurb_content\">\n\t\t\t\t\t<div class=\"et_pb_main_blurb_image et_pb_css_mix_blend_mode\"><span class=\"et_pb_image_wrap et_pb_only_image_mode_wrap\"><img loading=\"lazy\" decoding=\"async\" width=\"161\" height=\"161\" src=\"https:\/\/www.touchguard.eu\/wp-content\/uploads\/2024\/12\/EC_CM_20231017_ecom_headset_200px_rdax_161x161_100.png\" alt=\"\" class=\"et-waypoint et_pb_animation_top et_pb_animation_top_tablet et_pb_animation_top_phone wp-image-227193\" title=\"\"><\/span><\/div>\n\t\t\t\t\t<div class=\"et_pb_blurb_container\">\n\t\t\t\t\t\t<h3 class=\"et_pb_module_header\"><span>Peripherieger\u00e4te<\/span><\/h3>\n\t\t\t\t\t\t<div class=\"et_pb_blurb_description\"><p>Verschiedene Peripherieger\u00e4te wie eigensichere Kamerasysteme, abgesetzte Lautsprechermikrofone, drahtlose Headsets, Barcode-Scanner, RFID-Leseger\u00e4te und Bluetooth-Beacons runden das vielf\u00e4ltige Portfolio ab.<\/p><\/div>\n\t\t\t\t\t<\/div>\n\t\t\t\t<\/div>\n\t\t\t<\/div><div class=\"et_pb_module et_d4_element et_pb_blurb et_pb_blurb_3 ecom_blurb  et_pb_text_align_justified  et_pb_blurb_position_left et_block_module et_pb_bg_layout_light\">\n\t\t\t\t\n\t\t\t\t\n\t\t\t\t\n\t\t\t\t\n\t\t\t\t<div class=\"et_pb_blurb_content\">\n\t\t\t\t\t<div class=\"et_pb_main_blurb_image et_pb_css_mix_blend_mode\"><span class=\"et_pb_image_wrap et_pb_only_image_mode_wrap\"><img loading=\"lazy\" decoding=\"async\" width=\"161\" height=\"161\" src=\"https:\/\/www.touchguard.eu\/wp-content\/uploads\/2024\/12\/EC_JS_20200421_01_measurement_calibration_square_rdax_161x161_100.png\" alt=\"\" class=\"et-waypoint et_pb_animation_top et_pb_animation_top_tablet et_pb_animation_top_phone wp-image-227192\" title=\"\"><\/span><\/div>\n\t\t\t\t\t<div class=\"et_pb_blurb_container\">\n\t\t\t\t\t\t<h3 class=\"et_pb_module_header\"><span>Messung und Kalibrierung<\/span><\/h3>\n\t\t\t\t\t\t<div class=\"et_pb_blurb_description\"><p>Die Mess- und Kalibriertechnik ist seit jeher ein fester Bestandteil des Pepperl+Fuchs Portfolios an eigensicheren und explosionsgesch\u00fctzten mobilen Ger\u00e4ten von ecom. Diese Ger\u00e4te erm\u00f6glichen es mobilen Mitarbeitern <strong>, Messungen und Pr\u00fcfungen schneller und effizienter<\/strong> <strong>vor<\/strong> <strong>Ort durchzuf\u00fchren<\/strong>. <\/p><\/div>\n\t\t\t\t\t<\/div>\n\t\t\t\t<\/div>\n\t\t\t<\/div>\n\t\t\t<\/div>\n\t\t\t\t\n\t\t\t\t\n\t\t\t\t\n\t\t\t\t\n\t\t\t<\/div>\n\t\t\t\t\n\t\t\t\t\n\t\t\t<\/div>\n","protected":false},"excerpt":{"rendered":"<p>Handys und Tablets f\u00fcr Gefahrenbereiche<\/p>\n","protected":false},"author":1,"featured_media":228832,"parent":0,"menu_order":0,"comment_status":"closed","ping_status":"closed","template":"","meta":{"_acf_changed":false,"_et_pb_use_builder":"on","_et_pb_old_content":"","_et_gb_content_width":"","footnotes":""},"tags":[141],"class_list":["post-228828","page","type-page","status-publish","has-post-thumbnail","hentry","tag-zubehor"],"acf":[],"_links":{"self":[{"href":"https:\/\/www.touchguard.eu\/de\/wp-json\/wp\/v2\/pages\/228828","targetHints":{"allow":["GET"]}}],"collection":[{"href":"https:\/\/www.touchguard.eu\/de\/wp-json\/wp\/v2\/pages"}],"about":[{"href":"https:\/\/www.touchguard.eu\/de\/wp-json\/wp\/v2\/types\/page"}],"author":[{"embeddable":true,"href":"https:\/\/www.touchguard.eu\/de\/wp-json\/wp\/v2\/users\/1"}],"replies":[{"embeddable":true,"href":"https:\/\/www.touchguard.eu\/de\/wp-json\/wp\/v2\/comments?post=228828"}],"version-history":[{"count":1,"href":"https:\/\/www.touchguard.eu\/de\/wp-json\/wp\/v2\/pages\/228828\/revisions"}],"predecessor-version":[{"id":231316,"href":"https:\/\/www.touchguard.eu\/de\/wp-json\/wp\/v2\/pages\/228828\/revisions\/231316"}],"wp:featuredmedia":[{"embeddable":true,"href":"https:\/\/www.touchguard.eu\/de\/wp-json\/wp\/v2\/media\/228832"}],"wp:attachment":[{"href":"https:\/\/www.touchguard.eu\/de\/wp-json\/wp\/v2\/media?parent=228828"}],"wp:term":[{"taxonomy":"post_tag","embeddable":true,"href":"https:\/\/www.touchguard.eu\/de\/wp-json\/wp\/v2\/tags?post=228828"}],"curies":[{"name":"wp","href":"https:\/\/api.w.org\/{rel}","templated":true}]}}