{"id":228829,"date":"2024-11-26T13:40:43","date_gmt":"2024-11-26T12:40:43","guid":{"rendered":"https:\/\/www.touchguard.eu\/ruggear\/"},"modified":"2025-04-16T09:43:10","modified_gmt":"2025-04-16T07:43:10","slug":"ruggear","status":"publish","type":"page","link":"https:\/\/www.touchguard.eu\/de\/ruggear\/","title":{"rendered":"Ruggear"},"content":{"rendered":"<p>[et_pb_section fb_built=&#8221;1&#8243; _builder_version=&#8221;4.27.4&#8243; _module_preset=&#8221;default&#8221; background_color=&#8221;#FFFFFF&#8221; custom_margin=&#8221;46px||0px||false|false&#8221; custom_padding=&#8221;0px||0px||true|false&#8221; global_colors_info=&#8221;{}&#8221;][et_pb_row _builder_version=&#8221;4.27.4&#8243; _module_preset=&#8221;default&#8221; width=&#8221;100%&#8221; max_width=&#8221;3440px&#8221; height=&#8221;600px&#8221; max_height=&#8221;600px&#8221; custom_margin=&#8221;0px||0px||true|false&#8221; custom_padding=&#8221;0px||0px||true|false&#8221; global_colors_info=&#8221;{}&#8221;][et_pb_column type=&#8221;4_4&#8243; _builder_version=&#8221;4.27.4&#8243; _module_preset=&#8221;default&#8221; global_colors_info=&#8221;{}&#8221;][et_pb_slider show_arrows=&#8221;off&#8221; show_pagination=&#8221;off&#8221; use_bg_overlay=&#8221;on&#8221; use_text_overlay=&#8221;off&#8221; _builder_version=&#8221;4.27.4&#8243; _module_preset=&#8221;default&#8221; header_level=&#8221;h3&#8243; header_font=&#8221;|700|||||||&#8221; width=&#8221;100%&#8221; max_width=&#8221;3440%&#8221; height=&#8221;600px&#8221; custom_margin=&#8221;0px||||false|false&#8221; custom_padding=&#8221;200px||||false|false&#8221; link_option_url=&#8221;https:\/\/ruggshop.eu&#8221; link_option_url_new_window=&#8221;on&#8221; hover_enabled=&#8221;0&#8243; custom_css_slide_button=&#8221;margin-top: 50px;&#8221; global_colors_info=&#8221;{}&#8221; custom_padding_last_edited=&#8221;on|phone&#8221; sticky_enabled=&#8221;0&#8243; custom_padding_phone=&#8221;40px||||false|false&#8221; height_last_edited=&#8221;on|phone&#8221; header_font_size_last_edited=&#8221;off|phone&#8221; custom_padding_tablet=&#8221;200px||||false|false&#8221; height_tablet=&#8221;600px&#8221; height_phone=&#8221;600px&#8221;][et_pb_slide heading=&#8221;Profesion\u00e1ln\u00ed mobiln\u00ed za\u0159\u00edzen\u00ed&#8221; button_text=&#8221;V\u00edce informac\u00ed&#8221; button_link=&#8221;https:\/\/ruggshop.eu&#8221; url_new_window=&#8221;on&#8221; use_bg_overlay=&#8221;on&#8221; bg_overlay_color=&#8221;rgba(23,27,37,0.72)&#8221; use_text_overlay=&#8221;off&#8221; _builder_version=&#8221;4.27.4&#8243; _module_preset=&#8221;default&#8221; header_level=&#8221;h3&#8243; background_enable_color=&#8221;off&#8221; background_image=&#8221;https:\/\/www.touchguard.eu\/wp-content\/uploads\/2024\/12\/csm_web_head_fireworkers_2_cdd33d8567.png&#8221; background_enable_image=&#8221;on&#8221; custom_button=&#8221;on&#8221; button_bg_color=&#8221;#f7a900&#8243; button_font=&#8221;|700|||||||&#8221; hover_enabled=&#8221;0&#8243; global_colors_info=&#8221;{}&#8221; sticky_transition=&#8221;on&#8221; header_font_size_last_edited=&#8221;on|phone&#8221; sticky_enabled=&#8221;0&#8243; header_font_size_phone=&#8221;36px&#8221;]<\/p>\n<p>F\u00fcr die Industrie und <strong>unternehmenskritische<\/strong> Kommunikation. Wir sind der offizielle Ruggear-H\u00e4ndler f\u00fcr die Tschechische Republik, die Slowakei, Polen, Ungarn und Bulgarien. <\/p>\n<p>[\/et_pb_slide][\/et_pb_slider][et_pb_text _builder_version=&#8221;4.27.4&#8243; _module_preset=&#8221;default&#8221; header_4_font=&#8221;|700|||||||&#8221; header_4_text_align=&#8221;center&#8221; header_4_text_color=&#8221;#0A0A0A&#8221; header_4_font_size=&#8221;25px&#8221; header_5_font=&#8221;|700|||||||&#8221; header_5_text_align=&#8221;center&#8221; header_5_text_color=&#8221;#0A0A0A&#8221; header_5_font_size=&#8221;25px&#8221; header_5_text_shadow_style=&#8221;preset3&#8243; header_5_text_shadow_color=&#8221;#FFFFFF&#8221; global_colors_info=&#8221;{}&#8221;]<\/p>\n<h5>Robuste Telefone und Tablets<\/h5>\n<p>[\/et_pb_text][\/et_pb_column][\/et_pb_row][et_pb_row use_custom_gutter=&#8221;on&#8221; make_equal=&#8221;on&#8221; _builder_version=&#8221;4.27.4&#8243; _module_preset=&#8221;default&#8221; background_color=&#8221;#FFFFFF&#8221; width=&#8221;100%&#8221; max_width=&#8221;3440px&#8221; module_alignment=&#8221;center&#8221; custom_margin=&#8221;49px|auto|49px|auto|true|false&#8221; custom_padding=&#8221;30px||10px||false|false&#8221; global_colors_info=&#8221;{}&#8221;][et_pb_column type=&#8221;4_4&#8243; _builder_version=&#8221;4.27.4&#8243; _module_preset=&#8221;default&#8221; global_colors_info=&#8221;{}&#8221;][torq_carousel is_variable_width=&#8221;on&#8221; nav_color=&#8221;#FFFFFF&#8221; nav_bg=&#8221;#171B25&#8243; _builder_version=&#8221;4.27.4&#8243; _module_preset=&#8221;default&#8221; text_orientation=&#8221;center&#8221; link_option_url_new_window=&#8221;on&#8221; global_colors_info=&#8221;{}&#8221;][torq_carousel_child photo=&#8221;https:\/\/www.touchguard.eu\/wp-content\/uploads\/2024\/12\/csm_rg360_web_62488c24f4.png&#8221; title=&#8221;Ruggear RG360&#8243; sub_title=&#8221;Kompaktn\u00ed telefon na poch\u016fzky&#8221; content_alignment=&#8221;center&#8221; _builder_version=&#8221;4.27.4&#8243; title_font=&#8221;|700|||||||&#8221; title_text_color=&#8221;#0A0A0A&#8221; subtitle_font=&#8221;||||||||&#8221; subtitle_text_color=&#8221;#0A0A0A&#8221; subtitle_line_height=&#8221;2em&#8221; custom_padding=&#8221;||||false|false&#8221; link_option_url_new_window=&#8221;on&#8221; global_colors_info=&#8221;{}&#8221;][\/torq_carousel_child][torq_carousel_child photo=&#8221;https:\/\/www.touchguard.eu\/wp-content\/uploads\/2024\/12\/csm_RG440-front-view_1642d80b6e.png&#8221; title=&#8221;Ruggear RG440&#8243; sub_title=&#8221;Body kamera a PTT v jednom&#8221; content_alignment=&#8221;center&#8221; _builder_version=&#8221;4.27.4&#8243; title_font=&#8221;|700|||||||&#8221; title_text_color=&#8221;#0A0A0A&#8221; subtitle_text_color=&#8221;#0A0A0A&#8221; subtitle_line_height=&#8221;2em&#8221; custom_padding=&#8221;||||false|false&#8221; link_option_url_new_window=&#8221;on&#8221; global_colors_info=&#8221;{}&#8221;][\/torq_carousel_child][torq_carousel_child photo=&#8221;https:\/\/www.touchguard.eu\/wp-content\/uploads\/2024\/12\/csm_rg_540_no_shadow_c180b1d5e5.png&#8221; title=&#8221;Ruggear RG540&#8243; sub_title=&#8221;Pro osamocen\u00e9 pracovn\u00edky a Push-to-Talk&#8221; content_alignment=&#8221;center&#8221; _builder_version=&#8221;4.27.4&#8243; title_font=&#8221;|700|||||||&#8221; title_text_color=&#8221;#0A0A0A&#8221; title_line_height=&#8221;1em&#8221; subtitle_text_color=&#8221;#0A0A0A&#8221; subtitle_line_height=&#8221;2em&#8221; custom_padding=&#8221;||||false|false&#8221; link_option_url_new_window=&#8221;on&#8221; global_colors_info=&#8221;{}&#8221;][\/torq_carousel_child][torq_carousel_child photo=&#8221;https:\/\/www.touchguard.eu\/wp-content\/uploads\/2024\/12\/csm_rg725_front_web_ae336bd262.png&#8221; title=&#8221;Ruggear RG725&#8243; sub_title=&#8221;Pro osamocen\u00e9 pracovn\u00edky a Push-to-Talk&#8221; content_alignment=&#8221;center&#8221; _builder_version=&#8221;4.27.4&#8243; title_font=&#8221;|700|||||||&#8221; title_text_color=&#8221;#0A0A0A&#8221; title_line_height=&#8221;1em&#8221; subtitle_text_color=&#8221;#0A0A0A&#8221; subtitle_line_height=&#8221;2em&#8221; custom_padding=&#8221;||||false|false&#8221; link_option_url_new_window=&#8221;on&#8221; global_colors_info=&#8221;{}&#8221;][\/torq_carousel_child][torq_carousel_child photo=&#8221;https:\/\/www.touchguard.eu\/wp-content\/uploads\/2024\/12\/csm_RG880-front-view_52af711f52.png&#8221; title=&#8221;Ruggear RG880i&#8221; sub_title=&#8221;V\u00fdkonn\u00fd a odoln\u00fd&#8221; content_alignment=&#8221;center&#8221; content_padding=&#8221;||||false|false&#8221; _builder_version=&#8221;4.27.4&#8243; title_font=&#8221;|700|||||||&#8221; title_text_color=&#8221;#0A0A0A&#8221; subtitle_text_color=&#8221;#0A0A0A&#8221; subtitle_letter_spacing=&#8221;0px&#8221; subtitle_line_height=&#8221;2em&#8221; custom_padding=&#8221;||||false|false&#8221; link_option_url_new_window=&#8221;on&#8221; global_colors_info=&#8221;{}&#8221;][\/torq_carousel_child][torq_carousel_child photo=&#8221;https:\/\/www.touchguard.eu\/wp-content\/uploads\/2024\/12\/csm_rg_935_web_3_senza_ombra_2b633b1336.png&#8221; title=&#8221;Ruggear RG935&#8243; sub_title=&#8221;Tablet s v\u00fdm\u011bnn\u00fdmi bateriemi&#8221; content_alignment=&#8221;center&#8221; content_padding=&#8221;||||false|false&#8221; _builder_version=&#8221;4.27.4&#8243; title_font=&#8221;|700|||||||&#8221; title_text_color=&#8221;#0A0A0A&#8221; subtitle_text_color=&#8221;#0A0A0A&#8221; subtitle_letter_spacing=&#8221;0px&#8221; subtitle_line_height=&#8221;2em&#8221; custom_padding=&#8221;||||false|false&#8221; link_option_url_new_window=&#8221;on&#8221; global_colors_info=&#8221;{}&#8221;][\/torq_carousel_child][\/torq_carousel][\/et_pb_column][\/et_pb_row][et_pb_row _builder_version=&#8221;4.27.4&#8243; _module_preset=&#8221;default&#8221; width=&#8221;100%&#8221; max_width=&#8221;3440px&#8221; height=&#8221;600px&#8221; custom_margin=&#8221;0px||0px||true|false&#8221; custom_padding=&#8221;0px||0px||true|false&#8221; hover_enabled=&#8221;0&#8243; global_colors_info=&#8221;{}&#8221; height_last_edited=&#8221;on|phone&#8221; sticky_enabled=&#8221;0&#8243; height_tablet=&#8221;600px&#8221; height_phone=&#8221;600px&#8221;][et_pb_column type=&#8221;4_4&#8243; _builder_version=&#8221;4.27.4&#8243; _module_preset=&#8221;default&#8221; global_colors_info=&#8221;{}&#8221;][et_pb_slider show_arrows=&#8221;off&#8221; show_pagination=&#8221;off&#8221; use_bg_overlay=&#8221;on&#8221; use_text_overlay=&#8221;off&#8221; _builder_version=&#8221;4.27.4&#8243; _module_preset=&#8221;default&#8221; header_level=&#8221;h3&#8243; header_font=&#8221;|700|||||||&#8221; width=&#8221;100%&#8221; max_width=&#8221;3440%&#8221; height=&#8221;600px&#8221; custom_padding=&#8221;200px||||false|false&#8221; hover_enabled=&#8221;0&#8243; custom_css_slide_button=&#8221;margin-top: 50px;&#8221; global_colors_info=&#8221;{}&#8221; height_last_edited=&#8221;on|phone&#8221; sticky_enabled=&#8221;0&#8243; custom_padding_last_edited=&#8221;on|phone&#8221; custom_padding_phone=&#8221;40px||||false|false&#8221; header_font_size=&#8221;47px&#8221; header_font_size_last_edited=&#8221;on|desktop&#8221; header_font_size_phone=&#8221;36px&#8221; height_tablet=&#8221;600px&#8221; height_phone=&#8221;600px&#8221; custom_padding_tablet=&#8221;200px||||false|false&#8221; header_font_size_tablet=&#8221;47px&#8221;][et_pb_slide heading=&#8221;Co odli\u0161uje telefony Ruggear od ostatn\u00edch?&#8221; button_text=&#8221;V\u00edce informac\u00ed&#8221; button_link=&#8221;https:\/\/ruggshop.eu&#8221; url_new_window=&#8221;on&#8221; use_text_overlay=&#8221;off&#8221; _builder_version=&#8221;4.27.4&#8243; _module_preset=&#8221;default&#8221; background_enable_color=&#8221;off&#8221; background_image=&#8221;https:\/\/www.touchguard.eu\/wp-content\/uploads\/2024\/12\/csm_policeman_1f8ce9378a.png&#8221; background_enable_image=&#8221;on&#8221; custom_button=&#8221;on&#8221; button_bg_color=&#8221;#f7a900&#8243; button_font=&#8221;|700|||||||&#8221; hover_enabled=&#8221;0&#8243; global_colors_info=&#8221;{}&#8221; sticky_transition=&#8221;on&#8221; header_font_size=&#8221;46px&#8221; header_font_size_last_edited=&#8221;on|phone&#8221; sticky_enabled=&#8221;0&#8243; header_font_size_tablet=&#8221;46px&#8221; header_font_size_phone=&#8221;46px&#8221;]<\/p>\n<p>Die leistungsstarken Mobilger\u00e4te von RugGear kombinieren bew\u00e4hrte Hardware- und Kommunikationsl\u00f6sungen mit modernster Technologie \u00fcber \u00f6ffentliches oder privates Breitband via LTE-Standard. RugGear-Ger\u00e4te sind die Basis f\u00fcr eine effiziente, sichere und stabile Teamkommunikation und bieten Push-to-Talk (PTT)- sowie Mission-Critical-Push-To-Talk (MCPTT)-Funktionen. Mit kundenorientierter Produktentwicklung in Deutschland tr\u00e4gt RugGear zur Zukunft der Breitbandkommunikation bei.  <\/p>\n<p>[\/et_pb_slide][\/et_pb_slider][\/et_pb_column][\/et_pb_row][et_pb_row _builder_version=&#8221;4.27.4&#8243; _module_preset=&#8221;default&#8221; custom_padding=&#8221;60px|||||&#8221; global_colors_info=&#8221;{}&#8221;][et_pb_column type=&#8221;4_4&#8243; _builder_version=&#8221;4.27.4&#8243; _module_preset=&#8221;default&#8221; global_colors_info=&#8221;{}&#8221;][et_pb_text _builder_version=&#8221;4.27.4&#8243; _module_preset=&#8221;default&#8221; header_4_font=&#8221;|700|||||||&#8221; header_4_text_align=&#8221;center&#8221; header_4_text_color=&#8221;#0A0A0A&#8221; header_4_font_size=&#8221;25px&#8221; header_5_font=&#8221;|700|||||||&#8221; header_5_text_align=&#8221;center&#8221; header_5_text_color=&#8221;#0A0A0A&#8221; header_5_font_size=&#8221;25px&#8221; header_5_text_shadow_style=&#8221;preset3&#8243; header_5_text_shadow_color=&#8221;#FFFFFF&#8221; global_colors_info=&#8221;{}&#8221;]<\/p>\n<h5>Konzipiert f\u00fcr Fachleute<\/h5>\n<p>[\/et_pb_text][\/et_pb_column][\/et_pb_row][et_pb_row column_structure=&#8221;1_3,1_3,1_3&#8243; use_custom_gutter=&#8221;on&#8221; make_equal=&#8221;on&#8221; _builder_version=&#8221;4.27.4&#8243; _module_preset=&#8221;default&#8221; background_color=&#8221;#FFFFFF&#8221; width=&#8221;95%&#8221; max_width=&#8221;1440px&#8221; module_alignment=&#8221;center&#8221; custom_margin=&#8221;32px||32px||true|false&#8221; custom_padding=&#8221;30px||88px||false|false&#8221; global_colors_info=&#8221;{}&#8221;][et_pb_column type=&#8221;1_3&#8243; _builder_version=&#8221;4.27.4&#8243; _module_preset=&#8221;default&#8221; global_colors_info=&#8221;{}&#8221;][et_pb_blurb title=&#8221;Konzipiert f\u00fcr PTT&#8221; image=&#8221;https:\/\/www.touchguard.eu\/wp-content\/uploads\/2024\/12\/PTT.svg&#8221; icon_placement=&#8221;left&#8221; image_icon_width=&#8221;250%&#8221; module_class=&#8221;equal-1&#8243; _builder_version=&#8221;4.27.4&#8243; _module_preset=&#8221;default&#8221; header_level=&#8221;h3&#8243; header_font=&#8221;|700|||||||&#8221; header_text_color=&#8221;#0A0A0A&#8221; header_font_size=&#8221;24px&#8221; body_text_color=&#8221;#0A0A0A&#8221; body_font_size=&#8221;16px&#8221; image_icon_custom_margin=&#8221;||||false|false&#8221; image_icon_custom_padding=&#8221;||||false|false&#8221; custom_padding=&#8221;||||false|false&#8221; hover_enabled=&#8221;0&#8243; custom_css_free_form=&#8221;.et_pb_blurb_description {||  margin-left:50px;||}&#8221; custom_css_blurb_title=&#8221;margin-left: 50px;&#8221; border_color_all_image=&#8221;RGBA(255,255,255,0)&#8221; global_colors_info=&#8221;{}&#8221; border_color_all_image__hover_enabled=&#8221;off|desktop&#8221; sticky_enabled=&#8221;0&#8243;]<\/p>\n<p><span>Die RugGear-Ger\u00e4te sind f\u00fcr die PTT-Kommunikation \u00fcber das Netzwerk ausgelegt und gew\u00e4hrleisten den Informationsfluss jederzeit, selbst unter kritischsten Bedingungen.<\/span><\/p>\n<p>[\/et_pb_blurb][et_pb_blurb title=&#8221;IP68&#8243; image=&#8221;https:\/\/www.touchguard.eu\/wp-content\/uploads\/2024\/12\/Drop_IP68.svg&#8221; icon_placement=&#8221;left&#8221; image_icon_width=&#8221;250%&#8221; module_class=&#8221;equal-1&#8243; _builder_version=&#8221;4.27.4&#8243; _module_preset=&#8221;default&#8221; header_level=&#8221;h3&#8243; header_font=&#8221;|700|||||||&#8221; header_text_color=&#8221;#0A0A0A&#8221; header_font_size=&#8221;24px&#8221; body_text_color=&#8221;#0A0A0A&#8221; body_font_size=&#8221;16px&#8221; image_icon_custom_margin=&#8221;||||false|false&#8221; image_icon_custom_padding=&#8221;||||false|false&#8221; custom_padding=&#8221;||||false|false&#8221; custom_css_free_form=&#8221;.et_pb_blurb_description {||  margin-left:50px;||}&#8221; custom_css_blurb_title=&#8221;margin-left: 50px;&#8221; border_color_all_image=&#8221;RGBA(255,255,255,0)&#8221; global_colors_info=&#8221;{}&#8221; border_color_all_image__hover_enabled=&#8221;off|desktop&#8221;]<\/p>\n<p>Unsere Ger\u00e4te sind IP-gepr\u00fcft und zertifiziert und somit staub- und wasserdicht.<\/p>\n<p>[\/et_pb_blurb][et_pb_blurb title=&#8221;SOS&#8221; image=&#8221;https:\/\/www.touchguard.eu\/wp-content\/uploads\/2024\/12\/PTT.svg&#8221; icon_placement=&#8221;left&#8221; image_icon_width=&#8221;250%&#8221; module_class=&#8221;equal-1&#8243; _builder_version=&#8221;4.27.4&#8243; _module_preset=&#8221;default&#8221; header_level=&#8221;h3&#8243; header_font=&#8221;|700|||||||&#8221; header_text_color=&#8221;#0A0A0A&#8221; header_font_size=&#8221;24px&#8221; body_text_color=&#8221;#0A0A0A&#8221; body_font_size=&#8221;16px&#8221; image_icon_custom_margin=&#8221;||||false|false&#8221; image_icon_custom_padding=&#8221;||||false|false&#8221; custom_padding=&#8221;||||false|false&#8221; custom_css_free_form=&#8221;.et_pb_blurb_description {||  margin-left:50px;||}&#8221; custom_css_blurb_title=&#8221;margin-left: 50px;&#8221; border_color_all_image=&#8221;RGBA(255,255,255,0)&#8221; global_colors_info=&#8221;{}&#8221; border_color_all_image__hover_enabled=&#8221;off|desktop&#8221;]<\/p>\n<p>F\u00fcr schnelle Hilfe in Notsituationen sind unsere Ger\u00e4te mit einer leicht zug\u00e4nglichen roten SOS-Taste ausgestattet.<\/p>\n<p>[\/et_pb_blurb][\/et_pb_column][et_pb_column type=&#8221;1_3&#8243; _builder_version=&#8221;4.27.4&#8243; _module_preset=&#8221;default&#8221; global_colors_info=&#8221;{}&#8221;][et_pb_blurb title=&#8221;Langlebige Batterie&#8221; image=&#8221;https:\/\/www.touchguard.eu\/wp-content\/uploads\/2024\/12\/Battery.svg&#8221; icon_placement=&#8221;left&#8221; image_icon_width=&#8221;250%&#8221; module_class=&#8221;equal-1&#8243; _builder_version=&#8221;4.27.4&#8243; _module_preset=&#8221;default&#8221; header_level=&#8221;h3&#8243; header_font=&#8221;|700|||||||&#8221; header_text_color=&#8221;#0A0A0A&#8221; header_font_size=&#8221;24px&#8221; body_text_color=&#8221;#0A0A0A&#8221; body_font_size=&#8221;16px&#8221; image_icon_custom_margin=&#8221;||||false|false&#8221; image_icon_custom_padding=&#8221;||||false|false&#8221; custom_padding=&#8221;||||false|false&#8221; custom_css_free_form=&#8221;.et_pb_blurb_description {||  margin-left:50px;||}&#8221; custom_css_blurb_title=&#8221;margin-left: 50px;&#8221; border_color_all_image=&#8221;RGBA(255,255,255,0)&#8221; global_colors_info=&#8221;{}&#8221; border_color_all_image__hover_enabled=&#8221;off|desktop&#8221;]<\/p>\n<p>Unsere Batterien sind so optimiert, dass sie lange Schichten \u00fcberstehen und unter allen Bedingungen eine zuverl\u00e4ssige Kommunikation gew\u00e4hrleisten.<\/p>\n<p>[\/et_pb_blurb][et_pb_blurb title=&#8221;Betriebsbereich&#8221; image=&#8221;https:\/\/www.touchguard.eu\/wp-content\/uploads\/2024\/12\/Temp_range.svg&#8221; icon_placement=&#8221;left&#8221; image_icon_width=&#8221;250%&#8221; module_class=&#8221;equal-1&#8243; _builder_version=&#8221;4.27.4&#8243; _module_preset=&#8221;default&#8221; header_level=&#8221;h3&#8243; header_font=&#8221;|700|||||||&#8221; header_text_color=&#8221;#0A0A0A&#8221; header_font_size=&#8221;24px&#8221; body_text_color=&#8221;#0A0A0A&#8221; body_font_size=&#8221;16px&#8221; image_icon_custom_margin=&#8221;||||false|false&#8221; image_icon_custom_padding=&#8221;||||false|false&#8221; custom_padding=&#8221;||||false|false&#8221; custom_css_free_form=&#8221;.et_pb_blurb_description {||  margin-left:50px;||}&#8221; custom_css_blurb_title=&#8221;margin-left: 50px;&#8221; border_color_all_image=&#8221;RGBA(255,255,255,0)&#8221; global_colors_info=&#8221;{}&#8221; border_color_all_image__hover_enabled=&#8221;off|desktop&#8221;]<\/p>\n<p>RugGear kann unter den extremsten Bedingungen mit Temperaturen von -10\u00b0C bis +50\u00b0C betrieben werden.<\/p>\n<p>[\/et_pb_blurb][et_pb_blurb title=&#8221;Pr\u00e4zise Positionierung&#8221; image=&#8221;https:\/\/www.touchguard.eu\/wp-content\/uploads\/2024\/12\/GPS.svg&#8221; icon_placement=&#8221;left&#8221; image_icon_width=&#8221;250%&#8221; module_class=&#8221;equal-1&#8243; _builder_version=&#8221;4.27.4&#8243; _module_preset=&#8221;default&#8221; header_level=&#8221;h3&#8243; header_font=&#8221;|700|||||||&#8221; header_text_color=&#8221;#0A0A0A&#8221; header_font_size=&#8221;24px&#8221; body_text_color=&#8221;#0A0A0A&#8221; body_font_size=&#8221;16px&#8221; image_icon_custom_margin=&#8221;||||false|false&#8221; image_icon_custom_padding=&#8221;||||false|false&#8221; custom_padding=&#8221;||||false|false&#8221; custom_css_free_form=&#8221;.et_pb_blurb_description {||  margin-left:50px;||}&#8221; custom_css_blurb_title=&#8221;margin-left: 50px;&#8221; border_color_all_image=&#8221;RGBA(255,255,255,0)&#8221; global_colors_info=&#8221;{}&#8221; border_color_all_image__hover_enabled=&#8221;off|desktop&#8221;]<\/p>\n<p>Die Smartphones und Tablets von RugGear sind mit GPS \/ A-GPS \/ Glonass \/ Galileo \/ Beidou ausgestattet, um eine genaue Positionsbestimmung in allen Teilen der Welt zu gew\u00e4hrleisten.<\/p>\n<p>[\/et_pb_blurb][\/et_pb_column][et_pb_column type=&#8221;1_3&#8243; _builder_version=&#8221;4.27.4&#8243; _module_preset=&#8221;default&#8221; global_colors_info=&#8221;{}&#8221;][et_pb_blurb title=&#8221;Entspricht milit\u00e4rischem Standard&#8221; image=&#8221;https:\/\/www.touchguard.eu\/wp-content\/uploads\/2024\/12\/MIL-STD-810H.svg&#8221; icon_placement=&#8221;left&#8221; image_icon_width=&#8221;250%&#8221; module_class=&#8221;equal-1&#8243; _builder_version=&#8221;4.27.4&#8243; _module_preset=&#8221;default&#8221; header_level=&#8221;h3&#8243; header_font=&#8221;|700|||||||&#8221; header_text_color=&#8221;#0A0A0A&#8221; header_font_size=&#8221;24px&#8221; body_text_color=&#8221;#0A0A0A&#8221; body_font_size=&#8221;16px&#8221; image_icon_custom_margin=&#8221;||||false|false&#8221; image_icon_custom_padding=&#8221;||||false|false&#8221; custom_padding=&#8221;||||false|false&#8221; custom_css_free_form=&#8221;.et_pb_blurb_description {||  margin-left:50px;||}&#8221; custom_css_blurb_title=&#8221;margin-left: 50px;&#8221; border_color_all_image=&#8221;RGBA(255,255,255,0)&#8221; global_colors_info=&#8221;{}&#8221; border_color_all_image__hover_enabled=&#8221;off|desktop&#8221;]<\/p>\n<p>Die nach dieser Norm gepr\u00fcften Ger\u00e4te halten einem breiten Spektrum von Umweltbedingungen stand.<\/p>\n<p>[\/et_pb_blurb][et_pb_blurb title=&#8221;Leistungsstarker Lautsprecher&#8221; image=&#8221;https:\/\/www.touchguard.eu\/wp-content\/uploads\/2024\/12\/Speaker.svg&#8221; icon_placement=&#8221;left&#8221; image_icon_width=&#8221;250%&#8221; module_class=&#8221;equal-1&#8243; _builder_version=&#8221;4.27.4&#8243; _module_preset=&#8221;default&#8221; header_level=&#8221;h3&#8243; header_font=&#8221;|700|||||||&#8221; header_text_color=&#8221;#0A0A0A&#8221; header_font_size=&#8221;24px&#8221; body_text_color=&#8221;#0A0A0A&#8221; body_font_size=&#8221;16px&#8221; image_icon_custom_margin=&#8221;||||false|false&#8221; image_icon_custom_padding=&#8221;||||false|false&#8221; custom_padding=&#8221;||||false|false&#8221; custom_css_free_form=&#8221;.et_pb_blurb_description {||  margin-left:50px;||}&#8221; custom_css_blurb_title=&#8221;margin-left: 50px;&#8221; border_color_all_image=&#8221;RGBA(255,255,255,0)&#8221; global_colors_info=&#8221;{}&#8221; border_color_all_image__hover_enabled=&#8221;off|desktop&#8221;]<\/p>\n<p>Die Lautsprecher sind so konzipiert, dass sie mit einer Ausgangsleistung von bis zu 105 dB eine effektive Kommunikation auch in den niedrigsten Umgebungen erm\u00f6glichen.<\/p>\n<p>[\/et_pb_blurb][et_pb_blurb title=&#8221;Bedienung mit der nassen Hand&#8221; image=&#8221;https:\/\/www.touchguard.eu\/wp-content\/uploads\/2024\/12\/Wet_hand_use.svg&#8221; icon_placement=&#8221;left&#8221; image_icon_width=&#8221;250%&#8221; module_class=&#8221;equal-1&#8243; _builder_version=&#8221;4.27.4&#8243; _module_preset=&#8221;default&#8221; header_level=&#8221;h3&#8243; header_font=&#8221;|700|||||||&#8221; header_text_color=&#8221;#0A0A0A&#8221; header_font_size=&#8221;24px&#8221; body_text_color=&#8221;#0A0A0A&#8221; body_font_size=&#8221;16px&#8221; image_icon_custom_margin=&#8221;||||false|false&#8221; image_icon_custom_padding=&#8221;||||false|false&#8221; custom_padding=&#8221;||||false|false&#8221; custom_css_free_form=&#8221;.et_pb_blurb_description {||  margin-left:50px;||}&#8221; custom_css_blurb_title=&#8221;margin-left: 50px;&#8221; border_color_all_image=&#8221;RGBA(255,255,255,0)&#8221; global_colors_info=&#8221;{}&#8221; border_color_all_image__hover_enabled=&#8221;off|desktop&#8221;]<\/p>\n<p>Dank der hochwertigen Bildschirme k\u00f6nnen die ruggear-Ger\u00e4te auch mit nassen H\u00e4nden oder Handschuhen bedient werden.<\/p>\n<p>[\/et_pb_blurb][\/et_pb_column][\/et_pb_row][\/et_pb_section]<\/p>\n","protected":false},"excerpt":{"rendered":"<p>Robuste Telefone und Tablets f\u00fcr die Industrie  <\/p>\n","protected":false},"author":1,"featured_media":228830,"parent":0,"menu_order":0,"comment_status":"closed","ping_status":"closed","template":"","meta":{"_acf_changed":false,"_et_pb_use_builder":"on","_et_pb_old_content":"","_et_gb_content_width":"","footnotes":""},"tags":[141],"class_list":["post-228829","page","type-page","status-publish","has-post-thumbnail","hentry","tag-zubehor"],"acf":[],"_links":{"self":[{"href":"https:\/\/www.touchguard.eu\/de\/wp-json\/wp\/v2\/pages\/228829","targetHints":{"allow":["GET"]}}],"collection":[{"href":"https:\/\/www.touchguard.eu\/de\/wp-json\/wp\/v2\/pages"}],"about":[{"href":"https:\/\/www.touchguard.eu\/de\/wp-json\/wp\/v2\/types\/page"}],"author":[{"embeddable":true,"href":"https:\/\/www.touchguard.eu\/de\/wp-json\/wp\/v2\/users\/1"}],"replies":[{"embeddable":true,"href":"https:\/\/www.touchguard.eu\/de\/wp-json\/wp\/v2\/comments?post=228829"}],"version-history":[{"count":1,"href":"https:\/\/www.touchguard.eu\/de\/wp-json\/wp\/v2\/pages\/228829\/revisions"}],"predecessor-version":[{"id":230850,"href":"https:\/\/www.touchguard.eu\/de\/wp-json\/wp\/v2\/pages\/228829\/revisions\/230850"}],"wp:featuredmedia":[{"embeddable":true,"href":"https:\/\/www.touchguard.eu\/de\/wp-json\/wp\/v2\/media\/228830"}],"wp:attachment":[{"href":"https:\/\/www.touchguard.eu\/de\/wp-json\/wp\/v2\/media?parent=228829"}],"wp:term":[{"taxonomy":"post_tag","embeddable":true,"href":"https:\/\/www.touchguard.eu\/de\/wp-json\/wp\/v2\/tags?post=228829"}],"curies":[{"name":"wp","href":"https:\/\/api.w.org\/{rel}","templated":true}]}}