{"id":229688,"date":"2024-11-18T08:34:18","date_gmt":"2024-11-18T07:34:18","guid":{"rendered":"https:\/\/www.touchguard.eu\/schutz-von-alleinarbeitern-in-uhren\/"},"modified":"2025-03-30T11:41:23","modified_gmt":"2025-03-30T09:41:23","slug":"schutz-von-alleinarbeitern-in-uhren","status":"publish","type":"page","link":"https:\/\/www.touchguard.eu\/de\/schutz-von-alleinarbeitern-in-uhren\/","title":{"rendered":"Schutz von Alleinarbeitern in Uhren"},"content":{"rendered":"<p>[et_pb_section fb_built=&#8221;1&#8243; _builder_version=&#8221;4.27.4&#8243; _module_preset=&#8221;default&#8221; background_color=&#8221;#f4f4f4&#8243; background_image=&#8221;https:\/\/www.touchguard.eu\/wp-content\/uploads\/2025\/03\/watch2.png&#8221; background_size=&#8221;initial&#8221; background_position=&#8221;center_right&#8221; height=&#8221;800px&#8221; height_tablet=&#8221;450px&#8221; height_phone=&#8221;509px&#8221; height_last_edited=&#8221;on|phone&#8221; max_height_last_edited=&#8221;off|desktop&#8221; custom_margin=&#8221;0px||0px||false|false&#8221; custom_padding=&#8221;0px||0px||false|false&#8221; background_last_edited=&#8221;on|phone&#8221; background_image_tablet=&#8221;https:\/\/www.touchguard.eu\/wp-content\/uploads\/2025\/03\/watch2.png&#8221; background_image_phone=&#8221;https:\/\/www.touchguard.eu\/wp-content\/uploads\/2025\/03\/watch2.png&#8221; background_enable_image_tablet=&#8221;on&#8221; background_enable_image_phone=&#8221;on&#8221; background_size_tablet=&#8221;contain&#8221; background_size_phone=&#8221;contain&#8221; background_position_phone=&#8221;center_right&#8221; background_horizontal_offset_phone=&#8221;27%&#8221; global_colors_info=&#8221;{}&#8221; height__hover_enabled=&#8221;off|desktop&#8221;][et_pb_row module_class=&#8221;valign-center&#8221; _builder_version=&#8221;4.27.4&#8243; _module_preset=&#8221;default&#8221; module_alignment=&#8221;center&#8221; min_height=&#8221;100%&#8221; custom_margin=&#8221;0px||0px||false|true&#8221; custom_padding=&#8221;0px||0px||false|false&#8221; global_colors_info=&#8221;{}&#8221;][et_pb_column type=&#8221;4_4&#8243; _builder_version=&#8221;4.27.4&#8243; _module_preset=&#8221;default&#8221; global_colors_info=&#8221;{}&#8221;][et_pb_image src=&#8221;https:\/\/www.touchguard.eu\/wp-content\/uploads\/2025\/03\/TGWatchLogo.png&#8221; title_text=&#8221;TGWatchLogo&#8221; show_bottom_space=&#8221;off&#8221; disabled_on=&#8221;on|on|off&#8221; module_class=&#8221;valign-center&#8221; _builder_version=&#8221;4.27.4&#8243; _module_preset=&#8221;default&#8221; module_alignment=&#8221;center&#8221; custom_margin=&#8221;||||true|false&#8221; hover_enabled=&#8221;0&#8243; global_colors_info=&#8221;{}&#8221; sticky_enabled=&#8221;0&#8243;][\/et_pb_image][\/et_pb_column][\/et_pb_row][\/et_pb_section][et_pb_section fb_built=&#8221;1&#8243; _builder_version=&#8221;4.27.4&#8243; _module_preset=&#8221;default&#8221; custom_padding=&#8221;43px||46px|||&#8221; global_colors_info=&#8221;{}&#8221;][et_pb_row column_structure=&#8221;1_2,1_2&#8243; _builder_version=&#8221;4.27.4&#8243; _module_preset=&#8221;default&#8221; global_colors_info=&#8221;{}&#8221;][et_pb_column type=&#8221;1_2&#8243; _builder_version=&#8221;4.27.4&#8243; _module_preset=&#8221;default&#8221; global_colors_info=&#8221;{}&#8221;][et_pb_text module_class=&#8221;valign-center&#8221; _builder_version=&#8221;4.27.4&#8243; text_font=&#8221;||||||||&#8221; text_text_color=&#8221;#31394C&#8221; text_font_size=&#8221;16px&#8221; text_line_height=&#8221;1.9em&#8221; header_font=&#8221;||||||||&#8221; header_3_font=&#8221;|900|||||||&#8221; header_3_text_color=&#8221;#FFFFFF&#8221; header_3_font_size=&#8221;35px&#8221; header_3_line_height=&#8221;1.5em&#8221; header_4_font=&#8221;|700||on|||||&#8221; header_4_text_color=&#8221;rgba(12,12,12,0.27)&#8221; header_4_font_size=&#8221;13px&#8221; header_4_letter_spacing=&#8221;3px&#8221; header_4_line_height=&#8221;1.8em&#8221; text_orientation=&#8221;justified&#8221; custom_margin=&#8221;||||false|false&#8221; custom_padding=&#8221;||||false|false&#8221; text_line_height_tablet=&#8221;1.9em&#8221; text_line_height_phone=&#8221;1.6em&#8221; text_line_height_last_edited=&#8221;on|phone&#8221; header_3_font_size_tablet=&#8221;&#8221; header_3_font_size_phone=&#8221;25px&#8221; header_3_font_size_last_edited=&#8221;on|desktop&#8221; locked=&#8221;off&#8221; global_colors_info=&#8221;{}&#8221;]<\/p>\n<p>Unsere Anwendung bietet eine m\u00f6gliche L\u00f6sung f\u00fcr die Umsetzung des Gesetzes Nr. 309\/2006 Slg. \u00fcber die Gew\u00e4hrleistung anderer Bedingungen der Sicherheit und des Gesundheitsschutzes bei der Arbeit \u00a7 5 (1) (e), das die Arbeitgeber verpflichtet, die Arbeit so zu organisieren und die Arbeitsverfahren so festzulegen, dass die Grunds\u00e4tze des sicheren Verhaltens am Arbeitsplatz eingehalten werden und dass die Arbeitnehmer am Arbeitsplatz mit erh\u00f6htem Risiko nicht allein ohne Aufsicht eines anderen Arbeitnehmers arbeiten, sofern ihr Schutz nicht anderweitig gew\u00e4hrleistet ist. Die Formulierung &#8220;nicht anderweitig gew\u00e4hrleistet&#8221; \u00f6ffnet die T\u00fcr zur L\u00f6sung des Problems durch die Verwendung unserer TOUCHGUARD-Anwendung mit der Funktion Lone Worker Protection System (LWPS). Da die tschechische Gesetzgebung nicht vorschreibt, wie der Schutz zu implementieren ist, haben wir unser LWPS gem\u00e4\u00df der britischen Norm BS 8484 (Provision of lone worker services) entwickelt, die im Detail die Prozesse beschreibt, wie ein solches System funktionieren sollte.      <\/p>\n<p>[\/et_pb_text][\/et_pb_column][et_pb_column type=&#8221;1_2&#8243; _builder_version=&#8221;4.27.4&#8243; _module_preset=&#8221;default&#8221; global_colors_info=&#8221;{}&#8221;][et_pb_text module_class=&#8221;valign-center&#8221; _builder_version=&#8221;4.27.4&#8243; text_font=&#8221;||||||||&#8221; text_text_color=&#8221;#31394C&#8221; text_font_size=&#8221;16px&#8221; text_line_height=&#8221;1.9em&#8221; header_font=&#8221;||||||||&#8221; header_3_font=&#8221;|900|||||||&#8221; header_3_text_color=&#8221;#FFFFFF&#8221; header_3_font_size=&#8221;35px&#8221; header_3_line_height=&#8221;1.5em&#8221; header_4_font=&#8221;|700||on|||||&#8221; header_4_text_color=&#8221;rgba(12,12,12,0.27)&#8221; header_4_font_size=&#8221;13px&#8221; header_4_letter_spacing=&#8221;3px&#8221; header_4_line_height=&#8221;1.8em&#8221; text_orientation=&#8221;justified&#8221; custom_margin=&#8221;||||false|false&#8221; custom_padding=&#8221;||||false|false&#8221; text_line_height_tablet=&#8221;1.9em&#8221; text_line_height_phone=&#8221;1.6em&#8221; text_line_height_last_edited=&#8221;on|phone&#8221; header_3_font_size_tablet=&#8221;&#8221; header_3_font_size_phone=&#8221;25px&#8221; header_3_font_size_last_edited=&#8221;on|desktop&#8221; locked=&#8221;off&#8221; global_colors_info=&#8221;{}&#8221;]<\/p>\n<p>Um den sicheren und zuverl\u00e4ssigen Betrieb der TOUCHGUARD-App mit der Lone-Worker-Protection-Funktion auf Smartwatches zu gew\u00e4hrleisten, verwenden wir ausschlie\u00dflich Samsung Galaxy Watches zusammen mit dem Samsung Knox Manage Remote MDM-System.<\/p>\n<p>Die auf einer Smartwatch basierende TOUCHGUARD-App zum Schutz von Alleinarbeitern ist auf die \u00dcberwachung ungew\u00f6hnlicher Ereignisse ausgelegt, die automatisch einen Alarm ausl\u00f6sen, wenn sie auftreten. Es ist unbedingt erforderlich, dass der Arbeiter die Uhr mit dem Armband befestigt tr\u00e4gt. Die Uhr verf\u00fcgt au\u00dferdem \u00fcber einen SOS-Knopf, mit dem der Arbeiter im Notfall sofort selbst einen Alarm ausl\u00f6sen kann.  <\/p>\n<p>[\/et_pb_text][\/et_pb_column][\/et_pb_row][\/et_pb_section][et_pb_section fb_built=&#8221;1&#8243; admin_label=&#8221;About&#8221; _builder_version=&#8221;4.24.2&#8243; background_color=&#8221;#f5f6f9&#8243; use_background_color_gradient=&#8221;on&#8221; background_color_gradient_stops=&#8221;rgba(43,135,218,0) 0%|#021033 100%&#8221; background_color_gradient_overlays_image=&#8221;on&#8221; background_image=&#8221;https:\/\/www.touchguard.eu\/wp-content\/uploads\/2025\/02\/loneworker2-scaled-1.jpg&#8221; background_position=&#8221;top_center&#8221; custom_padding=&#8221;33px||32px|||&#8221; background_last_edited=&#8221;on|phone&#8221; background_position_phone=&#8221;top_left&#8221; background_horizontal_offset_phone=&#8221;100%&#8221; background_vertical_offset_phone=&#8221;0%&#8221; global_colors_info=&#8221;{}&#8221;][et_pb_row _builder_version=&#8221;4.27.4&#8243; width=&#8221;95%&#8221; max_width=&#8221;3440px&#8221; custom_padding=&#8221;18px||5px|||&#8221; global_colors_info=&#8221;{}&#8221;][et_pb_column type=&#8221;4_4&#8243; _builder_version=&#8221;4.16&#8243; custom_padding=&#8221;|||&#8221; global_colors_info=&#8221;{}&#8221; custom_padding__hover=&#8221;|||&#8221;][et_pb_text _builder_version=&#8221;4.27.4&#8243; text_font=&#8221;||||||||&#8221; text_text_color=&#8221;#FFFFFF&#8221; header_font=&#8221;||||||||&#8221; header_2_font=&#8221;|600||on|||||&#8221; header_2_text_color=&#8221;#FFFFFF&#8221; header_2_font_size=&#8221;16px&#8221; header_2_letter_spacing=&#8221;3px&#8221; header_2_line_height=&#8221;1.8em&#8221; header_3_font=&#8221;||||||||&#8221; text_orientation=&#8221;center&#8221; global_colors_info=&#8221;{}&#8221;]<\/p>\n<h2>Schutz von isolierten Arbeitnehmern \/ Lone Worker<\/h2>\n<p>[\/et_pb_text][et_pb_text admin_label=&#8221;Text&#8221; _builder_version=&#8221;4.27.4&#8243; header_2_font=&#8221;|700|||||||&#8221; header_2_text_color=&#8221;#FFFFFF&#8221; header_2_font_size=&#8221;33px&#8221; header_3_font=&#8221;|700|||||||&#8221; header_3_text_color=&#8221;#FFFFFF&#8221; header_3_font_size=&#8221;33px&#8221; background_size=&#8221;initial&#8221; background_position=&#8221;top_left&#8221; background_repeat=&#8221;repeat&#8221; custom_margin=&#8221;30px||30px||false|false&#8221; custom_padding=&#8221;0px||0px|40px|false|false&#8221; border_width_left=&#8221;5px&#8221; border_color_left=&#8221;#04A8D6&#8243; global_colors_info=&#8221;{}&#8221;]<\/p>\n<h3>Was \u00fcberwacht die Uhr?<\/h3>\n<p>[\/et_pb_text][\/et_pb_column][\/et_pb_row][et_pb_row column_structure=&#8221;1_2,1_2&#8243; _builder_version=&#8221;4.27.4&#8243; width=&#8221;95%&#8221; max_width=&#8221;3440px&#8221; custom_padding=&#8221;||60px|||&#8221; global_colors_info=&#8221;{}&#8221;][et_pb_column type=&#8221;1_2&#8243; _builder_version=&#8221;4.16&#8243; custom_padding=&#8221;|||&#8221; global_colors_info=&#8221;{}&#8221; custom_padding__hover=&#8221;|||&#8221;][et_pb_text _builder_version=&#8221;4.27.4&#8243; _module_preset=&#8221;default&#8221; text_text_color=&#8221;#FFFFFF&#8221; text_font_size=&#8221;18px&#8221; global_colors_info=&#8221;{}&#8221;]<\/p>\n<ul>\n<li><strong>Sturz<\/strong> &#8211; l\u00f6st einen Alarm aus, wenn die Uhr einen Sturz und anschlie\u00dfende Bewegungslosigkeit erkennt (integrierte Funktion)<\/li>\n<li><strong>Messung des Herzfrequenzniveaus<\/strong> &#8211; l\u00f6st einen Alarm aus, wenn die Herzfrequenz au\u00dferhalb der eingestellten Grenzen liegt (z. B. unter 40 oder \u00fcber 150 bpm)<\/li>\n<li><strong>Inaktivit\u00e4t\/Immobilit\u00e4t<\/strong> &#8211; wenn sich die Uhr eine bestimmte Zeit lang nicht bewegt, gibt sie einen Alarm aus.<\/li>\n<li><strong>Abnehmen der Uhr vom Zeiger<\/strong> &#8211; Erkennen des Vorhandenseins der Uhr am Zeiger. Wenn Sie die Uhr abnehmen, wird ein Alarm ausgel\u00f6st. <\/li>\n<li><strong>SOS-Taste<\/strong> (lange auf die rote Taste dr\u00fccken)<\/li>\n<\/ul>\n<p>&nbsp;<\/p>\n<p>Diese Ereignisse lassen sich je nach Umgebung des gef\u00e4hrdeten Arbeitsplatzes frei kombinieren und f\u00fcr jedes Mobiltelefon unabh\u00e4ngig voneinander einstellen.<\/p>\n<p>Die Uhr eignet sich f\u00fcr den Einsatz, wenn der Standort des Arbeitnehmers bekannt ist (z. B. in geschlossenen Labors oder an anderen Arbeitspl\u00e4tzen) oder au\u00dferhalb von Geb\u00e4uden, wo die Lokalisierung im Falle eines Alarms durch den Erhalt von GPS-Daten erfolgt. Mit der LWPS-Funktion f\u00fcr Smartwatches gibt es aufgrund der begrenzten Batteriekapazit\u00e4t keine M\u00f6glichkeit, innerhalb des Geb\u00e4udes mit iBeacons (Bluetooth-Sendern) zu orten. <\/p>\n<p>[\/et_pb_text][\/et_pb_column][et_pb_column type=&#8221;1_2&#8243; _builder_version=&#8221;4.16&#8243; custom_padding=&#8221;|||&#8221; global_colors_info=&#8221;{}&#8221; custom_padding__hover=&#8221;|||&#8221;][et_pb_image src=&#8221;https:\/\/www.touchguard.eu\/wp-content\/uploads\/2025\/03\/watch7front.png&#8221; title_text=&#8221;watch7front&#8221; align=&#8221;center&#8221; _builder_version=&#8221;4.27.4&#8243; _module_preset=&#8221;default&#8221; max_height=&#8221;400px&#8221; custom_margin=&#8221;109px||||false|false&#8221; custom_margin_tablet=&#8221;228px||||false|false&#8221; custom_margin_phone=&#8221;40px||||false|false&#8221; custom_margin_last_edited=&#8221;on|desktop&#8221; global_colors_info=&#8221;{}&#8221;][\/et_pb_image][\/et_pb_column][\/et_pb_row][\/et_pb_section][et_pb_section fb_built=&#8221;1&#8243; _builder_version=&#8221;4.27.4&#8243; _module_preset=&#8221;default&#8221; background_color=&#8221;#FFFFFF&#8221; custom_padding=&#8221;0px||0px|||&#8221; global_colors_info=&#8221;{}&#8221;][et_pb_row column_structure=&#8221;1_2,1_2&#8243; _builder_version=&#8221;4.27.4&#8243; _module_preset=&#8221;default&#8221; width=&#8221;95%&#8221; max_width=&#8221;3440px&#8221; custom_margin=&#8221;||||false|false&#8221; custom_padding=&#8221;60px||20px||false|false&#8221; global_colors_info=&#8221;{}&#8221;][et_pb_column type=&#8221;1_2&#8243; _builder_version=&#8221;4.27.4&#8243; _module_preset=&#8221;default&#8221; custom_padding=&#8221;|||20px|false|false&#8221; border_color_left=&#8221;#15bae5&#8243; global_colors_info=&#8221;{}&#8221;][et_pb_heading title=&#8221;Kompakte L\u00f6sungen f\u00fcr den Arbeitsschutz&#8221; _builder_version=&#8221;4.24.2&#8243; _module_preset=&#8221;default&#8221; title_level=&#8221;h3&#8243; title_font=&#8221;|700|||||||&#8221; title_text_align=&#8221;left&#8221; title_text_color=&#8221;#31394C&#8221; custom_margin=&#8221;||30px||false|false&#8221; global_colors_info=&#8221;{}&#8221;][\/et_pb_heading][et_pb_text _builder_version=&#8221;4.27.4&#8243; _module_preset=&#8221;default&#8221; text_text_color=&#8221;#31394C&#8221; text_font_size=&#8221;16px&#8221; global_colors_info=&#8221;{}&#8221;]<\/p>\n<ul>\n<li>Die Uhr selbst reicht f\u00fcr die L\u00f6sung aus<\/li>\n<li>Sie brauchen kein Telefon, mit dem sie verbunden sind<\/li>\n<li>Es ist die kompakteste L\u00f6sung zum Schutz von Alleinarbeitern<\/li>\n<\/ul>\n<p>[\/et_pb_text][\/et_pb_column][et_pb_column type=&#8221;1_2&#8243; _builder_version=&#8221;4.27.4&#8243; _module_preset=&#8221;default&#8221; custom_padding=&#8221;|||20px|false|false&#8221; border_color_left=&#8221;#15bae5&#8243; global_colors_info=&#8221;{}&#8221;][et_pb_heading title=&#8221;Unabh\u00e4ngigkeit am Telefon&#8221; _builder_version=&#8221;4.24.1&#8243; _module_preset=&#8221;default&#8221; title_level=&#8221;h3&#8243; title_font=&#8221;|700|||||||&#8221; title_text_align=&#8221;left&#8221; title_text_color=&#8221;#31394C&#8221; custom_margin=&#8221;||30px||false|false&#8221; global_colors_info=&#8221;{}&#8221;][\/et_pb_heading][et_pb_text _builder_version=&#8221;4.24.1&#8243; _module_preset=&#8221;default&#8221; text_text_color=&#8221;#31394C&#8221; text_font_size=&#8221;16px&#8221; global_colors_info=&#8221;{}&#8221;]<\/p>\n<ul>\n<li>Die Uhr funktioniert autonom ohne Verbindung zu einem Mobiltelefon<\/li>\n<li>Sie verf\u00fcgen \u00fcber eine eigene <strong>eSIM<\/strong> (die nicht entfernt werden kann), so dass sie \u00fcber eine eigene <strong>LTE-Verbindung<\/strong> verf\u00fcgen und bei Bedarf <strong>Anrufe<\/strong> t\u00e4tigen oder <strong>SMS<\/strong> versenden k\u00f6nnen.<\/li>\n<li>Wir empfehlen jedoch, <strong>Wifi<\/strong> als prim\u00e4re Verbindung zu verwenden, da dies die Batterielebensdauer der Uhr verl\u00e4ngert und den Datenverbrauch auf der eSIM reduziert.<\/li>\n<\/ul>\n<p>[\/et_pb_text][\/et_pb_column][\/et_pb_row][et_pb_row column_structure=&#8221;1_2,1_2&#8243; _builder_version=&#8221;4.27.4&#8243; _module_preset=&#8221;default&#8221; width=&#8221;95%&#8221; max_width=&#8221;3440px&#8221; custom_margin=&#8221;||||false|false&#8221; custom_padding=&#8221;13px||20px||false|false&#8221; global_colors_info=&#8221;{}&#8221;][et_pb_column type=&#8221;1_2&#8243; _builder_version=&#8221;4.27.4&#8243; _module_preset=&#8221;default&#8221; custom_padding=&#8221;|||20px|false|false&#8221; border_color_left=&#8221;#15bae5&#8243; global_colors_info=&#8221;{}&#8221;][et_pb_heading title=&#8221;Verwaltung der Fern\u00fcberwachung&#8221; _builder_version=&#8221;4.24.1&#8243; _module_preset=&#8221;default&#8221; title_level=&#8221;h3&#8243; title_font=&#8221;|700|||||||&#8221; title_text_align=&#8221;left&#8221; title_text_color=&#8221;#31394C&#8221; custom_margin=&#8221;||30px||false|false&#8221; global_colors_info=&#8221;{}&#8221;][\/et_pb_heading][et_pb_text _builder_version=&#8221;4.24.2&#8243; _module_preset=&#8221;default&#8221; text_text_color=&#8221;#31394C&#8221; text_font_size=&#8221;16px&#8221; global_colors_info=&#8221;{}&#8221;]<\/p>\n<p>Dank des cloudbasierten Systems <strong>Samsung Knox Manage<\/strong> k\u00f6nnen Sie Ihre Uhr aus der Ferne verwalten. Diese Funktion ist der Schl\u00fcssel f\u00fcr den reibungslosen Betrieb der TOUCHGUARD WATCH. Knox Manage ist das einzige System, das Uhren genau wie Mobiltelefone verwalten kann.  <\/p>\n<p>[\/et_pb_text][\/et_pb_column][et_pb_column type=&#8221;1_2&#8243; _builder_version=&#8221;4.27.4&#8243; _module_preset=&#8221;default&#8221; custom_padding=&#8221;|||20px|false|false&#8221; border_color_left=&#8221;#15bae5&#8243; global_colors_info=&#8221;{}&#8221;][et_pb_heading title=&#8221;Samsung Knox Manage Funktionen&#8221; _builder_version=&#8221;4.27.4&#8243; _module_preset=&#8221;default&#8221; title_level=&#8221;h3&#8243; title_font=&#8221;|700|||||||&#8221; title_text_align=&#8221;left&#8221; title_text_color=&#8221;#31394C&#8221; custom_margin=&#8221;||30px||false|false&#8221; global_colors_info=&#8221;{}&#8221;][\/et_pb_heading][et_pb_text _builder_version=&#8221;4.27.4&#8243; _module_preset=&#8221;default&#8221; text_text_color=&#8221;#31394C&#8221; text_font_size=&#8221;16px&#8221; global_colors_info=&#8221;{}&#8221;]<\/p>\n<ul>\n<li>Apps installieren und <strong>automatisch aktualisieren<\/strong>,<\/li>\n<li>Inhaltliche Beschr\u00e4nkungen &#8211; z. B. kann man nicht in die Einstellungen gehen, kann Daten\/Wifi nicht ausschalten, kurz gesagt, Einstellungen, die verhindern, dass der Benutzer versehentlich den Betrieb der Anwendung beeintr\u00e4chtigt, <\/li>\n<li>Automatische Anrufannahme &#8211; wenn die Uhr von bestimmten Telefonnummern angerufen wird, wird der Anruf automatisch angenommen und Sie k\u00f6nnen h\u00f6ren, was auf der Uhr passiert, z. B. <\/li>\n<li>Wifi-Einstellungen &#8211; legen Sie aus der Ferne fest, mit welchen Wifi-Netzwerken sich die Uhr automatisch verbinden soll<\/li>\n<li><strong>Kiosk-Modus<\/strong> &#8211; Einstellung, um nur zugelassene Anwendungen zu verwenden, in unserem Fall nur TOUCHGUARD WATCH.<\/li>\n<\/ul>\n<p>[\/et_pb_text][\/et_pb_column][\/et_pb_row][\/et_pb_section][et_pb_section fb_built=&#8221;1&#8243; module_class=&#8221;nobg&#8221; _builder_version=&#8221;4.27.4&#8243; _module_preset=&#8221;default&#8221; background_color=&#8221;rgba(185,206,205,0.12)&#8221; custom_padding=&#8221;0px|||||&#8221; global_colors_info=&#8221;{}&#8221;][et_pb_row column_structure=&#8221;1_2,1_2&#8243; _builder_version=&#8221;4.27.4&#8243; _module_preset=&#8221;default&#8221; width=&#8221;95%&#8221; max_width=&#8221;3440px&#8221; custom_margin_tablet=&#8221;&#8221; custom_margin_phone=&#8221;||-66px||false|false&#8221; custom_margin_last_edited=&#8221;on|phone&#8221; custom_padding=&#8221;||5px|||&#8221; global_colors_info=&#8221;{}&#8221;][et_pb_column type=&#8221;1_2&#8243; _builder_version=&#8221;4.24.2&#8243; _module_preset=&#8221;default&#8221; global_colors_info=&#8221;{}&#8221;][et_pb_text _builder_version=&#8221;4.27.4&#8243; header_2_font=&#8221;|700|||||||&#8221; header_2_text_color=&#8221;#FFFFFF&#8221; header_2_font_size=&#8221;33px&#8221; header_3_font=&#8221;|700|||||||&#8221; header_3_text_color=&#8221;#FFFFFF&#8221; header_3_font_size=&#8221;33px&#8221; background_size=&#8221;initial&#8221; background_position=&#8221;top_left&#8221; background_repeat=&#8221;repeat&#8221; custom_margin=&#8221;30px||30px||false|false&#8221; custom_padding=&#8221;0px||0px|40px|false|false&#8221; border_width_left=&#8221;5px&#8221; border_color_left=&#8221;#04A8D6&#8243; locked=&#8221;off&#8221; global_colors_info=&#8221;{}&#8221;]<\/p>\n<h3>Webanwendung<\/h3>\n<p>[\/et_pb_text][\/et_pb_column][et_pb_column type=&#8221;1_2&#8243; _builder_version=&#8221;4.24.2&#8243; _module_preset=&#8221;default&#8221; global_colors_info=&#8221;{}&#8221;][\/et_pb_column][\/et_pb_row][et_pb_row column_structure=&#8221;1_2,1_2&#8243; _builder_version=&#8221;4.24.2&#8243; _module_preset=&#8221;default&#8221; global_colors_info=&#8221;{}&#8221;][et_pb_column type=&#8221;1_2&#8243; _builder_version=&#8221;4.24.2&#8243; _module_preset=&#8221;default&#8221; global_colors_info=&#8221;{}&#8221;][et_pb_image src=&#8221;https:\/\/www.touchguard.eu\/wp-content\/uploads\/2025\/02\/laptop_application2.png&#8221; alt=&#8221;Web-Schnittstelle&#8221; title_text=&#8221;laptop_anwendung2&#8243; force_fullwidth=&#8221;on&#8221; align_tablet=&#8221;center&#8221; align_phone=&#8221;center&#8221; align_last_edited=&#8221;on|desktop&#8221; _builder_version=&#8221;4.24.2&#8243; animation_style=&#8221;zoom&#8221; animation_direction=&#8221;bottom&#8221; animation_intensity_zoom=&#8221;5%&#8221; global_colors_info=&#8221;{}&#8221;][\/et_pb_image][\/et_pb_column][et_pb_column type=&#8221;1_2&#8243; _builder_version=&#8221;4.24.2&#8243; _module_preset=&#8221;default&#8221; global_colors_info=&#8221;{}&#8221;][et_pb_text _builder_version=&#8221;4.27.4&#8243; _module_preset=&#8221;default&#8221; text_font_size=&#8221;16px&#8221; custom_margin=&#8221;8px|||||&#8221; custom_padding=&#8221;0px|||20px|false|false&#8221; border_color_left=&#8221;#15bae5&#8243; global_colors_info=&#8221;{}&#8221;]<\/p>\n<ul>\n<li>Die Schnittstelle f\u00fcr den Serverteil (Dispatcher, Administrator) ist eine Webanwendung, die \u00fcber Standard-Webbrowser zug\u00e4nglich ist.<\/li>\n<li>Die Schnittstelle ist responsive, d.h. sie ist f\u00fcr PCs, Tablets und Mobiltelefone angepasst. <\/li>\n<li>Sie melden sich im System mit Ihrem Benutzernamen (E-Mail) und Ihrem Passwort an.<\/li>\n<li>Hier k\u00f6nnen alle Einstellungen vorgenommen werden, sei es der Zugang f\u00fcr Disponenten und deren Berechtigungen oder die komplette Verwaltung der Funktionen f\u00fcr mobile Endger\u00e4te.<\/li>\n<li>Die Berechtigungen f\u00fcr den Benutzer der Webschnittstelle k\u00f6nnen in den Ebenen Anzeigen\/Erstellen\/Bearbeiten\/L\u00f6schen f\u00fcr jede einzelne Funktion festgelegt werden.<\/li>\n<li>Das System ist in Sites unterteilt, aus denen eine beliebige Baumstruktur erstellt werden kann. Damit wird auch festgelegt, wer Zugang zu einer bestimmten Ebene hat (dies kann ebenfalls bei der Bearbeitung der Benutzerrechte eingestellt werden). <\/li>\n<li><span style=\"font-size: 14px;\">Alle Funktionen der mobilen Uhr k\u00f6nnen aus der Ferne \u00fcber die Webschnittstelle eingestellt werden. Jede Uhr kann unterschiedliche Einstellungen haben. <\/span><\/li>\n<li>Der Standort der Uhr kann auf Kartenhintergr\u00fcnden angezeigt werden<\/li>\n<\/ul>\n<p>[\/et_pb_text][\/et_pb_column][\/et_pb_row][\/et_pb_section]<\/p>\n","protected":false},"excerpt":{"rendered":"<p>Eine kompakte L\u00f6sung f\u00fcr Ihre Mitarbeiter<\/p>\n","protected":false},"author":1,"featured_media":229690,"parent":0,"menu_order":1,"comment_status":"closed","ping_status":"closed","template":"","meta":{"_acf_changed":false,"_et_pb_use_builder":"on","_et_pb_old_content":"","_et_gb_content_width":"","footnotes":""},"tags":[139],"class_list":["post-229688","page","type-page","status-publish","has-post-thumbnail","hentry","tag-losung"],"acf":[],"_links":{"self":[{"href":"https:\/\/www.touchguard.eu\/de\/wp-json\/wp\/v2\/pages\/229688","targetHints":{"allow":["GET"]}}],"collection":[{"href":"https:\/\/www.touchguard.eu\/de\/wp-json\/wp\/v2\/pages"}],"about":[{"href":"https:\/\/www.touchguard.eu\/de\/wp-json\/wp\/v2\/types\/page"}],"author":[{"embeddable":true,"href":"https:\/\/www.touchguard.eu\/de\/wp-json\/wp\/v2\/users\/1"}],"replies":[{"embeddable":true,"href":"https:\/\/www.touchguard.eu\/de\/wp-json\/wp\/v2\/comments?post=229688"}],"version-history":[{"count":0,"href":"https:\/\/www.touchguard.eu\/de\/wp-json\/wp\/v2\/pages\/229688\/revisions"}],"wp:featuredmedia":[{"embeddable":true,"href":"https:\/\/www.touchguard.eu\/de\/wp-json\/wp\/v2\/media\/229690"}],"wp:attachment":[{"href":"https:\/\/www.touchguard.eu\/de\/wp-json\/wp\/v2\/media?parent=229688"}],"wp:term":[{"taxonomy":"post_tag","embeddable":true,"href":"https:\/\/www.touchguard.eu\/de\/wp-json\/wp\/v2\/tags?post=229688"}],"curies":[{"name":"wp","href":"https:\/\/api.w.org\/{rel}","templated":true}]}}