{"id":229785,"date":"2024-11-26T13:40:43","date_gmt":"2024-11-26T12:40:43","guid":{"rendered":"https:\/\/www.touchguard.eu\/schutz-von-alleinarbeitern-im-mobilen-bereich\/"},"modified":"2025-03-27T10:42:13","modified_gmt":"2025-03-27T09:42:13","slug":"schutz-von-alleinarbeitern-im-mobilen-bereich","status":"publish","type":"page","link":"https:\/\/www.touchguard.eu\/de\/schutz-von-alleinarbeitern-im-mobilen-bereich\/","title":{"rendered":"Schutz von Alleinarbeitern im mobilen Bereich"},"content":{"rendered":"<p>[et_pb_section fb_built=&#8221;1&#8243; _builder_version=&#8221;4.27.4&#8243; _module_preset=&#8221;default&#8221; custom_padding=&#8221;0px||0px||false|false&#8221; global_colors_info=&#8221;{}&#8221;][et_pb_row column_structure=&#8221;1_2,1_2&#8243; use_custom_gutter=&#8221;on&#8221; make_equal=&#8221;on&#8221; admin_label=&#8221;Zeile&#8221; _builder_version=&#8221;4.27.4&#8243; background_enable_color=&#8221;off&#8221; width=&#8221;95%&#8221; max_width=&#8221;3440px&#8221; module_alignment=&#8221;center&#8221; custom_margin=&#8221;|||30px|false|false&#8221; custom_padding=&#8221;|||30px|false|false&#8221; hover_enabled=&#8221;0&#8243; global_colors_info=&#8221;{}&#8221; sticky_enabled=&#8221;0&#8243;][et_pb_column type=&#8221;1_2&#8243; _builder_version=&#8221;4.27.4&#8243; custom_padding=&#8221;|||&#8221; global_colors_info=&#8221;{}&#8221; custom_padding__hover=&#8221;|||&#8221;][et_pb_text admin_label=&#8221;Text&#8221; _builder_version=&#8221;4.27.4&#8243; header_2_font=&#8221;|700|||||||&#8221; header_2_text_color=&#8221;#31394C&#8221; header_2_font_size=&#8221;33px&#8221; header_3_text_color=&#8221;#31394C&#8221; background_size=&#8221;initial&#8221; background_position=&#8221;top_left&#8221; background_repeat=&#8221;repeat&#8221; custom_margin=&#8221;30px||30px||false|false&#8221; custom_padding=&#8221;0px||0px|40px|false|false&#8221; hover_enabled=&#8221;0&#8243; border_width_left=&#8221;5px&#8221; border_color_left=&#8221;#04A8D6&#8243; global_colors_info=&#8221;{}&#8221; sticky_enabled=&#8221;0&#8243;]<\/p>\n<h2>Was wird zur Ausf\u00fchrung der Anwendung ben\u00f6tigt?<\/h2>\n<p>[\/et_pb_text][et_pb_text module_class=&#8221;valign-center&#8221; _builder_version=&#8221;4.27.4&#8243; text_font=&#8221;||||||||&#8221; text_text_color=&#8221;#31394C&#8221; text_font_size=&#8221;16px&#8221; text_line_height=&#8221;1.9em&#8221; header_font=&#8221;||||||||&#8221; header_3_font=&#8221;|900|||||||&#8221; header_3_text_color=&#8221;#FFFFFF&#8221; header_3_font_size=&#8221;35px&#8221; header_3_line_height=&#8221;1.5em&#8221; header_4_font=&#8221;|700||on|||||&#8221; header_4_text_color=&#8221;rgba(12,12,12,0.27)&#8221; header_4_font_size=&#8221;13px&#8221; header_4_letter_spacing=&#8221;3px&#8221; header_4_line_height=&#8221;1.8em&#8221; text_orientation=&#8221;justified&#8221; custom_margin=&#8221;||34px||false|false&#8221; custom_padding=&#8221;|||40px|false|false&#8221; hover_enabled=&#8221;0&#8243; text_line_height_tablet=&#8221;1.9em&#8221; text_line_height_phone=&#8221;1.6em&#8221; text_line_height_last_edited=&#8221;on|phone&#8221; header_3_font_size_tablet=&#8221;&#8221; header_3_font_size_phone=&#8221;25px&#8221; header_3_font_size_last_edited=&#8221;on|desktop&#8221; locked=&#8221;off&#8221; global_colors_info=&#8221;{}&#8221; sticky_enabled=&#8221;0&#8243;]<\/p>\n<p>Um einen sicheren und zuverl\u00e4ssigen Betrieb der TOUCHGUARD-Applikation mit der Alleinarbeiterschutzfunktion zu gew\u00e4hrleisten, empfehlen wir den Einsatz von RugGear (Outdoor- und Industrietelefone) oder ECOM von Pepperl + Fuchs (explosionsgesch\u00fctzte Telefone der ATEX-Zonen 1\/21 und 2\/22).<\/p>\n<p>Die TOUCHGARD-App mit der Alleinarbeiterschutzfunktion auf dem Mobiltelefon basiert auf der \u00dcberwachung von ungew\u00f6hnlichen Ereignissen, bei deren Auftreten das System automatisch einen Alarm ausl\u00f6st. Es ist unbedingt erforderlich, dass der Arbeitnehmer das Mobiltelefon immer bei sich tr\u00e4gt, vorzugsweise an seinem G\u00fcrtel befestigt. Wenn das Mobiltelefon \u00fcber eine SOS-Taste verf\u00fcgt, kann der Arbeitnehmer im Notfall sofort selbst einen Alarm ausl\u00f6sen.  <\/p>\n<p>[\/et_pb_text][et_pb_text admin_label=&#8221;Text&#8221; _builder_version=&#8221;4.27.4&#8243; header_2_font=&#8221;|700|||||||&#8221; header_2_text_color=&#8221;#31394C&#8221; header_2_font_size=&#8221;33px&#8221; header_3_text_color=&#8221;#31394C&#8221; background_size=&#8221;initial&#8221; background_position=&#8221;top_left&#8221; background_repeat=&#8221;repeat&#8221; custom_margin=&#8221;30px||30px||false|false&#8221; custom_padding=&#8221;0px||0px|40px|false|false&#8221; hover_enabled=&#8221;0&#8243; border_width_left=&#8221;5px&#8221; border_color_left=&#8221;#04A8D6&#8243; global_colors_info=&#8221;{}&#8221; sticky_enabled=&#8221;0&#8243;]<\/p>\n<h2>Welche Situationen die App \u00fcberwacht<\/h2>\n<p>[\/et_pb_text][et_pb_text module_class=&#8221;valign-center&#8221; _builder_version=&#8221;4.27.4&#8243; text_font=&#8221;||||||||&#8221; text_text_color=&#8221;#31394C&#8221; text_font_size=&#8221;16px&#8221; text_line_height=&#8221;1.9em&#8221; header_font=&#8221;||||||||&#8221; header_3_font=&#8221;|900|||||||&#8221; header_3_text_color=&#8221;#FFFFFF&#8221; header_3_font_size=&#8221;35px&#8221; header_3_line_height=&#8221;1.5em&#8221; header_4_font=&#8221;|700||on|||||&#8221; header_4_text_color=&#8221;rgba(12,12,12,0.27)&#8221; header_4_font_size=&#8221;13px&#8221; header_4_letter_spacing=&#8221;3px&#8221; header_4_line_height=&#8221;1.8em&#8221; text_orientation=&#8221;justified&#8221; custom_margin=&#8221;||34px||false|false&#8221; custom_padding=&#8221;|||40px|false|false&#8221; hover_enabled=&#8221;0&#8243; text_line_height_tablet=&#8221;1.9em&#8221; text_line_height_phone=&#8221;1.6em&#8221; text_line_height_last_edited=&#8221;on|phone&#8221; header_3_font_size_tablet=&#8221;&#8221; header_3_font_size_phone=&#8221;25px&#8221; header_3_font_size_last_edited=&#8221;on|desktop&#8221; locked=&#8221;off&#8221; global_colors_info=&#8221;{}&#8221; sticky_enabled=&#8221;0&#8243;]<\/p>\n<ul>\n<li>Freier Fall (Sturz aus der H\u00f6he)<\/li>\n<li>Auswirkungen<\/li>\n<li>Neigung (Nicht-Standardposition)<\/li>\n<li>Inaktivit\u00e4t (wenn sich der Arbeitnehmer eine bestimmte Zeit lang nicht bewegt)<\/li>\n<li>Wachsamkeit (der Arbeitnehmer muss innerhalb einer bestimmten Zeitspanne best\u00e4tigen, dass es ihm gut geht)<\/li>\n<li>Das Telefon ist offline (wenn der Mitarbeiter keinen Empfang hat, besteht das Risiko, dass der Alarm nicht dort ankommt, wo er ankommen soll. Daher \u00fcberwacht das System auch die Verf\u00fcgbarkeit der Verbindung zum Server)<\/li>\n<\/ul>\n<p>[\/et_pb_text][et_pb_text module_class=&#8221;valign-center&#8221; _builder_version=&#8221;4.27.4&#8243; text_font=&#8221;||||||||&#8221; text_text_color=&#8221;#31394C&#8221; text_font_size=&#8221;16px&#8221; text_line_height=&#8221;1.9em&#8221; header_font=&#8221;||||||||&#8221; header_3_font=&#8221;|900|||||||&#8221; header_3_text_color=&#8221;#FFFFFF&#8221; header_3_font_size=&#8221;35px&#8221; header_3_line_height=&#8221;1.5em&#8221; header_4_font=&#8221;|700||on|||||&#8221; header_4_text_color=&#8221;rgba(12,12,12,0.27)&#8221; header_4_font_size=&#8221;13px&#8221; header_4_letter_spacing=&#8221;3px&#8221; header_4_line_height=&#8221;1.8em&#8221; text_orientation=&#8221;justified&#8221; custom_margin=&#8221;||34px||false|false&#8221; custom_padding=&#8221;|||40px|false|false&#8221; hover_enabled=&#8221;0&#8243; text_line_height_tablet=&#8221;1.9em&#8221; text_line_height_phone=&#8221;1.6em&#8221; text_line_height_last_edited=&#8221;on|phone&#8221; header_3_font_size_tablet=&#8221;&#8221; header_3_font_size_phone=&#8221;25px&#8221; header_3_font_size_last_edited=&#8221;on|desktop&#8221; locked=&#8221;off&#8221; global_colors_info=&#8221;{}&#8221; sticky_enabled=&#8221;0&#8243;]<\/p>\n<p>Diese Ereignisse lassen sich je nach Umgebung des gef\u00e4hrdeten Arbeitsplatzes frei kombinieren und f\u00fcr jedes Mobiltelefon unabh\u00e4ngig voneinander einstellen.<\/p>\n<p>[\/et_pb_text][\/et_pb_column][et_pb_column type=&#8221;1_2&#8243; _builder_version=&#8221;4.27.4&#8243; custom_padding=&#8221;|||&#8221; global_colors_info=&#8221;{}&#8221; custom_padding__hover=&#8221;|||&#8221;][et_pb_image src=&#8221;https:\/\/www.touchguard.eu\/wp-content\/uploads\/2025\/03\/RG880-lw-alarm.png&#8221; _builder_version=&#8221;4.27.4&#8243; _module_preset=&#8221;default&#8221; title_text=&#8221;RG880-lw-Alarm&#8221; align=&#8221;center&#8221; hover_enabled=&#8221;0&#8243; sticky_enabled=&#8221;0&#8243; transform_styles__hover_enabled=&#8221;on|hover&#8221; transform_scale__hover_enabled=&#8221;on|hover&#8221; transform_translate__hover_enabled=&#8221;on|desktop&#8221; transform_rotate__hover_enabled=&#8221;on|desktop&#8221; transform_skew__hover_enabled=&#8221;on|desktop&#8221; transform_origin__hover_enabled=&#8221;on|desktop&#8221; transform_scale__hover=&#8221;105%|105%&#8221; min_height=&#8221;730px&#8221;][\/et_pb_image][\/et_pb_column][\/et_pb_row][\/et_pb_section][et_pb_section fb_built=&#8221;1&#8243; admin_label=&#8221;About&#8221; _builder_version=&#8221;4.24.2&#8243; background_color=&#8221;#f5f6f9&#8243; use_background_color_gradient=&#8221;on&#8221; background_color_gradient_stops=&#8221;rgba(43,135,218,0) 0%|#021033 100%&#8221; background_color_gradient_overlays_image=&#8221;on&#8221; background_image=&#8221;https:\/\/www.touchguard.eu\/wp-content\/uploads\/2025\/02\/loneworker2-scaled-1.jpg&#8221; background_position=&#8221;top_center&#8221; custom_padding=&#8221;33px||32px|||&#8221; background_last_edited=&#8221;on|phone&#8221; background_position_phone=&#8221;top_left&#8221; background_horizontal_offset_phone=&#8221;100%&#8221; background_vertical_offset_phone=&#8221;0%&#8221; global_colors_info=&#8221;{}&#8221;][et_pb_row column_structure=&#8221;1_2,1_2&#8243; _builder_version=&#8221;4.27.4&#8243; width=&#8221;95%&#8221; max_width=&#8221;3440px&#8221; custom_padding=&#8221;||60px|||&#8221; global_colors_info=&#8221;{}&#8221;][et_pb_column type=&#8221;1_2&#8243; _builder_version=&#8221;4.16&#8243; custom_padding=&#8221;|||&#8221; global_colors_info=&#8221;{}&#8221; custom_padding__hover=&#8221;|||&#8221;][et_pb_text admin_label=&#8221;Text&#8221; _builder_version=&#8221;4.27.4&#8243; header_2_font=&#8221;|700|||||||&#8221; header_2_text_color=&#8221;#FFFFFF&#8221; header_2_font_size=&#8221;33px&#8221; header_3_text_color=&#8221;#31394C&#8221; background_size=&#8221;initial&#8221; background_position=&#8221;top_left&#8221; background_repeat=&#8221;repeat&#8221; custom_margin=&#8221;30px||30px||false|false&#8221; custom_padding=&#8221;0px||0px|40px|false|false&#8221; border_width_left=&#8221;5px&#8221; border_color_left=&#8221;#04A8D6&#8243; global_colors_info=&#8221;{}&#8221;]<\/p>\n<h2>Standort im Freien und in Geb\u00e4uden<\/h2>\n<p>[\/et_pb_text][et_pb_text _builder_version=&#8221;4.27.4&#8243; _module_preset=&#8221;default&#8221; text_text_color=&#8221;#FFFFFF&#8221; text_font_size=&#8221;18px&#8221; global_colors_info=&#8221;{}&#8221;]<\/p>\n<p>Arbeitnehmer k\u00f6nnen sowohl au\u00dferhalb als auch innerhalb von Geb\u00e4uden durch die Erfassung von GPS-Daten lokalisiert werden. Bei der Ortung im Freien werden Positionsdaten von Mobiltelefonen bereitgestellt, einschlie\u00dflich Geofencing (\u00dcberwachung eines begrenzten Bereichs, in dem sich das Telefon befindet). F\u00fcr die Lokalisierung in Innenr\u00e4umen werden GPS-Positionen von iBeacons (Bluetooth-Sendern) bezogen.   <\/p>\n<p>[\/et_pb_text][\/et_pb_column][et_pb_column type=&#8221;1_2&#8243; _builder_version=&#8221;4.16&#8243; custom_padding=&#8221;|||&#8221; global_colors_info=&#8221;{}&#8221; custom_padding__hover=&#8221;|||&#8221;][et_pb_text admin_label=&#8221;Text&#8221; _builder_version=&#8221;4.27.4&#8243; header_2_font=&#8221;|700|||||||&#8221; header_2_text_color=&#8221;#FFFFFF&#8221; header_2_font_size=&#8221;33px&#8221; header_3_text_color=&#8221;#31394C&#8221; background_size=&#8221;initial&#8221; background_position=&#8221;top_left&#8221; background_repeat=&#8221;repeat&#8221; custom_margin=&#8221;30px||30px||false|false&#8221; custom_padding=&#8221;0px||0px|40px|false|false&#8221; border_width_left=&#8221;5px&#8221; border_color_left=&#8221;#04A8D6&#8243; global_colors_info=&#8221;{}&#8221;]<\/p>\n<h2>Was passiert, wenn der Alarm ausgel\u00f6st wird?<\/h2>\n<p>[\/et_pb_text][et_pb_text _builder_version=&#8221;4.27.4&#8243; _module_preset=&#8221;default&#8221; text_text_color=&#8221;#FFFFFF&#8221; text_font_size=&#8221;18px&#8221; global_colors_info=&#8221;{}&#8221;]<\/p>\n<p>Wenn das System eine anormale Situation feststellt, l\u00f6st es in der ersten Phase einen akustischen Alarm aus. Dabei handelt es sich um eine Zeitspanne von in der Regel 30-60 Sekunden, in der der Mobiltelefonbenutzer die M\u00f6glichkeit hat, den ausgel\u00f6sten Alarm zu l\u00f6schen, z. B. weil er unbegr\u00fcndet ist &#8211; dem Arbeiter geht es v\u00f6llig gut. Hebt der Arbeiter den Voralarm jedoch nicht innerhalb der vorgegebenen Zeit auf, wird automatisch ein scharfer Alarm ausgel\u00f6st und \u00fcber den Datenweg an den Server gesendet. Es kann eine eigene Serverumgebung oder eine PCO-L\u00f6sung verwendet werden. Das System sendet eine SMS mit den notwendigen Daten \u00fcber den Alarm an die vorgesehenen Personen und startet einen Telefonanruf an die definierten Telefonnummern. Das Telefon w\u00e4hlt dann automatisch eine Nummer nach der anderen, bis der Anruf entgegengenommen wird. Wenn der Anruf eingeht, wird die Kommunikation mit einer Freisprecheinrichtung auf dem Mobiltelefon des Mitarbeiters in der Krisensituation eingeleitet. Die Ortung des Mitarbeiters kann \u00fcber den Serverteil der Anwendung und die Alarmanzeige in der Anwendungs\u00fcbersicht erfolgen.        <\/p>\n<p>[\/et_pb_text][\/et_pb_column][\/et_pb_row][\/et_pb_section][et_pb_section fb_built=&#8221;1&#8243; module_class=&#8221;nobg&#8221; _builder_version=&#8221;4.27.4&#8243; _module_preset=&#8221;default&#8221; background_color=&#8221;#FFFFFF&#8221; custom_padding=&#8221;0px|||||&#8221; global_colors_info=&#8221;{}&#8221;][et_pb_row _builder_version=&#8221;4.27.4&#8243; _module_preset=&#8221;default&#8221; width=&#8221;95%&#8221; max_width=&#8221;3440px&#8221; custom_margin_tablet=&#8221;&#8221; custom_margin_phone=&#8221;||-66px||false|false&#8221; custom_margin_last_edited=&#8221;on|phone&#8221; custom_padding=&#8221;||5px|||&#8221; global_colors_info=&#8221;{}&#8221;][et_pb_column type=&#8221;4_4&#8243; _builder_version=&#8221;4.24.2&#8243; _module_preset=&#8221;default&#8221; global_colors_info=&#8221;{}&#8221;][et_pb_text _builder_version=&#8221;4.27.4&#8243; header_2_font=&#8221;|700|||||||&#8221; header_2_text_color=&#8221;#31394C&#8221; header_2_font_size=&#8221;33px&#8221; header_3_font=&#8221;|700|||||||&#8221; header_3_text_color=&#8221;#31394C&#8221; header_3_font_size=&#8221;33px&#8221; background_size=&#8221;initial&#8221; background_position=&#8221;top_left&#8221; background_repeat=&#8221;repeat&#8221; custom_margin=&#8221;30px||30px||false|false&#8221; custom_padding=&#8221;0px||0px|40px|false|false&#8221; border_width_left=&#8221;5px&#8221; border_color_left=&#8221;#04A8D6&#8243; locked=&#8221;off&#8221; global_colors_info=&#8221;{}&#8221;]<\/p>\n<h2>Webanwendung<\/h2>\n<p>[\/et_pb_text][\/et_pb_column][\/et_pb_row][et_pb_row column_structure=&#8221;1_2,1_2&#8243; _builder_version=&#8221;4.27.4&#8243; _module_preset=&#8221;default&#8221; width=&#8221;95%&#8221; max_width=&#8221;3440px&#8221; custom_margin_tablet=&#8221;&#8221; custom_margin_phone=&#8221;||-66px||false|false&#8221; custom_margin_last_edited=&#8221;on|phone&#8221; custom_padding=&#8221;0px||5px|||&#8221; hover_enabled=&#8221;0&#8243; global_colors_info=&#8221;{}&#8221; module_alignment=&#8221;center&#8221; sticky_enabled=&#8221;0&#8243;][et_pb_column type=&#8221;1_2&#8243; _builder_version=&#8221;4.27.4&#8243; _module_preset=&#8221;default&#8221; hover_enabled=&#8221;0&#8243; global_colors_info=&#8221;{}&#8221; sticky_enabled=&#8221;0&#8243;][et_pb_image src=&#8221;https:\/\/www.touchguard.eu\/wp-content\/uploads\/2025\/02\/laptop_application2.png&#8221; alt=&#8221;Web-Schnittstelle&#8221; title_text=&#8221;laptop_anwendung2&#8243; align_tablet=&#8221;center&#8221; align_phone=&#8221;center&#8221; align_last_edited=&#8221;off|desktop&#8221; _builder_version=&#8221;4.27.4&#8243; module_alignment=&#8221;center&#8221; animation_style=&#8221;zoom&#8221; animation_direction=&#8221;bottom&#8221; animation_intensity_zoom=&#8221;5%&#8221; hover_enabled=&#8221;0&#8243; global_colors_info=&#8221;{}&#8221; sticky_enabled=&#8221;0&#8243; align=&#8221;center&#8221; min_height=&#8221;100%&#8221; force_fullwidth=&#8221;on&#8221; custom_padding=&#8221;||||false|true&#8221;][\/et_pb_image][\/et_pb_column][et_pb_column type=&#8221;1_2&#8243; _builder_version=&#8221;4.24.2&#8243; _module_preset=&#8221;default&#8221; global_colors_info=&#8221;{}&#8221;][et_pb_text _builder_version=&#8221;4.27.4&#8243; _module_preset=&#8221;default&#8221; text_text_color=&#8221;#31394C&#8221; text_font_size=&#8221;16px&#8221; custom_margin=&#8221;8px|||||&#8221; custom_padding=&#8221;0px|||20px|false|false&#8221; hover_enabled=&#8221;0&#8243; border_color_left=&#8221;#15bae5&#8243; global_colors_info=&#8221;{}&#8221; custom_css_main_element=&#8221;text-shadow: none;&#8221; sticky_enabled=&#8221;0&#8243; module_class=&#8221;valign-center&#8221;]<\/p>\n<ul>\n<li>Die Schnittstelle f\u00fcr den Serverteil (Dispatcher, Administrator) ist eine Webanwendung, die \u00fcber Standard-Webbrowser zug\u00e4nglich ist.<\/li>\n<li>Die Schnittstelle ist responsive, d.h. sie ist f\u00fcr PCs, Tablets und Mobiltelefone angepasst. <\/li>\n<li>Sie melden sich im System mit Ihrem Benutzernamen (E-Mail) und Ihrem Passwort an.<\/li>\n<li>Hier k\u00f6nnen alle Einstellungen vorgenommen werden, sei es der Zugang f\u00fcr Disponenten und deren Berechtigungen oder die komplette Verwaltung der Funktionen f\u00fcr mobile Endger\u00e4te.<\/li>\n<li>Die Berechtigungen f\u00fcr den Benutzer der Webschnittstelle k\u00f6nnen in den Ebenen Anzeigen\/Erstellen\/Bearbeiten\/L\u00f6schen f\u00fcr jede einzelne Funktion festgelegt werden.<\/li>\n<li>Das System ist in Sites unterteilt, aus denen eine beliebige Baumstruktur erstellt werden kann. Damit wird auch festgelegt, wer Zugang zu einer bestimmten Ebene hat (dies kann ebenfalls bei der Bearbeitung der Benutzerrechte eingestellt werden). <\/li>\n<li><span style=\"font-size: 14px;\">Alle Funktionen der mobilen Uhr k\u00f6nnen aus der Ferne \u00fcber die Webschnittstelle eingestellt werden. Jede Uhr kann unterschiedliche Einstellungen haben. <\/span><\/li>\n<li>Der Standort der Uhr kann auf Kartenhintergr\u00fcnden angezeigt werden<\/li>\n<\/ul>\n<p>[\/et_pb_text][\/et_pb_column][\/et_pb_row][\/et_pb_section]<\/p>\n","protected":false},"excerpt":{"rendered":"<p>Eine einfache und wirksame L\u00f6sung f\u00fcr den Arbeitnehmerschutz<\/p>\n","protected":false},"author":1,"featured_media":229786,"parent":0,"menu_order":2,"comment_status":"closed","ping_status":"closed","template":"","meta":{"_acf_changed":false,"_et_pb_use_builder":"on","_et_pb_old_content":"","_et_gb_content_width":"","footnotes":""},"tags":[139],"class_list":["post-229785","page","type-page","status-publish","has-post-thumbnail","hentry","tag-losung"],"acf":[],"_links":{"self":[{"href":"https:\/\/www.touchguard.eu\/de\/wp-json\/wp\/v2\/pages\/229785","targetHints":{"allow":["GET"]}}],"collection":[{"href":"https:\/\/www.touchguard.eu\/de\/wp-json\/wp\/v2\/pages"}],"about":[{"href":"https:\/\/www.touchguard.eu\/de\/wp-json\/wp\/v2\/types\/page"}],"author":[{"embeddable":true,"href":"https:\/\/www.touchguard.eu\/de\/wp-json\/wp\/v2\/users\/1"}],"replies":[{"embeddable":true,"href":"https:\/\/www.touchguard.eu\/de\/wp-json\/wp\/v2\/comments?post=229785"}],"version-history":[{"count":0,"href":"https:\/\/www.touchguard.eu\/de\/wp-json\/wp\/v2\/pages\/229785\/revisions"}],"wp:featuredmedia":[{"embeddable":true,"href":"https:\/\/www.touchguard.eu\/de\/wp-json\/wp\/v2\/media\/229786"}],"wp:attachment":[{"href":"https:\/\/www.touchguard.eu\/de\/wp-json\/wp\/v2\/media?parent=229785"}],"wp:term":[{"taxonomy":"post_tag","embeddable":true,"href":"https:\/\/www.touchguard.eu\/de\/wp-json\/wp\/v2\/tags?post=229785"}],"curies":[{"name":"wp","href":"https:\/\/api.w.org\/{rel}","templated":true}]}}