{"id":228838,"date":"2024-11-26T13:40:43","date_gmt":"2024-11-26T12:40:43","guid":{"rendered":"https:\/\/www.touchguard.eu\/ruggear\/"},"modified":"2025-04-16T09:42:08","modified_gmt":"2025-04-16T07:42:08","slug":"ruggear","status":"publish","type":"page","link":"https:\/\/www.touchguard.eu\/en\/ruggear\/","title":{"rendered":"Ruggear"},"content":{"rendered":"<p>[et_pb_section fb_built=&#8221;1&#8243; _builder_version=&#8221;4.27.4&#8243; _module_preset=&#8221;default&#8221; background_color=&#8221;#FFFFFF&#8221; custom_margin=&#8221;46px||0px||false|false&#8221; custom_padding=&#8221;0px||0px||true|false&#8221; global_colors_info=&#8221;{}&#8221;][et_pb_row _builder_version=&#8221;4.27.4&#8243; _module_preset=&#8221;default&#8221; width=&#8221;100%&#8221; max_width=&#8221;3440px&#8221; height=&#8221;600px&#8221; max_height=&#8221;600px&#8221; custom_margin=&#8221;0px||0px||true|false&#8221; custom_padding=&#8221;0px||0px||true|false&#8221; global_colors_info=&#8221;{}&#8221;][et_pb_column type=&#8221;4_4&#8243; _builder_version=&#8221;4.27.4&#8243; _module_preset=&#8221;default&#8221; global_colors_info=&#8221;{}&#8221;][et_pb_slider show_arrows=&#8221;off&#8221; show_pagination=&#8221;off&#8221; use_bg_overlay=&#8221;on&#8221; use_text_overlay=&#8221;off&#8221; _builder_version=&#8221;4.27.4&#8243; _module_preset=&#8221;default&#8221; header_level=&#8221;h3&#8243; header_font=&#8221;|700|||||||&#8221; width=&#8221;100%&#8221; max_width=&#8221;3440%&#8221; height=&#8221;600px&#8221; custom_margin=&#8221;0px||||false|false&#8221; custom_padding=&#8221;200px||||false|false&#8221; link_option_url=&#8221;https:\/\/ruggshop.eu&#8221; link_option_url_new_window=&#8221;on&#8221; hover_enabled=&#8221;0&#8243; custom_css_slide_button=&#8221;margin-top: 50px;&#8221; global_colors_info=&#8221;{}&#8221; custom_padding_last_edited=&#8221;on|phone&#8221; sticky_enabled=&#8221;0&#8243; custom_padding_phone=&#8221;40px||||false|false&#8221; height_last_edited=&#8221;on|phone&#8221; header_font_size_last_edited=&#8221;off|phone&#8221; custom_padding_tablet=&#8221;200px||||false|false&#8221; height_tablet=&#8221;600px&#8221; height_phone=&#8221;600px&#8221;][et_pb_slide heading=&#8221;Profesion\u00e1ln\u00ed mobiln\u00ed za\u0159\u00edzen\u00ed&#8221; button_text=&#8221;V\u00edce informac\u00ed&#8221; button_link=&#8221;https:\/\/ruggshop.eu&#8221; url_new_window=&#8221;on&#8221; use_bg_overlay=&#8221;on&#8221; bg_overlay_color=&#8221;rgba(23,27,37,0.72)&#8221; use_text_overlay=&#8221;off&#8221; _builder_version=&#8221;4.27.4&#8243; _module_preset=&#8221;default&#8221; header_level=&#8221;h3&#8243; background_enable_color=&#8221;off&#8221; background_image=&#8221;https:\/\/www.touchguard.eu\/wp-content\/uploads\/2024\/12\/csm_web_head_fireworkers_2_cdd33d8567.png&#8221; background_enable_image=&#8221;on&#8221; custom_button=&#8221;on&#8221; button_bg_color=&#8221;#f7a900&#8243; button_font=&#8221;|700|||||||&#8221; hover_enabled=&#8221;0&#8243; global_colors_info=&#8221;{}&#8221; sticky_transition=&#8221;on&#8221; header_font_size_last_edited=&#8221;on|phone&#8221; sticky_enabled=&#8221;0&#8243; header_font_size_phone=&#8221;36px&#8221;]<\/p>\n<p>For industry and <strong>mission critical<\/strong> communication. We are the official Ruggear distributor for the Czech Republic, Slovakia, Poland, Hungary and Bulgaria. <\/p>\n<p>[\/et_pb_slide][\/et_pb_slider][et_pb_text _builder_version=&#8221;4.27.4&#8243; _module_preset=&#8221;default&#8221; header_4_font=&#8221;|700|||||||&#8221; header_4_text_align=&#8221;center&#8221; header_4_text_color=&#8221;#0A0A0A&#8221; header_4_font_size=&#8221;25px&#8221; header_5_font=&#8221;|700|||||||&#8221; header_5_text_align=&#8221;center&#8221; header_5_text_color=&#8221;#0A0A0A&#8221; header_5_font_size=&#8221;25px&#8221; header_5_text_shadow_style=&#8221;preset3&#8243; header_5_text_shadow_color=&#8221;#FFFFFF&#8221; global_colors_info=&#8221;{}&#8221;]<\/p>\n<h5>Rugged phones and tablets<\/h5>\n<p>[\/et_pb_text][\/et_pb_column][\/et_pb_row][et_pb_row use_custom_gutter=&#8221;on&#8221; make_equal=&#8221;on&#8221; _builder_version=&#8221;4.27.4&#8243; _module_preset=&#8221;default&#8221; background_color=&#8221;#FFFFFF&#8221; width=&#8221;100%&#8221; max_width=&#8221;3440px&#8221; module_alignment=&#8221;center&#8221; custom_margin=&#8221;49px|auto|49px|auto|true|false&#8221; custom_padding=&#8221;30px||10px||false|false&#8221; global_colors_info=&#8221;{}&#8221;][et_pb_column type=&#8221;4_4&#8243; _builder_version=&#8221;4.27.4&#8243; _module_preset=&#8221;default&#8221; global_colors_info=&#8221;{}&#8221;][torq_carousel is_variable_width=&#8221;on&#8221; nav_color=&#8221;#FFFFFF&#8221; nav_bg=&#8221;#171B25&#8243; _builder_version=&#8221;4.27.4&#8243; _module_preset=&#8221;default&#8221; text_orientation=&#8221;center&#8221; link_option_url_new_window=&#8221;on&#8221; global_colors_info=&#8221;{}&#8221;][torq_carousel_child photo=&#8221;https:\/\/www.touchguard.eu\/wp-content\/uploads\/2024\/12\/csm_rg360_web_62488c24f4.png&#8221; title=&#8221;Ruggear RG360&#8243; sub_title=&#8221;Kompaktn\u00ed telefon na poch\u016fzky&#8221; content_alignment=&#8221;center&#8221; _builder_version=&#8221;4.27.4&#8243; title_font=&#8221;|700|||||||&#8221; title_text_color=&#8221;#0A0A0A&#8221; subtitle_font=&#8221;||||||||&#8221; subtitle_text_color=&#8221;#0A0A0A&#8221; subtitle_line_height=&#8221;2em&#8221; custom_padding=&#8221;||||false|false&#8221; link_option_url_new_window=&#8221;on&#8221; global_colors_info=&#8221;{}&#8221;][\/torq_carousel_child][torq_carousel_child photo=&#8221;https:\/\/www.touchguard.eu\/wp-content\/uploads\/2024\/12\/csm_RG440-front-view_1642d80b6e.png&#8221; title=&#8221;Ruggear RG440&#8243; sub_title=&#8221;Body kamera a PTT v jednom&#8221; content_alignment=&#8221;center&#8221; _builder_version=&#8221;4.27.4&#8243; title_font=&#8221;|700|||||||&#8221; title_text_color=&#8221;#0A0A0A&#8221; subtitle_text_color=&#8221;#0A0A0A&#8221; subtitle_line_height=&#8221;2em&#8221; custom_padding=&#8221;||||false|false&#8221; link_option_url_new_window=&#8221;on&#8221; global_colors_info=&#8221;{}&#8221;][\/torq_carousel_child][torq_carousel_child photo=&#8221;https:\/\/www.touchguard.eu\/wp-content\/uploads\/2024\/12\/csm_rg_540_no_shadow_c180b1d5e5.png&#8221; title=&#8221;Ruggear RG540&#8243; sub_title=&#8221;Pro osamocen\u00e9 pracovn\u00edky a Push-to-Talk&#8221; content_alignment=&#8221;center&#8221; _builder_version=&#8221;4.27.4&#8243; title_font=&#8221;|700|||||||&#8221; title_text_color=&#8221;#0A0A0A&#8221; title_line_height=&#8221;1em&#8221; subtitle_text_color=&#8221;#0A0A0A&#8221; subtitle_line_height=&#8221;2em&#8221; custom_padding=&#8221;||||false|false&#8221; link_option_url_new_window=&#8221;on&#8221; global_colors_info=&#8221;{}&#8221;][\/torq_carousel_child][torq_carousel_child photo=&#8221;https:\/\/www.touchguard.eu\/wp-content\/uploads\/2024\/12\/csm_rg725_front_web_ae336bd262.png&#8221; title=&#8221;Ruggear RG725&#8243; sub_title=&#8221;Pro osamocen\u00e9 pracovn\u00edky a Push-to-Talk&#8221; content_alignment=&#8221;center&#8221; _builder_version=&#8221;4.27.4&#8243; title_font=&#8221;|700|||||||&#8221; title_text_color=&#8221;#0A0A0A&#8221; title_line_height=&#8221;1em&#8221; subtitle_text_color=&#8221;#0A0A0A&#8221; subtitle_line_height=&#8221;2em&#8221; custom_padding=&#8221;||||false|false&#8221; link_option_url_new_window=&#8221;on&#8221; global_colors_info=&#8221;{}&#8221;][\/torq_carousel_child][torq_carousel_child photo=&#8221;https:\/\/www.touchguard.eu\/wp-content\/uploads\/2024\/12\/csm_RG880-front-view_52af711f52.png&#8221; title=&#8221;Ruggear RG880i&#8221; sub_title=&#8221;V\u00fdkonn\u00fd a odoln\u00fd&#8221; content_alignment=&#8221;center&#8221; content_padding=&#8221;||||false|false&#8221; _builder_version=&#8221;4.27.4&#8243; title_font=&#8221;|700|||||||&#8221; title_text_color=&#8221;#0A0A0A&#8221; subtitle_text_color=&#8221;#0A0A0A&#8221; subtitle_letter_spacing=&#8221;0px&#8221; subtitle_line_height=&#8221;2em&#8221; custom_padding=&#8221;||||false|false&#8221; link_option_url_new_window=&#8221;on&#8221; global_colors_info=&#8221;{}&#8221;][\/torq_carousel_child][torq_carousel_child photo=&#8221;https:\/\/www.touchguard.eu\/wp-content\/uploads\/2024\/12\/csm_rg_935_web_3_senza_ombra_2b633b1336.png&#8221; title=&#8221;Ruggear RG935&#8243; sub_title=&#8221;Tablet s v\u00fdm\u011bnn\u00fdmi bateriemi&#8221; content_alignment=&#8221;center&#8221; content_padding=&#8221;||||false|false&#8221; _builder_version=&#8221;4.27.4&#8243; title_font=&#8221;|700|||||||&#8221; title_text_color=&#8221;#0A0A0A&#8221; subtitle_text_color=&#8221;#0A0A0A&#8221; subtitle_letter_spacing=&#8221;0px&#8221; subtitle_line_height=&#8221;2em&#8221; custom_padding=&#8221;||||false|false&#8221; link_option_url_new_window=&#8221;on&#8221; global_colors_info=&#8221;{}&#8221;][\/torq_carousel_child][\/torq_carousel][\/et_pb_column][\/et_pb_row][et_pb_row _builder_version=&#8221;4.27.4&#8243; _module_preset=&#8221;default&#8221; width=&#8221;100%&#8221; max_width=&#8221;3440px&#8221; height=&#8221;600px&#8221; custom_margin=&#8221;0px||0px||true|false&#8221; custom_padding=&#8221;0px||0px||true|false&#8221; hover_enabled=&#8221;0&#8243; global_colors_info=&#8221;{}&#8221; height_last_edited=&#8221;on|phone&#8221; sticky_enabled=&#8221;0&#8243; height_tablet=&#8221;600px&#8221; height_phone=&#8221;600px&#8221;][et_pb_column type=&#8221;4_4&#8243; _builder_version=&#8221;4.27.4&#8243; _module_preset=&#8221;default&#8221; global_colors_info=&#8221;{}&#8221;][et_pb_slider show_arrows=&#8221;off&#8221; show_pagination=&#8221;off&#8221; use_bg_overlay=&#8221;on&#8221; use_text_overlay=&#8221;off&#8221; _builder_version=&#8221;4.27.4&#8243; _module_preset=&#8221;default&#8221; header_level=&#8221;h3&#8243; header_font=&#8221;|700|||||||&#8221; width=&#8221;100%&#8221; max_width=&#8221;3440%&#8221; height=&#8221;600px&#8221; custom_padding=&#8221;200px||||false|false&#8221; hover_enabled=&#8221;0&#8243; custom_css_slide_button=&#8221;margin-top: 50px;&#8221; global_colors_info=&#8221;{}&#8221; height_last_edited=&#8221;on|phone&#8221; sticky_enabled=&#8221;0&#8243; custom_padding_last_edited=&#8221;on|phone&#8221; custom_padding_phone=&#8221;40px||||false|false&#8221; header_font_size=&#8221;47px&#8221; header_font_size_last_edited=&#8221;on|desktop&#8221; header_font_size_phone=&#8221;36px&#8221; height_tablet=&#8221;600px&#8221; height_phone=&#8221;600px&#8221; custom_padding_tablet=&#8221;200px||||false|false&#8221; header_font_size_tablet=&#8221;47px&#8221;][et_pb_slide heading=&#8221;Co odli\u0161uje telefony Ruggear od ostatn\u00edch?&#8221; button_text=&#8221;V\u00edce informac\u00ed&#8221; button_link=&#8221;https:\/\/ruggshop.eu&#8221; url_new_window=&#8221;on&#8221; use_text_overlay=&#8221;off&#8221; _builder_version=&#8221;4.27.4&#8243; _module_preset=&#8221;default&#8221; background_enable_color=&#8221;off&#8221; background_image=&#8221;https:\/\/www.touchguard.eu\/wp-content\/uploads\/2024\/12\/csm_policeman_1f8ce9378a.png&#8221; background_enable_image=&#8221;on&#8221; custom_button=&#8221;on&#8221; button_bg_color=&#8221;#f7a900&#8243; button_font=&#8221;|700|||||||&#8221; hover_enabled=&#8221;0&#8243; global_colors_info=&#8221;{}&#8221; sticky_transition=&#8221;on&#8221; header_font_size=&#8221;46px&#8221; header_font_size_last_edited=&#8221;on|phone&#8221; sticky_enabled=&#8221;0&#8243; header_font_size_tablet=&#8221;46px&#8221; header_font_size_phone=&#8221;46px&#8221;]<\/p>\n<p>RugGear&#8217;s high-performance mobile devices combine proven hardware and communications solutions with state-of-the-art technology over public or private broadband via the LTE standard. RugGear devices are the basis for efficient, secure and stable team communications and offer Push-to-Talk (PTT) as well as Mission-Critical-Push-To-Talk (MCPTT) functions. With customer-oriented product development in Germany, RugGear contributes to the future of broadband communications.  <\/p>\n<p>[\/et_pb_slide][\/et_pb_slider][\/et_pb_column][\/et_pb_row][et_pb_row _builder_version=&#8221;4.27.4&#8243; _module_preset=&#8221;default&#8221; custom_padding=&#8221;60px|||||&#8221; global_colors_info=&#8221;{}&#8221;][et_pb_column type=&#8221;4_4&#8243; _builder_version=&#8221;4.27.4&#8243; _module_preset=&#8221;default&#8221; global_colors_info=&#8221;{}&#8221;][et_pb_text _builder_version=&#8221;4.27.4&#8243; _module_preset=&#8221;default&#8221; header_4_font=&#8221;|700|||||||&#8221; header_4_text_align=&#8221;center&#8221; header_4_text_color=&#8221;#0A0A0A&#8221; header_4_font_size=&#8221;25px&#8221; header_5_font=&#8221;|700|||||||&#8221; header_5_text_align=&#8221;center&#8221; header_5_text_color=&#8221;#0A0A0A&#8221; header_5_font_size=&#8221;25px&#8221; header_5_text_shadow_style=&#8221;preset3&#8243; header_5_text_shadow_color=&#8221;#FFFFFF&#8221; global_colors_info=&#8221;{}&#8221;]<\/p>\n<h5>Designed for professionals<\/h5>\n<p>[\/et_pb_text][\/et_pb_column][\/et_pb_row][et_pb_row column_structure=&#8221;1_3,1_3,1_3&#8243; use_custom_gutter=&#8221;on&#8221; make_equal=&#8221;on&#8221; _builder_version=&#8221;4.27.4&#8243; _module_preset=&#8221;default&#8221; background_color=&#8221;#FFFFFF&#8221; width=&#8221;95%&#8221; max_width=&#8221;1440px&#8221; module_alignment=&#8221;center&#8221; custom_margin=&#8221;32px||32px||true|false&#8221; custom_padding=&#8221;30px||88px||false|false&#8221; global_colors_info=&#8221;{}&#8221;][et_pb_column type=&#8221;1_3&#8243; _builder_version=&#8221;4.27.4&#8243; _module_preset=&#8221;default&#8221; global_colors_info=&#8221;{}&#8221;][et_pb_blurb title=&#8221;Designed for PTT&#8221; image=&#8221;https:\/\/www.touchguard.eu\/wp-content\/uploads\/2024\/12\/PTT.svg&#8221; icon_placement=&#8221;left&#8221; image_icon_width=&#8221;250%&#8221; module_class=&#8221;equal-1&#8243; _builder_version=&#8221;4.27.4&#8243; _module_preset=&#8221;default&#8221; header_level=&#8221;h3&#8243; header_font=&#8221;|700|||||||&#8221; header_text_color=&#8221;#0A0A0A&#8221; header_font_size=&#8221;24px&#8221; body_text_color=&#8221;#0A0A0A&#8221; body_font_size=&#8221;16px&#8221; image_icon_custom_margin=&#8221;||||false|false&#8221; image_icon_custom_padding=&#8221;||||false|false&#8221; custom_padding=&#8221;||||false|false&#8221; hover_enabled=&#8221;0&#8243; custom_css_free_form=&#8221;.et_pb_blurb_description {||  margin-left:50px;||}&#8221; custom_css_blurb_title=&#8221;margin-left: 50px;&#8221; border_color_all_image=&#8221;RGBA(255,255,255,0)&#8221; global_colors_info=&#8221;{}&#8221; border_color_all_image__hover_enabled=&#8221;off|desktop&#8221; sticky_enabled=&#8221;0&#8243;]<\/p>\n<p><span>RugGear devices are designed for PTT over network communication and guarantee information flow at all times, even in the most critical circumstances.<\/span><\/p>\n<p>[\/et_pb_blurb][et_pb_blurb title=&#8221;IP68&#8243; image=&#8221;https:\/\/www.touchguard.eu\/wp-content\/uploads\/2024\/12\/Drop_IP68.svg&#8221; icon_placement=&#8221;left&#8221; image_icon_width=&#8221;250%&#8221; module_class=&#8221;equal-1&#8243; _builder_version=&#8221;4.27.4&#8243; _module_preset=&#8221;default&#8221; header_level=&#8221;h3&#8243; header_font=&#8221;|700|||||||&#8221; header_text_color=&#8221;#0A0A0A&#8221; header_font_size=&#8221;24px&#8221; body_text_color=&#8221;#0A0A0A&#8221; body_font_size=&#8221;16px&#8221; image_icon_custom_margin=&#8221;||||false|false&#8221; image_icon_custom_padding=&#8221;||||false|false&#8221; custom_padding=&#8221;||||false|false&#8221; custom_css_free_form=&#8221;.et_pb_blurb_description {||  margin-left:50px;||}&#8221; custom_css_blurb_title=&#8221;margin-left: 50px;&#8221; border_color_all_image=&#8221;RGBA(255,255,255,0)&#8221; global_colors_info=&#8221;{}&#8221; border_color_all_image__hover_enabled=&#8221;off|desktop&#8221;]<\/p>\n<p>Our devices are IP tested and certified, making them dust and water resistant.<\/p>\n<p>[\/et_pb_blurb][et_pb_blurb title=&#8221;SOS&#8221; image=&#8221;https:\/\/www.touchguard.eu\/wp-content\/uploads\/2024\/12\/PTT.svg&#8221; icon_placement=&#8221;left&#8221; image_icon_width=&#8221;250%&#8221; module_class=&#8221;equal-1&#8243; _builder_version=&#8221;4.27.4&#8243; _module_preset=&#8221;default&#8221; header_level=&#8221;h3&#8243; header_font=&#8221;|700|||||||&#8221; header_text_color=&#8221;#0A0A0A&#8221; header_font_size=&#8221;24px&#8221; body_text_color=&#8221;#0A0A0A&#8221; body_font_size=&#8221;16px&#8221; image_icon_custom_margin=&#8221;||||false|false&#8221; image_icon_custom_padding=&#8221;||||false|false&#8221; custom_padding=&#8221;||||false|false&#8221; custom_css_free_form=&#8221;.et_pb_blurb_description {||  margin-left:50px;||}&#8221; custom_css_blurb_title=&#8221;margin-left: 50px;&#8221; border_color_all_image=&#8221;RGBA(255,255,255,0)&#8221; global_colors_info=&#8221;{}&#8221; border_color_all_image__hover_enabled=&#8221;off|desktop&#8221;]<\/p>\n<p>For quick assistance in emergency situations, our devices are equipped with an easily accessible red SOS key.<\/p>\n<p>[\/et_pb_blurb][\/et_pb_column][et_pb_column type=&#8221;1_3&#8243; _builder_version=&#8221;4.27.4&#8243; _module_preset=&#8221;default&#8221; global_colors_info=&#8221;{}&#8221;][et_pb_blurb title=&#8221;Long-lasting battery&#8221; image=&#8221;https:\/\/www.touchguard.eu\/wp-content\/uploads\/2024\/12\/Battery.svg&#8221; icon_placement=&#8221;left&#8221; image_icon_width=&#8221;250%&#8221; module_class=&#8221;equal-1&#8243; _builder_version=&#8221;4.27.4&#8243; _module_preset=&#8221;default&#8221; header_level=&#8221;h3&#8243; header_font=&#8221;|700|||||||&#8221; header_text_color=&#8221;#0A0A0A&#8221; header_font_size=&#8221;24px&#8221; body_text_color=&#8221;#0A0A0A&#8221; body_font_size=&#8221;16px&#8221; image_icon_custom_margin=&#8221;||||false|false&#8221; image_icon_custom_padding=&#8221;||||false|false&#8221; custom_padding=&#8221;||||false|false&#8221; custom_css_free_form=&#8221;.et_pb_blurb_description {||  margin-left:50px;||}&#8221; custom_css_blurb_title=&#8221;margin-left: 50px;&#8221; border_color_all_image=&#8221;RGBA(255,255,255,0)&#8221; global_colors_info=&#8221;{}&#8221; border_color_all_image__hover_enabled=&#8221;off|desktop&#8221;]<\/p>\n<p>Our batteries are optimized to last through long shifts and guarantee reliable communication in all conditions.<\/p>\n<p>[\/et_pb_blurb][et_pb_blurb title=&#8221;Operating range&#8221; image=&#8221;https:\/\/www.touchguard.eu\/wp-content\/uploads\/2024\/12\/Temp_range.svg&#8221; icon_placement=&#8221;left&#8221; image_icon_width=&#8221;250%&#8221; module_class=&#8221;equal-1&#8243; _builder_version=&#8221;4.27.4&#8243; _module_preset=&#8221;default&#8221; header_level=&#8221;h3&#8243; header_font=&#8221;|700|||||||&#8221; header_text_color=&#8221;#0A0A0A&#8221; header_font_size=&#8221;24px&#8221; body_text_color=&#8221;#0A0A0A&#8221; body_font_size=&#8221;16px&#8221; image_icon_custom_margin=&#8221;||||false|false&#8221; image_icon_custom_padding=&#8221;||||false|false&#8221; custom_padding=&#8221;||||false|false&#8221; custom_css_free_form=&#8221;.et_pb_blurb_description {||  margin-left:50px;||}&#8221; custom_css_blurb_title=&#8221;margin-left: 50px;&#8221; border_color_all_image=&#8221;RGBA(255,255,255,0)&#8221; global_colors_info=&#8221;{}&#8221; border_color_all_image__hover_enabled=&#8221;off|desktop&#8221;]<\/p>\n<p>RugGear can be operated in the most extreme conditions with temperatures ranging from -10\u00b0C to +50\u00b0C.<\/p>\n<p>[\/et_pb_blurb][et_pb_blurb title=&#8221;Precise positioning&#8221; image=&#8221;https:\/\/www.touchguard.eu\/wp-content\/uploads\/2024\/12\/GPS.svg&#8221; icon_placement=&#8221;left&#8221; image_icon_width=&#8221;250%&#8221; module_class=&#8221;equal-1&#8243; _builder_version=&#8221;4.27.4&#8243; _module_preset=&#8221;default&#8221; header_level=&#8221;h3&#8243; header_font=&#8221;|700|||||||&#8221; header_text_color=&#8221;#0A0A0A&#8221; header_font_size=&#8221;24px&#8221; body_text_color=&#8221;#0A0A0A&#8221; body_font_size=&#8221;16px&#8221; image_icon_custom_margin=&#8221;||||false|false&#8221; image_icon_custom_padding=&#8221;||||false|false&#8221; custom_padding=&#8221;||||false|false&#8221; custom_css_free_form=&#8221;.et_pb_blurb_description {||  margin-left:50px;||}&#8221; custom_css_blurb_title=&#8221;margin-left: 50px;&#8221; border_color_all_image=&#8221;RGBA(255,255,255,0)&#8221; global_colors_info=&#8221;{}&#8221; border_color_all_image__hover_enabled=&#8221;off|desktop&#8221;]<\/p>\n<p>RugGear&#8217;s range of smartphones and tablets are equipped with GPS \/ A-GPS \/ Glonass \/ Galileo \/ Beidou to ensure accurate positioning in every part of the world.<\/p>\n<p>[\/et_pb_blurb][\/et_pb_column][et_pb_column type=&#8221;1_3&#8243; _builder_version=&#8221;4.27.4&#8243; _module_preset=&#8221;default&#8221; global_colors_info=&#8221;{}&#8221;][et_pb_blurb title=&#8221;Meets military standard&#8221; image=&#8221;https:\/\/www.touchguard.eu\/wp-content\/uploads\/2024\/12\/MIL-STD-810H.svg&#8221; icon_placement=&#8221;left&#8221; image_icon_width=&#8221;250%&#8221; module_class=&#8221;equal-1&#8243; _builder_version=&#8221;4.27.4&#8243; _module_preset=&#8221;default&#8221; header_level=&#8221;h3&#8243; header_font=&#8221;|700|||||||&#8221; header_text_color=&#8221;#0A0A0A&#8221; header_font_size=&#8221;24px&#8221; body_text_color=&#8221;#0A0A0A&#8221; body_font_size=&#8221;16px&#8221; image_icon_custom_margin=&#8221;||||false|false&#8221; image_icon_custom_padding=&#8221;||||false|false&#8221; custom_padding=&#8221;||||false|false&#8221; custom_css_free_form=&#8221;.et_pb_blurb_description {||  margin-left:50px;||}&#8221; custom_css_blurb_title=&#8221;margin-left: 50px;&#8221; border_color_all_image=&#8221;RGBA(255,255,255,0)&#8221; global_colors_info=&#8221;{}&#8221; border_color_all_image__hover_enabled=&#8221;off|desktop&#8221;]<\/p>\n<p>Devices tested to this standard withstand a wide range of environmental conditions.<\/p>\n<p>[\/et_pb_blurb][et_pb_blurb title=&#8221;Powerful speaker&#8221; image=&#8221;https:\/\/www.touchguard.eu\/wp-content\/uploads\/2024\/12\/Speaker.svg&#8221; icon_placement=&#8221;left&#8221; image_icon_width=&#8221;250%&#8221; module_class=&#8221;equal-1&#8243; _builder_version=&#8221;4.27.4&#8243; _module_preset=&#8221;default&#8221; header_level=&#8221;h3&#8243; header_font=&#8221;|700|||||||&#8221; header_text_color=&#8221;#0A0A0A&#8221; header_font_size=&#8221;24px&#8221; body_text_color=&#8221;#0A0A0A&#8221; body_font_size=&#8221;16px&#8221; image_icon_custom_margin=&#8221;||||false|false&#8221; image_icon_custom_padding=&#8221;||||false|false&#8221; custom_padding=&#8221;||||false|false&#8221; custom_css_free_form=&#8221;.et_pb_blurb_description {||  margin-left:50px;||}&#8221; custom_css_blurb_title=&#8221;margin-left: 50px;&#8221; border_color_all_image=&#8221;RGBA(255,255,255,0)&#8221; global_colors_info=&#8221;{}&#8221; border_color_all_image__hover_enabled=&#8221;off|desktop&#8221;]<\/p>\n<p>The speakers are designed to allow effective communication in the lowest environments with up to 105 dB output.<\/p>\n<p>[\/et_pb_blurb][et_pb_blurb title=&#8221;Wet-hand operation&#8221; image=&#8221;https:\/\/www.touchguard.eu\/wp-content\/uploads\/2024\/12\/Wet_hand_use.svg&#8221; icon_placement=&#8221;left&#8221; image_icon_width=&#8221;250%&#8221; module_class=&#8221;equal-1&#8243; _builder_version=&#8221;4.27.4&#8243; _module_preset=&#8221;default&#8221; header_level=&#8221;h3&#8243; header_font=&#8221;|700|||||||&#8221; header_text_color=&#8221;#0A0A0A&#8221; header_font_size=&#8221;24px&#8221; body_text_color=&#8221;#0A0A0A&#8221; body_font_size=&#8221;16px&#8221; image_icon_custom_margin=&#8221;||||false|false&#8221; image_icon_custom_padding=&#8221;||||false|false&#8221; custom_padding=&#8221;||||false|false&#8221; custom_css_free_form=&#8221;.et_pb_blurb_description {||  margin-left:50px;||}&#8221; custom_css_blurb_title=&#8221;margin-left: 50px;&#8221; border_color_all_image=&#8221;RGBA(255,255,255,0)&#8221; global_colors_info=&#8221;{}&#8221; border_color_all_image__hover_enabled=&#8221;off|desktop&#8221;]<\/p>\n<p>Thanks to the high-quality screens, ruggear devices can be operated with a wet hand or gloves.<\/p>\n<p>[\/et_pb_blurb][\/et_pb_column][\/et_pb_row][\/et_pb_section]<\/p>\n","protected":false},"excerpt":{"rendered":"<p>Rugged phones and tablets for industry  <\/p>\n","protected":false},"author":1,"featured_media":227449,"parent":0,"menu_order":0,"comment_status":"closed","ping_status":"closed","template":"","meta":{"_acf_changed":false,"_et_pb_use_builder":"on","_et_pb_old_content":"","_et_gb_content_width":"","footnotes":""},"tags":[65],"class_list":["post-228838","page","type-page","status-publish","has-post-thumbnail","hentry","tag-prislusenstvi-en"],"acf":[],"_links":{"self":[{"href":"https:\/\/www.touchguard.eu\/en\/wp-json\/wp\/v2\/pages\/228838","targetHints":{"allow":["GET"]}}],"collection":[{"href":"https:\/\/www.touchguard.eu\/en\/wp-json\/wp\/v2\/pages"}],"about":[{"href":"https:\/\/www.touchguard.eu\/en\/wp-json\/wp\/v2\/types\/page"}],"author":[{"embeddable":true,"href":"https:\/\/www.touchguard.eu\/en\/wp-json\/wp\/v2\/users\/1"}],"replies":[{"embeddable":true,"href":"https:\/\/www.touchguard.eu\/en\/wp-json\/wp\/v2\/comments?post=228838"}],"version-history":[{"count":1,"href":"https:\/\/www.touchguard.eu\/en\/wp-json\/wp\/v2\/pages\/228838\/revisions"}],"predecessor-version":[{"id":230847,"href":"https:\/\/www.touchguard.eu\/en\/wp-json\/wp\/v2\/pages\/228838\/revisions\/230847"}],"wp:featuredmedia":[{"embeddable":true,"href":"https:\/\/www.touchguard.eu\/en\/wp-json\/wp\/v2\/media\/227449"}],"wp:attachment":[{"href":"https:\/\/www.touchguard.eu\/en\/wp-json\/wp\/v2\/media?parent=228838"}],"wp:term":[{"taxonomy":"post_tag","embeddable":true,"href":"https:\/\/www.touchguard.eu\/en\/wp-json\/wp\/v2\/tags?post=228838"}],"curies":[{"name":"wp","href":"https:\/\/api.w.org\/{rel}","templated":true}]}}