{"id":229763,"date":"2024-11-26T13:40:43","date_gmt":"2024-11-26T12:40:43","guid":{"rendered":"https:\/\/www.touchguard.eu\/facilities\/"},"modified":"2026-04-16T17:50:56","modified_gmt":"2026-04-16T15:50:56","slug":"facilities","status":"publish","type":"page","link":"https:\/\/www.touchguard.eu\/en\/facilities\/","title":{"rendered":"Facilities"},"content":{"rendered":"<div class=\"et_pb_section_0 et_pb_section et_section_regular et_block_section\"><div class=\"et_pb_row_0 et_pb_row et_pb_equal_columns et_block_row\"><div class=\"et_pb_column_0 et_pb_column et_pb_column_1_2 et_block_column et_pb_css_mix_blend_mode_passthrough\"><div class=\"et_pb_text_0 et_pb_text et_pb_bg_layout_light et_pb_module et_block_module\"><div class=\"et_pb_text_inner\"><h2>Main advantages of the device database<\/h2>\n<\/div><\/div><div class=\"et_pb_blurb_0 et_pb_blurb et_pb_bg_layout_light et_pb_blurb_position_left et_pb_module et_block_module\"><div class=\"et_pb_blurb_content\"><div class=\"et_pb_main_blurb_image\"><span class=\"et_pb_image_wrap\"><span class=\"et-pb-icon et_animated et_animated\">\uf1c0<\/span><\/span><\/div><div class=\"et_pb_blurb_container\"><h6 class=\"et_pb_module_header\">Multiple device types (templates) can be created in the database and any number of specific devices can be registered<\/h6><\/div><\/div><\/div><div class=\"et_pb_blurb_1 et_pb_blurb et_pb_bg_layout_light et_pb_blurb_position_left et_pb_module et_block_module\"><div class=\"et_pb_blurb_content\"><div class=\"et_pb_main_blurb_image\"><span class=\"et_pb_image_wrap\"><span class=\"et-pb-icon et_animated et_animated\">\uf574<\/span><\/span><\/div><div class=\"et_pb_blurb_container\"><h6 class=\"et_pb_module_header\">Data for individual devices can be entered in bulk using import<\/h6><\/div><\/div><\/div><div class=\"et_pb_blurb_2 et_pb_blurb et_pb_bg_layout_light et_pb_blurb_position_left et_pb_module et_block_module\"><div class=\"et_pb_blurb_content\"><div class=\"et_pb_main_blurb_image\"><span class=\"et_pb_image_wrap\"><span class=\"et-pb-icon et_animated et_animated\">\ue0e6<\/span><\/span><\/div><div class=\"et_pb_blurb_container\"><h6 class=\"et_pb_module_header\">The properties of a specific device can be automatically entered into the form to be filled in<\/h6><\/div><\/div><\/div><div class=\"et_pb_blurb_3 et_pb_blurb et_pb_bg_layout_light et_pb_blurb_position_left et_pb_module et_block_module\"><div class=\"et_pb_blurb_content\"><div class=\"et_pb_main_blurb_image\"><span class=\"et_pb_image_wrap\"><span class=\"et-pb-icon et_animated et_animated\">\uf3fd<\/span><\/span><\/div><div class=\"et_pb_blurb_container\"><h6 class=\"et_pb_module_header\">Builds on other features such as KPIs and Alerts<\/h6><\/div><\/div><\/div><\/div><div class=\"et_pb_column_1 et_pb_column et_pb_column_1_2 et-last-child et_block_column et_pb_css_mix_blend_mode_passthrough\"><div class=\"et_pb_module et_d4_element torq_logo_carousel torq_logo_carousel_0\">\n\t\t\t\t\n\t\t\t\t\n\t\t\t\t\n\t\t\t\t\n\t\t\t\t\n\t\t\t\t\n\t\t\t\t<div class=\"et_pb_module_inner\">\n\t\t\t\t\t<div class = \"dtp-carousel dtp-logo-carousel dtp-carousel-frontend zoom_in\" data-settings=\"{&quot;responsive&quot;:[{&quot;breakpoint&quot;:980},{&quot;breakpoint&quot;:767,&quot;settings&quot;:{&quot;slidesToShow&quot;:1}}],&quot;cssEase&quot;:&quot;ease-in-out&quot;,&quot;swipe&quot;:true,&quot;variableWidth&quot;:false,&quot;dots&quot;:false,&quot;arrows&quot;:false,&quot;infinite&quot;:true,&quot;autoplay&quot;:true,&quot;autoplaySpeed&quot;:2000,&quot;speed&quot;:700,&quot;slidesToShow&quot;:2,&quot;slidesToScroll&quot;:1,&quot;centerPadding&quot;:&quot;70px&quot;,&quot;centerMode&quot;:false,&quot;vertical&quot;:false,&quot;prevArrow&quot;:&quot;&lt;button type=\\&quot;button\\&quot; data-icon=\\&quot;&amp;#x34;\\&quot; class=\\&quot;slick-arrow slick-prev\\&quot;&gt;Prev&lt;\\\/button&gt;&quot;,&quot;nextArrow&quot;:&quot;&lt;button type=\\&quot;button\\&quot; data-icon=\\&quot;&amp;#x35;\\&quot; class=\\&quot;slick-arrow slick-next\\&quot;&gt;Prev&lt;\\\/button&gt;&quot;}\" >\n                <div class=\"et_d4_element torq_logo_carousel_child torq_logo_carousel_child_0\">\n\t\t\t\t\n\t\t\t\t\n\t\t\t\t\n\t\t\t\t\n\t\t\t\t\n\t\t\t\t\n\t\t\t\t<div class=\"et_pb_module_inner\">\n\t\t\t\t\t<div class=\"dtp-carousel-item dtp-logo-carousel-item dtp-swapped-img-selector\">\n\t\t\t    <div class=\"dtp-overlay\"><i class=\"dtp-overlay-icon\"><\/i><\/div>\n\t\t\t\t<img decoding=\"async\" class=\"dtp-swapped-img\" src=\"https:\/\/www.touchguard.eu\/wp-content\/uploads\/2025\/03\/RG935-navsteva-prichod.png\" alt=\"N\u00e1v\u0161t\u011bvy - p\u0159\u00edchodov\u00fd formul\u00e1\u0159\" title=\"\">\n\t\t\t<\/div>\n\t\t\t\t<\/div>\n\t\t\t<\/div><div class=\"et_d4_element torq_logo_carousel_child torq_logo_carousel_child_1\">\n\t\t\t\t\n\t\t\t\t\n\t\t\t\t\n\t\t\t\t\n\t\t\t\t\n\t\t\t\t\n\t\t\t\t<div class=\"et_pb_module_inner\">\n\t\t\t\t\t<div class=\"dtp-carousel-item dtp-logo-carousel-item dtp-swapped-img-selector\">\n\t\t\t    <div class=\"dtp-overlay\"><i class=\"dtp-overlay-icon\"><\/i><\/div>\n\t\t\t\t<img decoding=\"async\" class=\"dtp-swapped-img\" src=\"https:\/\/www.touchguard.eu\/wp-content\/uploads\/2025\/03\/RG935-navsteva-odchod.png\" alt=\"\" title=\"\">\n\t\t\t<\/div>\n\t\t\t\t<\/div>\n\t\t\t<\/div>\n            <\/div>\n\t\t\t\t<\/div>\n\t\t\t<\/div><\/div><\/div><\/div>","protected":false},"excerpt":{"rendered":"<p>Clear database of device data with the possibility of linking to digital forms<\/p>\n","protected":false},"author":1,"featured_media":227458,"parent":0,"menu_order":8,"comment_status":"closed","ping_status":"closed","template":"","meta":{"_acf_changed":false,"_et_pb_use_builder":"on","_et_pb_old_content":"","_et_gb_content_width":"","footnotes":""},"tags":[64],"class_list":["post-229763","page","type-page","status-publish","has-post-thumbnail","hentry","tag-solutions"],"acf":[],"_links":{"self":[{"href":"https:\/\/www.touchguard.eu\/en\/wp-json\/wp\/v2\/pages\/229763","targetHints":{"allow":["GET"]}}],"collection":[{"href":"https:\/\/www.touchguard.eu\/en\/wp-json\/wp\/v2\/pages"}],"about":[{"href":"https:\/\/www.touchguard.eu\/en\/wp-json\/wp\/v2\/types\/page"}],"author":[{"embeddable":true,"href":"https:\/\/www.touchguard.eu\/en\/wp-json\/wp\/v2\/users\/1"}],"replies":[{"embeddable":true,"href":"https:\/\/www.touchguard.eu\/en\/wp-json\/wp\/v2\/comments?post=229763"}],"version-history":[{"count":1,"href":"https:\/\/www.touchguard.eu\/en\/wp-json\/wp\/v2\/pages\/229763\/revisions"}],"predecessor-version":[{"id":231309,"href":"https:\/\/www.touchguard.eu\/en\/wp-json\/wp\/v2\/pages\/229763\/revisions\/231309"}],"wp:featuredmedia":[{"embeddable":true,"href":"https:\/\/www.touchguard.eu\/en\/wp-json\/wp\/v2\/media\/227458"}],"wp:attachment":[{"href":"https:\/\/www.touchguard.eu\/en\/wp-json\/wp\/v2\/media?parent=229763"}],"wp:term":[{"taxonomy":"post_tag","embeddable":true,"href":"https:\/\/www.touchguard.eu\/en\/wp-json\/wp\/v2\/tags?post=229763"}],"curies":[{"name":"wp","href":"https:\/\/api.w.org\/{rel}","templated":true}]}}