{"id":228799,"date":"2024-11-26T13:40:43","date_gmt":"2024-11-26T12:40:43","guid":{"rendered":"https:\/\/www.touchguard.eu\/sprava-aktiv\/"},"modified":"2025-03-30T18:18:01","modified_gmt":"2025-03-30T16:18:01","slug":"sprava-aktiv","status":"publish","type":"page","link":"https:\/\/www.touchguard.eu\/sk\/sprava-aktiv\/","title":{"rendered":"Spr\u00e1va majetku"},"content":{"rendered":"<p>[et_pb_section fb_built=&#8221;1&#8243; admin_label=&#8221;section&#8221; _builder_version=&#8221;4.27.4&#8243; custom_padding=&#8221;||38px||false|false&#8221; global_colors_info=&#8221;{}&#8221;][et_pb_row column_structure=&#8221;1_3,2_3&#8243; use_custom_gutter=&#8221;on&#8221; gutter_width=&#8221;2&#8243; make_equal=&#8221;on&#8221; admin_label=&#8221;riadok&#8221; _builder_version=&#8221;4.27.4&#8243; background_size=&#8221;initial&#8221; background_position=&#8221;top_left&#8221; background_repeat=&#8221;repeat&#8221; max_width=&#8221;1600px&#8221; module_alignment=&#8221;center&#8221; custom_margin=&#8221;10px|10px|10px|10px|false|false&#8221; custom_padding=&#8221;0px||0px|30px|false|false&#8221; global_colors_info=&#8221;{}&#8221;][et_pb_column type=&#8221;1_3&#8243; _builder_version=&#8221;4.27.4&#8243; custom_padding=&#8221;|||&#8221; global_colors_info=&#8221;{}&#8221; custom_padding__hover=&#8221;|||&#8221;][et_pb_text admin_label=&#8221;Text&#8221; module_class=&#8221;valign-center&#8221; _builder_version=&#8221;4.27.4&#8243; header_3_text_color=&#8221;#31394C&#8221; custom_padding=&#8221;0px||0px|40px|false|false&#8221; global_colors_info=&#8221;{}&#8221; header_2_font=&#8221;|700|||||||&#8221; header_2_text_color=&#8221;#31394C&#8221; header_2_font_size=&#8221;33px&#8221; background_size=&#8221;initial&#8221; background_position=&#8221;top_left&#8221; background_repeat=&#8221;repeat&#8221; custom_margin=&#8221;30px||30px||false|false&#8221; border_width_left=&#8221;5px&#8221; border_color_left=&#8221;#04A8D6&#8243; hover_enabled=&#8221;0&#8243; sticky_enabled=&#8221;0&#8243;]<\/p>\n<h2>Hlavn\u00e9 v\u00fdhody spr\u00e1vy akt\u00edv<\/h2>\n<p>[\/et_pb_text][et_pb_blurb title=&#8221;Elektronick\u00e1 datab\u00e1za predmetov na vypo\u017ei\u010danie&#8221; use_icon=&#8221;on&#8221; font_icon=&#8221;&#xf1c0;||fa||900&#8243; icon_color=&#8221;#31394C&#8221; image_icon_background_color=&#8221;#FFFFFF&#8221; icon_placement=&#8221;left&#8221; image_icon_width=&#8221;25px&#8221; content_max_width=&#8221;100%&#8221; _builder_version=&#8221;4.27.4&#8243; _module_preset=&#8221;default&#8221; header_level=&#8221;h6&#8243; header_text_color=&#8221;#31394C&#8221; header_font_size=&#8221;16px&#8221; header_line_height=&#8221;1.2em&#8221; module_alignment=&#8221;left&#8221; custom_margin=&#8221;||2em|0px|false|false&#8221; custom_padding=&#8221;|||0px|false|false&#8221; hover_enabled=&#8221;0&#8243; global_colors_info=&#8221;{}&#8221; theme_builder_area=&#8221;post_content&#8221; sticky_enabled=&#8221;0&#8243;][\/et_pb_blurb][et_pb_blurb title=&#8221;Mo\u017enos\u0165 v\u00fdberu dl\u017en\u00edka zo zoznamu pou\u017e\u00edvate\u013eov v syst\u00e9me prilo\u017een\u00edm osobnej karty NFC&#8221; use_icon=&#8221;on&#8221; font_icon=&#8221;&#xf02b;||fa||900&#8243; icon_color=&#8221;#31394C&#8221; image_icon_background_color=&#8221;#FFFFFF&#8221; icon_placement=&#8221;left&#8221; image_icon_width=&#8221;25px&#8221; content_max_width=&#8221;100%&#8221; _builder_version=&#8221;4.27.4&#8243; _module_preset=&#8221;default&#8221; header_level=&#8221;h6&#8243; header_text_color=&#8221;#31394C&#8221; header_font_size=&#8221;16px&#8221; header_line_height=&#8221;1.2em&#8221; module_alignment=&#8221;left&#8221; custom_margin=&#8221;||2em|0px|false|false&#8221; custom_padding=&#8221;|||0px|false|false&#8221; hover_enabled=&#8221;0&#8243; global_colors_info=&#8221;{}&#8221; theme_builder_area=&#8221;post_content&#8221; sticky_enabled=&#8221;0&#8243;][\/et_pb_blurb][et_pb_blurb title=&#8221;Automatick\u00e9 e-mailov\u00e9 v\u00fdzvy na vr\u00e1tenie po\u017ei\u010dan\u00e9ho majetku&#8221; use_icon=&#8221;on&#8221; font_icon=&#8221;&#xf0e0;||fa||900&#8243; icon_color=&#8221;#31394C&#8221; image_icon_background_color=&#8221;#FFFFFF&#8221; icon_placement=&#8221;left&#8221; image_icon_width=&#8221;25px&#8221; content_max_width=&#8221;100%&#8221; _builder_version=&#8221;4.27.4&#8243; _module_preset=&#8221;default&#8221; header_level=&#8221;h6&#8243; header_text_color=&#8221;#31394C&#8221; header_font_size=&#8221;16px&#8221; header_line_height=&#8221;1.2em&#8221; module_alignment=&#8221;left&#8221; custom_margin=&#8221;||2em|0px|false|false&#8221; custom_padding=&#8221;|||0px|false|false&#8221; hover_enabled=&#8221;0&#8243; global_colors_info=&#8221;{}&#8221; theme_builder_area=&#8221;post_content&#8221; sticky_enabled=&#8221;0&#8243;][\/et_pb_blurb][\/et_pb_column][et_pb_column type=&#8221;2_3&#8243; _builder_version=&#8221;4.27.4&#8243; custom_padding=&#8221;|||&#8221; global_colors_info=&#8221;{}&#8221; custom_padding__hover=&#8221;|||&#8221;][torq_carousel slide_count=&#8221;4&#8243; nav_color=&#8221;#ffffff&#8221; nav_bg=&#8221;#3979ff&#8221; _builder_version=&#8221;4.27.4&#8243; _module_preset=&#8221;default&#8221; global_colors_info=&#8221;{}&#8221;][torq_carousel_child photo=&#8221;https:\/\/www.touchguard.eu\/wp-content\/uploads\/2025\/03\/RG880-dashboard-s-majetkem.png&#8221; _builder_version=&#8221;4.27.4&#8243; _module_preset=&#8221;default&#8221; global_colors_info=&#8221;{}&#8221;][\/torq_carousel_child][torq_carousel_child photo=&#8221;https:\/\/www.touchguard.eu\/wp-content\/uploads\/2025\/03\/RG880-seznam-majetku.png&#8221; _builder_version=&#8221;4.27.4&#8243; _module_preset=&#8221;default&#8221; global_colors_info=&#8221;{}&#8221;][\/torq_carousel_child][torq_carousel_child photo=&#8221;https:\/\/www.touchguard.eu\/wp-content\/uploads\/2025\/03\/RG880-majetek-vypujceny.png&#8221; _builder_version=&#8221;4.27.4&#8243; _module_preset=&#8221;default&#8221; global_colors_info=&#8221;{}&#8221;][\/torq_carousel_child][\/torq_carousel][\/et_pb_column][\/et_pb_row][\/et_pb_section]<\/p>\n","protected":false},"excerpt":{"rendered":"<p>Z\u00e1znamy o v\u00fdpo\u017ei\u010dk\u00e1ch majetku<\/p>\n","protected":false},"author":1,"featured_media":228802,"parent":0,"menu_order":0,"comment_status":"closed","ping_status":"closed","template":"","meta":{"_acf_changed":false,"_et_pb_use_builder":"on","_et_pb_old_content":"","_et_gb_content_width":"","footnotes":""},"tags":[138],"class_list":["post-228799","page","type-page","status-publish","has-post-thumbnail","hentry","tag-riesenie"],"acf":[],"_links":{"self":[{"href":"https:\/\/www.touchguard.eu\/sk\/wp-json\/wp\/v2\/pages\/228799","targetHints":{"allow":["GET"]}}],"collection":[{"href":"https:\/\/www.touchguard.eu\/sk\/wp-json\/wp\/v2\/pages"}],"about":[{"href":"https:\/\/www.touchguard.eu\/sk\/wp-json\/wp\/v2\/types\/page"}],"author":[{"embeddable":true,"href":"https:\/\/www.touchguard.eu\/sk\/wp-json\/wp\/v2\/users\/1"}],"replies":[{"embeddable":true,"href":"https:\/\/www.touchguard.eu\/sk\/wp-json\/wp\/v2\/comments?post=228799"}],"version-history":[{"count":0,"href":"https:\/\/www.touchguard.eu\/sk\/wp-json\/wp\/v2\/pages\/228799\/revisions"}],"wp:featuredmedia":[{"embeddable":true,"href":"https:\/\/www.touchguard.eu\/sk\/wp-json\/wp\/v2\/media\/228802"}],"wp:attachment":[{"href":"https:\/\/www.touchguard.eu\/sk\/wp-json\/wp\/v2\/media?parent=228799"}],"wp:term":[{"taxonomy":"post_tag","embeddable":true,"href":"https:\/\/www.touchguard.eu\/sk\/wp-json\/wp\/v2\/tags?post=228799"}],"curies":[{"name":"wp","href":"https:\/\/api.w.org\/{rel}","templated":true}]}}