{"id":228848,"date":"2024-11-27T11:39:10","date_gmt":"2024-11-27T10:39:10","guid":{"rendered":"https:\/\/www.touchguard.eu\/digitalne-formulare-ochrana-zamestnancov-walk-in-system\/"},"modified":"2025-03-30T10:13:22","modified_gmt":"2025-03-30T08:13:22","slug":"digitalne-formulare-ochrana-zamestnancov-walk-in-system","status":"publish","type":"page","link":"https:\/\/www.touchguard.eu\/sk\/","title":{"rendered":"Digit\u00e1lne formul\u00e1re, Ochrana zamestnancov, Obch\u00f4dzkov\u00fd syst\u00e9m"},"content":{"rendered":"<p>[et_pb_section admin_label=&#8221;section&#8221;]<br \/>\n\t\t\t[et_pb_row admin_label=&#8221;riadok&#8221;]<br \/>\n\t\t\t\t[et_pb_column type=&#8221;4_4&#8243;][\/et_pb_column]<br \/>\n\t\t\t[\/et_pb_row]<br \/>\n\t\t[\/et_pb_section]<\/p>\n","protected":false},"excerpt":{"rendered":"<p>H\u013ead\u00e1te n\u00e1stroj na zv\u00fd\u0161enie efektivity zamestnancov alebo na ich ochranu? Potom ste na spr\u00e1vnom mieste! <\/p>\n","protected":false},"author":1,"featured_media":228850,"parent":0,"menu_order":0,"comment_status":"closed","ping_status":"closed","template":"blank-hp.php","meta":{"_acf_changed":false,"_et_pb_use_builder":"on","_et_pb_old_content":"","_et_gb_content_width":"","footnotes":""},"tags":[142],"class_list":["post-228848","page","type-page","status-publish","has-post-thumbnail","hentry","tag-uvodna-stranka"],"acf":[],"_links":{"self":[{"href":"https:\/\/www.touchguard.eu\/sk\/wp-json\/wp\/v2\/pages\/228848","targetHints":{"allow":["GET"]}}],"collection":[{"href":"https:\/\/www.touchguard.eu\/sk\/wp-json\/wp\/v2\/pages"}],"about":[{"href":"https:\/\/www.touchguard.eu\/sk\/wp-json\/wp\/v2\/types\/page"}],"author":[{"embeddable":true,"href":"https:\/\/www.touchguard.eu\/sk\/wp-json\/wp\/v2\/users\/1"}],"replies":[{"embeddable":true,"href":"https:\/\/www.touchguard.eu\/sk\/wp-json\/wp\/v2\/comments?post=228848"}],"version-history":[{"count":0,"href":"https:\/\/www.touchguard.eu\/sk\/wp-json\/wp\/v2\/pages\/228848\/revisions"}],"wp:featuredmedia":[{"embeddable":true,"href":"https:\/\/www.touchguard.eu\/sk\/wp-json\/wp\/v2\/media\/228850"}],"wp:attachment":[{"href":"https:\/\/www.touchguard.eu\/sk\/wp-json\/wp\/v2\/media?parent=228848"}],"wp:term":[{"taxonomy":"post_tag","embeddable":true,"href":"https:\/\/www.touchguard.eu\/sk\/wp-json\/wp\/v2\/tags?post=228848"}],"curies":[{"name":"wp","href":"https:\/\/api.w.org\/{rel}","templated":true}]}}