{"id":228868,"date":"2024-11-26T13:40:43","date_gmt":"2024-11-26T12:40:43","guid":{"rendered":"https:\/\/www.touchguard.eu\/ecom-od-spolocnosti-pepperlfuchs\/"},"modified":"2026-04-16T17:50:33","modified_gmt":"2026-04-16T15:50:33","slug":"ecom-od-spolocnosti-pepperlfuchs","status":"publish","type":"page","link":"https:\/\/www.touchguard.eu\/sk\/ecom-od-spolocnosti-pepperlfuchs\/","title":{"rendered":"ECOM od spolo\u010dnosti Pepperl+Fuchs"},"content":{"rendered":"\n<div class=\"et_d4_element et_pb_section et_pb_section_0 et_pb_with_background  et_pb_css_mix_blend_mode et_section_regular et_block_section\" >\n\t\t\t\t\n\t\t\t\t\n\t\t\t\t\n\t\t\t\t\n\t\t\t\t\n\t\t\t\t\n\t\t\t\t<div class=\"et_d4_element et_pb_row et_pb_row_0  et_pb_css_mix_blend_mode et_block_row\">\n\t\t\t\t<div class=\"et_d4_element et_pb_column_4_4 et_pb_column et_pb_column_0  et_pb_css_mix_blend_mode et-last-child et_block_column\">\n\t\t\t\t\n\t\t\t\t\n\t\t\t\t\n\t\t\t\t\n\t\t\t\t<div class=\"et_pb_with_border et_pb_module et_d4_element et_pb_text et_pb_text_0  et_pb_text_align_left et_pb_bg_layout_dark\">\n\t\t\t\t\n\t\t\t\t\n\t\t\t\t\n\t\t\t\t\n\t\t\t\t<div class=\"et_pb_text_inner\"><h2>Iskrovo bezpe\u010dn\u00e9 mobiln\u00e9 zariadenia<\/h2><\/div>\n\t\t\t<\/div><div class=\"et_pb_module et_d4_element et_pb_text et_pb_text_1  et_pb_text_align_left et_pb_bg_layout_light\">\n\t\t\t\t\n\t\t\t\t\n\t\t\t\t\n\t\t\t\t\n\t\t\t\t<div class=\"et_pb_text_inner\"><p>Akviz\u00edciou spolo\u010dnosti <strong>ecom, l\u00eddra na trhu s&nbsp;iskrovo bezpe\u010dn\u00fdmi mobiln\u00fdmi zariadeniami,<\/strong> ako s\u00fa \u0161peci\u00e1lne telef\u00f3ny, smartf\u00f3ny a tablety pre prostredie s&nbsp;nebezpe\u010denstvom v\u00fdbuchu, roz\u0161\u00edrila spolo\u010dnos\u0165 Pepperl+Fuchs svoje portf\u00f3lio o partnera, ktor\u00fd je v&nbsp;tomto odvetv\u00ed zn\u00e1mou tv\u00e1rou u\u017e desa\u0165ro\u010dia. Spolo\u010dnos\u0165 TTC apki, s.r.o. je ofici\u00e1lnym distrib\u00fatorom tejto zna\u010dky pre \u010cesk\u00fa republiku a Slovensko. <\/p>\n<p>V\u0161etky mobiln\u00e9 zariadenia, od mobiln\u00fdch telef\u00f3nov a smartf\u00f3nov a\u017e po tablety, s\u00fa k&nbsp;dispoz\u00edcii vo verzi\u00e1ch na pou\u017eitie v&nbsp;<strong>n\u00e1ro\u010dn\u00fdch (priemyseln\u00fdch) podmienkach<\/strong>. K&nbsp;dispoz\u00edcii s\u00fa aj verzie s&nbsp;glob\u00e1lnymi certifik\u00e1tmi ATEX\/IECEx pre prostredia klasifikovan\u00e9 ako <strong>z\u00f3na 1\/21, div\u00edzia 1<\/strong> a <strong>z\u00f3na 2\/22, div\u00edzia 2<\/strong>, pre <strong>ban\u00edctvo<\/strong>, prostredie r\u00e1diov\u00fdch zariaden\u00ed a r\u00f4zne predpisy \u0161pecifick\u00e9 pre jednotliv\u00e9 krajiny. Priemyseln\u00e9 displeje a kryty poskytuj\u00fa dodato\u010dn\u00fa bezpe\u010dnos\u0165 t\u00fdm, \u017ee chr\u00e1nia zariadenie pred vniknut\u00edm prachu a vody a zabezpe\u010duj\u00fa jeho odolnos\u0165 vo\u010di n\u00e1razom a vibr\u00e1ci\u00e1m. <strong>Individu\u00e1lne mo\u017enosti konfigur\u00e1cie<\/strong>, dohody o \u00farovni slu\u017eieb v&nbsp;kombin\u00e1cii s&nbsp;digit\u00e1lnymi produktmi a slu\u017ebami a <strong>komplexn\u00e9 slu\u017eby poskytovan\u00e9 <\/strong>vy\u0161kolen\u00fdm person\u00e1lom dop\u013a\u0148aj\u00fa ponuku mobiln\u00fdch po\u010d\u00edta\u010dov\u00fdch a komunika\u010dn\u00fdch rie\u0161en\u00ed.   <\/p>\n<p>To uvo\u013e\u0148uje nov\u00fd potenci\u00e1l a zvy\u0161uje bezpe\u010dnos\u0165, efekt\u00edvnos\u0165 a transparentnos\u0165 pracovn\u00fdch postupov, \u010di u\u017e v&nbsp;klasick\u00fdch aplik\u00e1ci\u00e1ch alebo v<strong>scen\u00e1roch<\/strong><span> <\/span><strong>Industry 4.0<\/strong>.<\/p><\/div>\n\t\t\t<\/div>\n\t\t\t<\/div>\n\t\t\t\t\n\t\t\t\t\n\t\t\t\t\n\t\t\t\t\n\t\t\t<\/div><div class=\"et_d4_element et_pb_row et_pb_row_1  et_pb_css_mix_blend_mode et_block_row\">\n\t\t\t\t<div class=\"et_d4_element et_pb_column_4_4 et_pb_column et_pb_column_1  et_pb_css_mix_blend_mode et-last-child et_block_column\">\n\t\t\t\t\n\t\t\t\t\n\t\t\t\t\n\t\t\t\t\n\t\t\t\t<div class=\"et_pb_module et_d4_element et_pb_image et_pb_image_0\">\n\t\t\t\t\n\t\t\t\t\n\t\t\t\t\n\t\t\t\t\n\t\t\t\t<span class=\"et_pb_image_wrap \"><img loading=\"lazy\" decoding=\"async\" width=\"1024\" height=\"300\" src=\"https:\/\/www.touchguard.eu\/wp-content\/uploads\/2024\/11\/EC_JS_20241016_01_intrinsically_safe_mobile_devices_product_family_overview.png\" alt=\"\" title=\"EC_JS_20241016_01_intrinsicky_bezpe\u010dn\u00e9_mobiln\u00e9_zariadenia_preh\u013ead_rodiny_produktov\" class=\"wp-image-2433\"><\/span>\n\t\t\t<\/div>\n\t\t\t<\/div>\n\t\t\t\t\n\t\t\t\t\n\t\t\t\t\n\t\t\t\t\n\t\t\t<\/div><div class=\"et_d4_element et_pb_row et_pb_row_2 ecom  et_pb_css_mix_blend_mode et_block_row\">\n\t\t\t\t<div class=\"et_d4_element et_pb_column_4_4 et_pb_column et_pb_column_2  et_pb_css_mix_blend_mode et-last-child et_block_column\">\n\t\t\t\t\n\t\t\t\t\n\t\t\t\t\n\t\t\t\t\n\t\t\t\t<div class=\"et_pb_with_border et_pb_module et_d4_element et_pb_text et_pb_text_2  et_pb_text_align_left et_pb_bg_layout_dark\">\n\t\t\t\t\n\t\t\t\t\n\t\t\t\t\n\t\t\t\t\n\t\t\t\t<div class=\"et_pb_text_inner\"><h2>Mobiln\u00e9 po\u010d\u00edta\u010dov\u00e9 a komunika\u010dn\u00e9 rie\u0161enia<\/h2><\/div>\n\t\t\t<\/div><div class=\"et_pb_module et_d4_element et_pb_blurb et_pb_blurb_0 ecom_blurb  et_pb_text_align_justified  et_pb_blurb_position_left et_block_module et_pb_bg_layout_light\">\n\t\t\t\t\n\t\t\t\t\n\t\t\t\t\n\t\t\t\t\n\t\t\t\t<div class=\"et_pb_blurb_content\">\n\t\t\t\t\t<div class=\"et_pb_main_blurb_image et_pb_css_mix_blend_mode\"><span class=\"et_pb_image_wrap et_pb_only_image_mode_wrap\"><img loading=\"lazy\" decoding=\"async\" width=\"161\" height=\"161\" src=\"https:\/\/www.touchguard.eu\/wp-content\/uploads\/2024\/12\/EC_JS_20240416_06_Mobile_Computing_300x300px_rdax_161x161_100.png\" alt=\"\" class=\"et-waypoint et_pb_animation_top et_pb_animation_top_tablet et_pb_animation_top_phone wp-image-227190\" title=\"\"><\/span><\/div>\n\t\t\t\t\t<div class=\"et_pb_blurb_container\">\n\t\t\t\t\t\t<h3 class=\"et_pb_module_header\"><span>Mobiln\u00e1 v\u00fdpo\u010dtov\u00e1 technika<\/span><\/h3>\n\t\t\t\t\t\t<div class=\"et_pb_blurb_description\"><p>Presk\u00famajte na\u0161e portf\u00f3lio tabletov a pr\u00edslu\u0161enstva na mobiln\u00e9 pou\u017eitie v&nbsp;ropnom a plyn\u00e1renskom, petrochemickom, chemickom, farmaceutickom a in\u00fdch odvetviach. <strong>Odoln\u00e9 tabletov\u00e9 rie\u0161enia<\/strong> podporuj\u00fa mobiln\u00fdch pracovn\u00edkov pri kontrol\u00e1ch, prieskumoch, \u00fadr\u017ebe, inventariz\u00e1cii a sledovan\u00ed materi\u00e1lu a\u017e po <strong>aplik\u00e1cie roz\u0161\u00edrenej reality<\/strong> v&nbsp;n\u00e1ro\u010dn\u00fdch priemyseln\u00fdch a nebezpe\u010dn\u00fdch prostrediach klasifikovan\u00fdch ako z\u00f3na 1\/21, div\u00edzia 1 alebo z\u00f3na 2\/22, div\u00edzia 2.<\/p><\/div>\n\t\t\t\t\t<\/div>\n\t\t\t\t<\/div>\n\t\t\t<\/div><div class=\"et_pb_module et_d4_element et_pb_blurb et_pb_blurb_1 ecom_blurb  et_pb_text_align_justified  et_pb_blurb_position_left et_block_module et_pb_bg_layout_light\">\n\t\t\t\t\n\t\t\t\t\n\t\t\t\t\n\t\t\t\t\n\t\t\t\t<div class=\"et_pb_blurb_content\">\n\t\t\t\t\t<div class=\"et_pb_main_blurb_image et_pb_css_mix_blend_mode\"><span class=\"et_pb_image_wrap et_pb_only_image_mode_wrap\"><img loading=\"lazy\" decoding=\"async\" width=\"161\" height=\"161\" src=\"https:\/\/www.touchguard.eu\/wp-content\/uploads\/2024\/12\/EC_JS_20241017_03_smart-ex_03_dz1_smartphone_300x300_px_rdax_161x161_100.png\" alt=\"\" class=\"et-waypoint et_pb_animation_top et_pb_animation_top_tablet et_pb_animation_top_phone wp-image-227194\" title=\"\"><\/span><\/div>\n\t\t\t\t\t<div class=\"et_pb_blurb_container\">\n\t\t\t\t\t\t<h3 class=\"et_pb_module_header\"><span>Komunik\u00e1cia<\/span><\/h3>\n\t\t\t\t\t\t<div class=\"et_pb_blurb_description\"><p>Zna\u010dka ecom spolo\u010dnosti Pepperl+Fuchs pon\u00faka cel\u00fd rad priemyseln\u00fdch a iskrovo bezpe\u010dn\u00fdch mobiln\u00fdch zariaden\u00ed, ako s\u00fa <strong>klasick\u00e9 telef\u00f3ny a smartf\u00f3ny<\/strong>, \u010di u\u017e na <strong>komunik\u00e1ciu bez pou\u017eitia r\u00fak a spolupr\u00e1cu<\/strong> v&nbsp;priemyselnom prostred\u00ed, alebo v&nbsp;prostred\u00ed s&nbsp;nebezpe\u010denstvom v\u00fdbuchu. V\u010faka nim s\u00fa pracovn\u00e9 procesy bezpe\u010dnej\u0161ie a efekt\u00edvnej\u0161ie. Sortiment dop\u013a\u0148a <strong>portf\u00f3lio \u010fal\u0161ieho pr\u00edslu\u0161enstva<\/strong>.  <\/p><\/div>\n\t\t\t\t\t<\/div>\n\t\t\t\t<\/div>\n\t\t\t<\/div><div class=\"et_pb_module et_d4_element et_pb_blurb et_pb_blurb_2 ecom_blurb  et_pb_text_align_justified  et_pb_blurb_position_left et_block_module et_pb_bg_layout_light\">\n\t\t\t\t\n\t\t\t\t\n\t\t\t\t\n\t\t\t\t\n\t\t\t\t<div class=\"et_pb_blurb_content\">\n\t\t\t\t\t<div class=\"et_pb_main_blurb_image et_pb_css_mix_blend_mode\"><span class=\"et_pb_image_wrap et_pb_only_image_mode_wrap\"><img loading=\"lazy\" decoding=\"async\" width=\"161\" height=\"161\" src=\"https:\/\/www.touchguard.eu\/wp-content\/uploads\/2024\/12\/EC_CM_20231017_ecom_headset_200px_rdax_161x161_100.png\" alt=\"\" class=\"et-waypoint et_pb_animation_top et_pb_animation_top_tablet et_pb_animation_top_phone wp-image-227193\" title=\"\"><\/span><\/div>\n\t\t\t\t\t<div class=\"et_pb_blurb_container\">\n\t\t\t\t\t\t<h3 class=\"et_pb_module_header\"><span>Perif\u00e9rne zariadenia<\/span><\/h3>\n\t\t\t\t\t\t<div class=\"et_pb_blurb_description\"><p>Rozmanit\u00e9 portf\u00f3lio dop\u013a\u0148aj\u00fa r\u00f4zne perif\u00e9rne zariadenia, ako s\u00fa iskrovo bezpe\u010dn\u00e9 kamerov\u00e9 syst\u00e9my, mikrof\u00f3ny so vzdialen\u00fdm reproduktorom, bezdr\u00f4tov\u00e9 n\u00e1hlavn\u00e9 s\u00fapravy, sn\u00edma\u010de \u010diarov\u00fdch k\u00f3dov, \u010d\u00edta\u010dky RFID a maj\u00e1ky Bluetooth.<\/p><\/div>\n\t\t\t\t\t<\/div>\n\t\t\t\t<\/div>\n\t\t\t<\/div><div class=\"et_pb_module et_d4_element et_pb_blurb et_pb_blurb_3 ecom_blurb  et_pb_text_align_justified  et_pb_blurb_position_left et_block_module et_pb_bg_layout_light\">\n\t\t\t\t\n\t\t\t\t\n\t\t\t\t\n\t\t\t\t\n\t\t\t\t<div class=\"et_pb_blurb_content\">\n\t\t\t\t\t<div class=\"et_pb_main_blurb_image et_pb_css_mix_blend_mode\"><span class=\"et_pb_image_wrap et_pb_only_image_mode_wrap\"><img loading=\"lazy\" decoding=\"async\" width=\"161\" height=\"161\" src=\"https:\/\/www.touchguard.eu\/wp-content\/uploads\/2024\/12\/EC_JS_20200421_01_measurement_calibration_square_rdax_161x161_100.png\" alt=\"\" class=\"et-waypoint et_pb_animation_top et_pb_animation_top_tablet et_pb_animation_top_phone wp-image-227192\" title=\"\"><\/span><\/div>\n\t\t\t\t\t<div class=\"et_pb_blurb_container\">\n\t\t\t\t\t\t<h3 class=\"et_pb_module_header\"><span>Meranie a kalibr\u00e1cia<\/span><\/h3>\n\t\t\t\t\t\t<div class=\"et_pb_blurb_description\"><p>Meracie a kalibra\u010dn\u00e9 technol\u00f3gie boli v\u017edy neoddelite\u013enou s\u00fa\u010das\u0165ou portf\u00f3lia iskrovo bezpe\u010dn\u00fdch a nev\u00fdbu\u0161n\u00fdch mobiln\u00fdch zariaden\u00ed spolo\u010dnosti Pepperl+Fuchs od spolo\u010dnosti ecom. Tieto zariadenia umo\u017e\u0148uj\u00fa mobiln\u00fdm pracovn\u00edkom <strong>vykon\u00e1va\u0165 merania a testovanie<\/strong> na <strong>mieste<\/strong> <strong>r\u00fdchlej\u0161ie a efekt\u00edvnej\u0161ie<\/strong>. <\/p><\/div>\n\t\t\t\t\t<\/div>\n\t\t\t\t<\/div>\n\t\t\t<\/div>\n\t\t\t<\/div>\n\t\t\t\t\n\t\t\t\t\n\t\t\t\t\n\t\t\t\t\n\t\t\t<\/div>\n\t\t\t\t\n\t\t\t\t\n\t\t\t<\/div>\n","protected":false},"excerpt":{"rendered":"<p>Telef\u00f3ny a tablety do nebezpe\u010dn\u00fdch priestorov<\/p>\n","protected":false},"author":1,"featured_media":228870,"parent":0,"menu_order":0,"comment_status":"closed","ping_status":"closed","template":"","meta":{"_acf_changed":false,"_et_pb_use_builder":"on","_et_pb_old_content":"","_et_gb_content_width":"","footnotes":""},"tags":[140],"class_list":["post-228868","page","type-page","status-publish","has-post-thumbnail","hentry","tag-prislusenstvo"],"acf":[],"_links":{"self":[{"href":"https:\/\/www.touchguard.eu\/sk\/wp-json\/wp\/v2\/pages\/228868","targetHints":{"allow":["GET"]}}],"collection":[{"href":"https:\/\/www.touchguard.eu\/sk\/wp-json\/wp\/v2\/pages"}],"about":[{"href":"https:\/\/www.touchguard.eu\/sk\/wp-json\/wp\/v2\/types\/page"}],"author":[{"embeddable":true,"href":"https:\/\/www.touchguard.eu\/sk\/wp-json\/wp\/v2\/users\/1"}],"replies":[{"embeddable":true,"href":"https:\/\/www.touchguard.eu\/sk\/wp-json\/wp\/v2\/comments?post=228868"}],"version-history":[{"count":1,"href":"https:\/\/www.touchguard.eu\/sk\/wp-json\/wp\/v2\/pages\/228868\/revisions"}],"predecessor-version":[{"id":231289,"href":"https:\/\/www.touchguard.eu\/sk\/wp-json\/wp\/v2\/pages\/228868\/revisions\/231289"}],"wp:featuredmedia":[{"embeddable":true,"href":"https:\/\/www.touchguard.eu\/sk\/wp-json\/wp\/v2\/media\/228870"}],"wp:attachment":[{"href":"https:\/\/www.touchguard.eu\/sk\/wp-json\/wp\/v2\/media?parent=228868"}],"wp:term":[{"taxonomy":"post_tag","embeddable":true,"href":"https:\/\/www.touchguard.eu\/sk\/wp-json\/wp\/v2\/tags?post=228868"}],"curies":[{"name":"wp","href":"https:\/\/api.w.org\/{rel}","templated":true}]}}