{"id":228891,"date":"2025-03-13T16:17:39","date_gmt":"2025-03-13T15:17:39","guid":{"rendered":"https:\/\/www.touchguard.eu\/kontakt\/"},"modified":"2025-04-16T09:40:56","modified_gmt":"2025-04-16T07:40:56","slug":"kontakt","status":"publish","type":"page","link":"https:\/\/www.touchguard.eu\/sk\/kontakt\/","title":{"rendered":"Kontakt"},"content":{"rendered":"<p>[et_pb_section fb_built=&#8221;1&#8243; _builder_version=&#8221;4.27.4&#8243; _module_preset=&#8221;default&#8221; use_background_color_gradient=&#8221;on&#8221; background_color_gradient_direction=&#8221;90deg&#8221; background_color_gradient_stops=&#8221;#ffffff 50%|#04a8d6 50%&#8221; custom_padding=&#8221;0px||0px||false|false&#8221; background_last_edited=&#8221;on|phone&#8221; use_background_color_gradient_tablet=&#8221;off&#8221; global_colors_info=&#8221;{}&#8221;][et_pb_row column_structure=&#8221;1_2,1_2&#8243; use_custom_gutter=&#8221;on&#8221; make_equal=&#8221;on&#8221; admin_label=&#8221;row&#8221; _builder_version=&#8221;4.27.4&#8243; background_enable_color=&#8221;off&#8221; width=&#8221;95%&#8221; max_width=&#8221;3440px&#8221; module_alignment=&#8221;center&#8221; custom_margin=&#8221;|||30px|false|false&#8221; custom_padding=&#8221;|||0px|false|false&#8221; global_colors_info=&#8221;{}&#8221;][et_pb_column type=&#8221;1_2&#8243; _builder_version=&#8221;4.27.4&#8243; custom_padding=&#8221;|||&#8221; global_colors_info=&#8221;{}&#8221; custom_padding__hover=&#8221;|||&#8221;][et_pb_text admin_label=&#8221;Text&#8221; _builder_version=&#8221;4.27.4&#8243; header_2_font=&#8221;|700|||||||&#8221; header_2_text_color=&#8221;#31394C&#8221; header_2_font_size=&#8221;33px&#8221; header_3_text_color=&#8221;#31394C&#8221; background_size=&#8221;initial&#8221; background_position=&#8221;top_left&#8221; background_repeat=&#8221;repeat&#8221; custom_margin=&#8221;30px||30px||false|false&#8221; custom_padding=&#8221;0px||0px|40px|false|false&#8221; border_width_left=&#8221;5px&#8221; border_color_left=&#8221;#04A8D6&#8243; global_colors_info=&#8221;{}&#8221;]<\/p>\n<h2>Nap\u00ed\u0161te n\u00e1m<\/h2>\n<p>[\/et_pb_text][et_pb_text _builder_version=&#8221;4.27.4&#8243; _module_preset=&#8221;default&#8221; text_text_color=&#8221;#31394C&#8221; text_font_size=&#8221;1.2em&#8221; link_text_color=&#8221;#0C71C3&#8243; custom_padding=&#8221;|||40px|false|false&#8221; global_colors_info=&#8221;{}&#8221;]<\/p>\n<p>Oddelenie predaja, objedn\u00e1vky: <a href=\"mailto:obchod@apki.cz\">obchod@apki.cz<\/a><\/p>\n<p>Technick\u00e1 podpora: <a href=\"mailto:podpora@touchguard.eu\">podpora@touchguard.eu<\/a><\/p>\n<p>&nbsp;<\/p>\n<p>[\/et_pb_text][et_pb_text admin_label=&#8221;Text&#8221; _builder_version=&#8221;4.27.4&#8243; header_2_font=&#8221;|700|||||||&#8221; header_2_text_color=&#8221;#31394C&#8221; header_2_font_size=&#8221;33px&#8221; header_3_text_color=&#8221;#31394C&#8221; background_size=&#8221;initial&#8221; background_position=&#8221;top_left&#8221; background_repeat=&#8221;repeat&#8221; custom_margin=&#8221;30px||30px||false|false&#8221; custom_padding=&#8221;0px||0px|40px|false|false&#8221; border_width_left=&#8221;5px&#8221; border_color_left=&#8221;#04A8D6&#8243; global_colors_info=&#8221;{}&#8221;]<\/p>\n<h2>Zavolajte n\u00e1m<\/h2>\n<p>[\/et_pb_text][et_pb_text _builder_version=&#8221;4.27.4&#8243; text_text_color=&#8221;#31394C&#8221; text_font_size=&#8221;1.2em&#8221; link_text_color=&#8221;#0C71C3&#8243; custom_padding=&#8221;|||40px|false|false&#8221; locked=&#8221;off&#8221; global_colors_info=&#8221;{}&#8221; header_font_size__hover=&#8221;30px&#8221; header_font_size__hover_enabled=&#8221;30px&#8221; header_letter_spacing__hover=&#8221;0px&#8221; header_letter_spacing__hover_enabled=&#8221;0px&#8221; header_text_shadow_style__hover=&#8221;none&#8221; header_text_shadow_style__hover_enabled=&#8221;none&#8221; header_text_shadow_color__hover=&#8221;rgba(0,0,0,0.4)&#8221; header_text_shadow_color__hover_enabled=&#8221;rgba(0,0,0,0.4)&#8221;]<strong>Obchodn\u00e9 oddelenie<\/strong><\/p>\n<p>Telef\u00f3n: <a href=\"tel:+420234052455\">+420 234 052 455<\/a><br \/>\nMobil: <a href=\"tel:+420724600652\">+420 724 600 652<\/a><\/p>\n<p><strong>Technick\u00e1 podpora<\/strong><\/p>\n<p>Telef\u00f3n: <a href=\"tel:+420234052212\">+420 234 052 212<\/a><br \/>\nMobil: <a href=\"tel:+420724600662\">+420 724 600 662<\/a>[\/et_pb_text][\/et_pb_column][et_pb_column type=&#8221;1_2&#8243; _builder_version=&#8221;4.27.4&#8243; background_color=&#8221;#04A8D6&#8243; custom_padding=&#8221;|||&#8221; global_colors_info=&#8221;{}&#8221; custom_padding__hover=&#8221;|||&#8221;][et_pb_image src=&#8221;https:\/\/www.touchguard.eu\/wp-content\/uploads\/2025\/03\/apki_mono_negativ.png&#8221; alt=&#8221;Aplik\u00e1cie TTC&#8221; title_text=&#8221;apki_mono_negativ&#8221; _builder_version=&#8221;4.27.4&#8243; _module_preset=&#8221;default&#8221; width=&#8221;35%&#8221; width_tablet=&#8221;50%&#8221; width_phone=&#8221;50%&#8221; width_last_edited=&#8221;on|desktop&#8221; custom_margin_last_edited=&#8221;off|desktop&#8221; custom_padding=&#8221;0px|||0px|false|false&#8221; custom_padding_tablet=&#8221;40px|||40px|false|false&#8221; custom_padding_phone=&#8221;|40px||40px|false|false&#8221; custom_padding_last_edited=&#8221;on|phone&#8221; global_colors_info=&#8221;{}&#8221;][\/et_pb_image][et_pb_text _builder_version=&#8221;4.27.4&#8243; text_text_color=&#8221;#FFFFFF&#8221; text_font_size=&#8221;16px&#8221; text_line_height=&#8221;2em&#8221; link_font=&#8221;||||on|||#FFFFFF|&#8221; link_text_color=&#8221;#FFFFFF&#8221; background_layout=&#8221;dark&#8221; custom_margin=&#8221;||40px||false|false&#8221; custom_padding=&#8221;25px|||100px|false|false&#8221; custom_padding_tablet=&#8221;25px|||100px|false|false&#8221; custom_padding_phone=&#8221;|||40px|false|false&#8221; custom_padding_last_edited=&#8221;on|phone&#8221; global_colors_info=&#8221;{}&#8221;]<\/p>\n<p><strong>TTC apki, s.r.o.<\/strong><br \/>T\u0159ebohostick\u00e1 987\/5<br \/>100 00 Praha 10<\/p>\n<p>&nbsp;<\/p>\n<p>I\u010cO: 194 03 429<br \/>DIC: CZ19403429<\/p>\n<p>Viac inform\u00e1ci\u00ed o n\u00e1s n\u00e1jdete na na\u0161ej webovej str\u00e1nke <a href=\"http:\/\/www.apki.cz\" target=\"_blank\" rel=\"noopener\">www.apki.cz<\/a><\/p>\n<p>&nbsp;<\/p>\n<p>[\/et_pb_text][\/et_pb_column][\/et_pb_row][\/et_pb_section][et_pb_section fb_built=&#8221;1&#8243; fullwidth=&#8221;on&#8221; _builder_version=&#8221;4.20.2&#8243; _module_preset=&#8221;default&#8221; global_colors_info=&#8221;{}&#8221;][et_pb_fullwidth_code _builder_version=&#8221;4.27.4&#8243; _module_preset=&#8221;default&#8221; global_colors_info=&#8221;{}&#8221;]<iframe loading=\"lazy\" style=\"border:none\" src=\"https:\/\/mapy.cz\/s\/godoledasu\" width=\"100%\" height=\"500\" frameborder=\"0\"><\/iframe>[\/et_pb_fullwidth_code][\/et_pb_section][et_pb_section fb_built=&#8221;1&#8243; admin_label=&#8221;Footer&#8221; _builder_version=&#8221;4.27.4&#8243; background_color=&#8221;#f7f8fc&#8221; custom_margin=&#8221;-1px|||||&#8221; custom_padding=&#8221;0px|0px|0px|0px||&#8221; animation_style=&#8221;zoom&#8221; animation_direction=&#8221;bottom&#8221; animation_intensity_zoom=&#8221;6%&#8221; animation_starting_opacity=&#8221;100%&#8221; hover_enabled=&#8221;0&#8243; saved_tabs=&#8221;all&#8221; locked=&#8221;off&#8221; global_colors_info=&#8221;{}&#8221; max_height=&#8221;370px&#8221; max_height_last_edited=&#8221;on|phone&#8221; sticky_enabled=&#8221;0&#8243; max_height_phone=&#8221;none&#8221; max_height_tablet=&#8221;370px&#8221;][et_pb_row column_structure=&#8221;1_3,1_3,1_3&#8243; _builder_version=&#8221;4.27.4&#8243; background_size=&#8221;initial&#8221; background_position=&#8221;top_left&#8221; background_repeat=&#8221;repeat&#8221; z_index=&#8221;100&#8243; custom_padding=&#8221;0px|0px|100px|0px&#8221; hover_enabled=&#8221;0&#8243; global_colors_info=&#8221;{}&#8221; sticky_enabled=&#8221;0&#8243;][et_pb_column type=&#8221;1_3&#8243; _builder_version=&#8221;4.16&#8243; custom_padding=&#8221;|||&#8221; global_colors_info=&#8221;{}&#8221; custom_padding__hover=&#8221;|||&#8221;][et_pb_blurb title=&#8221;\u010cESK\u00c1 REPUBLIKA a SLOVENSKO&#8221; url=&#8221;#&#8221; use_icon=&#8221;on&#8221; font_icon=&#8221;\ue01d||divi||400&#8243; icon_color=&#8221;#00bce9&#8243; icon_placement=&#8221;left&#8221; image_icon_width=&#8221;64px&#8221; content_max_width=&#8221;1100px&#8221; module_class=&#8221;equal-1 valign-center&#8221; _builder_version=&#8221;4.22.2&#8243; header_font=&#8221;|on|||&#8221; header_text_color=&#8221;#00bce9&#8243; header_line_height=&#8221;1.5em&#8221; body_text_color=&#8221;#000000&#8243; body_line_height=&#8221;1.9em&#8221; background_color=&#8221;#ffffff&#8221; custom_margin=&#8221;-80px|||&#8221; custom_padding=&#8221;30px|40px|30px|40px&#8221; animation_style=&#8221;zoom&#8221; animation_direction=&#8221;bottom&#8221; animation_intensity_zoom=&#8221;20%&#8221; animation_starting_opacity=&#8221;100%&#8221; box_shadow_style=&#8221;preset2&#8243; box_shadow_horizontal=&#8221;0px&#8221; box_shadow_vertical=&#8221;0px&#8221; box_shadow_blur=&#8221;60px&#8221; box_shadow_color=&#8221;rgba(71,74,182,0.12)&#8221; image_max_width=&#8221;64px&#8221; locked=&#8221;off&#8221; global_colors_info=&#8221;{}&#8221;]<\/p>\n<p><strong>TTC apki, s.r.o.<\/strong><br \/>T\u0159ebohostick\u00e1 987\/5,<br \/>100 00 Praha 10 &#8211; Stra\u0161nice<\/p>\n<p>+420 234 052 455<br \/>+420 234 052 212<\/p>\n<p><a href=\"mailto:info@touchguard.eu\">info@touchguard.eu<\/a><br \/><a href=\"http:\/\/www.touchguard.eu\/\">www.touchguard.eu<\/a><\/p>\n<p>[\/et_pb_blurb][\/et_pb_column][et_pb_column type=&#8221;1_3&#8243; _builder_version=&#8221;4.16&#8243; custom_padding=&#8221;|||&#8221; global_colors_info=&#8221;{}&#8221; custom_padding__hover=&#8221;|||&#8221;][et_pb_blurb title=&#8221;SPOJEN\u00c9 KR\u00c1\u013dOVSTVO VE\u013dKEJ BRIT\u00c1NIE&#8221; url=&#8221;#&#8221; use_icon=&#8221;on&#8221; font_icon=&#8221;\ue01d||divi||400&#8243; icon_color=&#8221;#00bce9&#8243; icon_placement=&#8221;left&#8221; image_icon_width=&#8221;64px&#8221; content_max_width=&#8221;1100px&#8221; module_class=&#8221;equal-1 valign-center&#8221; _builder_version=&#8221;4.22.2&#8243; header_font=&#8221;|on|||&#8221; header_text_color=&#8221;#00bce9&#8243; header_line_height=&#8221;1.5em&#8221; body_text_color=&#8221;#000000&#8243; body_line_height=&#8221;1.9em&#8221; background_color=&#8221;#ffffff&#8221; custom_margin=&#8221;-80px|||&#8221; custom_padding=&#8221;30px|40px|30px|40px&#8221; animation_style=&#8221;zoom&#8221; animation_direction=&#8221;bottom&#8221; animation_intensity_zoom=&#8221;20%&#8221; animation_starting_opacity=&#8221;100%&#8221; box_shadow_style=&#8221;preset2&#8243; box_shadow_horizontal=&#8221;0px&#8221; box_shadow_vertical=&#8221;0px&#8221; box_shadow_blur=&#8221;60px&#8221; box_shadow_color=&#8221;rgba(71,74,182,0.12)&#8221; image_max_width=&#8221;64px&#8221; locked=&#8221;off&#8221; global_colors_info=&#8221;{}&#8221;]<\/p>\n<p><strong>Interconnective Ltd<\/strong><br \/>Lower Ground Floor,<br \/>Priory Gate House,<br \/>7 Priory Road,<br \/>High Wycombe. HP13 6SE <\/p>\n<p>+44 (01494 446965)<br \/>+44 (01494 450379)<\/p>\n<p><a href=\"mailto:info@interconnective.co.uk\">info@interconnective.co.uk<\/a><br \/><a href=\"http:\/\/www.interconnective.co.uk\/\" target=\"_blank\" rel=\"noopener\">www.interconnective.co.uk<\/a><\/p>\n<p>[\/et_pb_blurb][\/et_pb_column][et_pb_column type=&#8221;1_3&#8243; _builder_version=&#8221;4.16&#8243; custom_padding=&#8221;|||&#8221; global_colors_info=&#8221;{}&#8221; custom_padding__hover=&#8221;|||&#8221;][et_pb_blurb title=&#8221;PO\u013dSKO&#8221; url=&#8221;#&#8221; use_icon=&#8221;on&#8221; font_icon=&#8221;\ue01d||divi||400&#8243; icon_color=&#8221;#00bce9&#8243; icon_placement=&#8221;left&#8221; image_icon_width=&#8221;64px&#8221; content_max_width=&#8221;1100px&#8221; module_class=&#8221;equal-1 valign-center&#8221; _builder_version=&#8221;4.22.2&#8243; header_font=&#8221;|on|||&#8221; header_text_color=&#8221;#00bce9&#8243; header_line_height=&#8221;1.5em&#8221; body_text_color=&#8221;#000000&#8243; body_line_height=&#8221;1.9em&#8221; background_color=&#8221;#ffffff&#8221; custom_margin=&#8221;-80px|||&#8221; custom_padding=&#8221;30px|40px|30px|40px&#8221; animation_style=&#8221;zoom&#8221; animation_direction=&#8221;bottom&#8221; animation_intensity_zoom=&#8221;20%&#8221; animation_starting_opacity=&#8221;100%&#8221; box_shadow_style=&#8221;preset2&#8243; box_shadow_horizontal=&#8221;0px&#8221; box_shadow_vertical=&#8221;0px&#8221; box_shadow_blur=&#8221;60px&#8221; box_shadow_color=&#8221;rgba(71,74,182,0.12)&#8221; image_max_width=&#8221;64px&#8221; locked=&#8221;off&#8221; global_colors_info=&#8221;{}&#8221;]<\/p>\n<p><strong>TouchGuard Sp. z o.o. <\/strong><br \/>Al. Stan\u00f3w Zjednoczonych<br \/>32 lok. U12<br \/>04-036 Var\u0161ava  <\/p>\n<p>+48 (22) 401 22 65<br \/>+48 603 554 015<\/p>\n<p><a href=\"mailto:biuro@touchguard.pl\">biuro@touchguard.pl<\/a><br \/><a href=\"http:\/\/www.touchguard.pl\/\" target=\"_blank\" rel=\"noopener\">www.touchguard.pl<\/a><\/p>\n<p>[\/et_pb_blurb][\/et_pb_column][\/et_pb_row][\/et_pb_section]<\/p>\n","protected":false},"excerpt":{"rendered":"<p>Kontakty na v\u00fdrobcu a prev\u00e1dzkovate\u013ea syst\u00e9mu TOUCHGUARD<\/p>\n","protected":false},"author":1,"featured_media":229875,"parent":0,"menu_order":0,"comment_status":"closed","ping_status":"closed","template":"","meta":{"_acf_changed":false,"_et_pb_use_builder":"on","_et_pb_old_content":"","_et_gb_content_width":"","footnotes":""},"tags":[],"class_list":["post-228891","page","type-page","status-publish","has-post-thumbnail","hentry"],"acf":[],"_links":{"self":[{"href":"https:\/\/www.touchguard.eu\/sk\/wp-json\/wp\/v2\/pages\/228891","targetHints":{"allow":["GET"]}}],"collection":[{"href":"https:\/\/www.touchguard.eu\/sk\/wp-json\/wp\/v2\/pages"}],"about":[{"href":"https:\/\/www.touchguard.eu\/sk\/wp-json\/wp\/v2\/types\/page"}],"author":[{"embeddable":true,"href":"https:\/\/www.touchguard.eu\/sk\/wp-json\/wp\/v2\/users\/1"}],"replies":[{"embeddable":true,"href":"https:\/\/www.touchguard.eu\/sk\/wp-json\/wp\/v2\/comments?post=228891"}],"version-history":[{"count":1,"href":"https:\/\/www.touchguard.eu\/sk\/wp-json\/wp\/v2\/pages\/228891\/revisions"}],"predecessor-version":[{"id":230845,"href":"https:\/\/www.touchguard.eu\/sk\/wp-json\/wp\/v2\/pages\/228891\/revisions\/230845"}],"wp:featuredmedia":[{"embeddable":true,"href":"https:\/\/www.touchguard.eu\/sk\/wp-json\/wp\/v2\/media\/229875"}],"wp:attachment":[{"href":"https:\/\/www.touchguard.eu\/sk\/wp-json\/wp\/v2\/media?parent=228891"}],"wp:term":[{"taxonomy":"post_tag","embeddable":true,"href":"https:\/\/www.touchguard.eu\/sk\/wp-json\/wp\/v2\/tags?post=228891"}],"curies":[{"name":"wp","href":"https:\/\/api.w.org\/{rel}","templated":true}]}}