{"id":229024,"date":"2024-11-26T13:37:00","date_gmt":"2024-11-26T12:37:00","guid":{"rendered":"https:\/\/www.touchguard.eu\/upratovacie-sluzby\/"},"modified":"2025-03-30T16:35:07","modified_gmt":"2025-03-30T14:35:07","slug":"upratovacie-sluzby","status":"publish","type":"page","link":"https:\/\/www.touchguard.eu\/sk\/upratovacie-sluzby\/","title":{"rendered":"Upratovacie slu\u017eby"},"content":{"rendered":"","protected":false},"excerpt":{"rendered":"<p>Z\u00e1znamy o \u010disten\u00ed s fotodokument\u00e1ciou a \u00falohami<\/p>\n","protected":false},"author":1,"featured_media":229874,"parent":0,"menu_order":0,"comment_status":"closed","ping_status":"closed","template":"blank-hp.php","meta":{"_acf_changed":false,"_et_pb_use_builder":"","_et_pb_old_content":"","_et_gb_content_width":"","footnotes":""},"tags":[124],"class_list":["post-229024","page","type-page","status-publish","has-post-thumbnail","hentry","tag-odvetvia"],"acf":[],"_links":{"self":[{"href":"https:\/\/www.touchguard.eu\/sk\/wp-json\/wp\/v2\/pages\/229024","targetHints":{"allow":["GET"]}}],"collection":[{"href":"https:\/\/www.touchguard.eu\/sk\/wp-json\/wp\/v2\/pages"}],"about":[{"href":"https:\/\/www.touchguard.eu\/sk\/wp-json\/wp\/v2\/types\/page"}],"author":[{"embeddable":true,"href":"https:\/\/www.touchguard.eu\/sk\/wp-json\/wp\/v2\/users\/1"}],"replies":[{"embeddable":true,"href":"https:\/\/www.touchguard.eu\/sk\/wp-json\/wp\/v2\/comments?post=229024"}],"version-history":[{"count":0,"href":"https:\/\/www.touchguard.eu\/sk\/wp-json\/wp\/v2\/pages\/229024\/revisions"}],"wp:featuredmedia":[{"embeddable":true,"href":"https:\/\/www.touchguard.eu\/sk\/wp-json\/wp\/v2\/media\/229874"}],"wp:attachment":[{"href":"https:\/\/www.touchguard.eu\/sk\/wp-json\/wp\/v2\/media?parent=229024"}],"wp:term":[{"taxonomy":"post_tag","embeddable":true,"href":"https:\/\/www.touchguard.eu\/sk\/wp-json\/wp\/v2\/tags?post=229024"}],"curies":[{"name":"wp","href":"https:\/\/api.w.org\/{rel}","templated":true}]}}