{"id":229030,"date":"2024-11-26T13:37:00","date_gmt":"2024-11-26T12:37:00","guid":{"rendered":"https:\/\/www.touchguard.eu\/budovy\/"},"modified":"2025-03-30T18:13:57","modified_gmt":"2025-03-30T16:13:57","slug":"stavebnictvo","status":"publish","type":"page","link":"https:\/\/www.touchguard.eu\/sk\/stavebnictvo\/","title":{"rendered":"Stavebn\u00edctvo"},"content":{"rendered":"","protected":false},"excerpt":{"rendered":"<p>Mobiln\u00e9 rie\u0161enia aj pre \u010dasovo obmedzen\u00e9 projekty<\/p>\n","protected":false},"author":1,"featured_media":229916,"parent":0,"menu_order":0,"comment_status":"closed","ping_status":"closed","template":"blank-hp.php","meta":{"_acf_changed":false,"_et_pb_use_builder":"","_et_pb_old_content":"","_et_gb_content_width":"","footnotes":""},"tags":[124],"class_list":["post-229030","page","type-page","status-publish","has-post-thumbnail","hentry","tag-odvetvia"],"acf":[],"_links":{"self":[{"href":"https:\/\/www.touchguard.eu\/sk\/wp-json\/wp\/v2\/pages\/229030","targetHints":{"allow":["GET"]}}],"collection":[{"href":"https:\/\/www.touchguard.eu\/sk\/wp-json\/wp\/v2\/pages"}],"about":[{"href":"https:\/\/www.touchguard.eu\/sk\/wp-json\/wp\/v2\/types\/page"}],"author":[{"embeddable":true,"href":"https:\/\/www.touchguard.eu\/sk\/wp-json\/wp\/v2\/users\/1"}],"replies":[{"embeddable":true,"href":"https:\/\/www.touchguard.eu\/sk\/wp-json\/wp\/v2\/comments?post=229030"}],"version-history":[{"count":0,"href":"https:\/\/www.touchguard.eu\/sk\/wp-json\/wp\/v2\/pages\/229030\/revisions"}],"wp:featuredmedia":[{"embeddable":true,"href":"https:\/\/www.touchguard.eu\/sk\/wp-json\/wp\/v2\/media\/229916"}],"wp:attachment":[{"href":"https:\/\/www.touchguard.eu\/sk\/wp-json\/wp\/v2\/media?parent=229030"}],"wp:term":[{"taxonomy":"post_tag","embeddable":true,"href":"https:\/\/www.touchguard.eu\/sk\/wp-json\/wp\/v2\/tags?post=229030"}],"curies":[{"name":"wp","href":"https:\/\/api.w.org\/{rel}","templated":true}]}}