{"id":229032,"date":"2024-11-26T13:37:00","date_gmt":"2024-11-26T12:37:00","guid":{"rendered":"https:\/\/www.touchguard.eu\/bezpecnostne-agentury\/"},"modified":"2024-11-26T13:37:00","modified_gmt":"2024-11-26T12:37:00","slug":"bezpecnostne-agentury","status":"publish","type":"page","link":"https:\/\/www.touchguard.eu\/sk\/bezpecnostne-agentury\/","title":{"rendered":"Bezpe\u010dnostn\u00e9 agent\u00fary"},"content":{"rendered":"","protected":false},"excerpt":{"rendered":"<p>Online \u00falohy, formul\u00e1re a zadania \u0161peci\u00e1lne pre potreby bezpe\u010dnostn\u00fdch agent\u00far<\/p>\n","protected":false},"author":1,"featured_media":229034,"parent":0,"menu_order":1,"comment_status":"closed","ping_status":"closed","template":"blank-hp.php","meta":{"_acf_changed":false,"_et_pb_use_builder":"off","_et_pb_old_content":"","_et_gb_content_width":"","footnotes":""},"tags":[124],"class_list":["post-229032","page","type-page","status-publish","has-post-thumbnail","hentry","tag-odvetvia"],"acf":[],"_links":{"self":[{"href":"https:\/\/www.touchguard.eu\/sk\/wp-json\/wp\/v2\/pages\/229032","targetHints":{"allow":["GET"]}}],"collection":[{"href":"https:\/\/www.touchguard.eu\/sk\/wp-json\/wp\/v2\/pages"}],"about":[{"href":"https:\/\/www.touchguard.eu\/sk\/wp-json\/wp\/v2\/types\/page"}],"author":[{"embeddable":true,"href":"https:\/\/www.touchguard.eu\/sk\/wp-json\/wp\/v2\/users\/1"}],"replies":[{"embeddable":true,"href":"https:\/\/www.touchguard.eu\/sk\/wp-json\/wp\/v2\/comments?post=229032"}],"version-history":[{"count":0,"href":"https:\/\/www.touchguard.eu\/sk\/wp-json\/wp\/v2\/pages\/229032\/revisions"}],"wp:featuredmedia":[{"embeddable":true,"href":"https:\/\/www.touchguard.eu\/sk\/wp-json\/wp\/v2\/media\/229034"}],"wp:attachment":[{"href":"https:\/\/www.touchguard.eu\/sk\/wp-json\/wp\/v2\/media?parent=229032"}],"wp:term":[{"taxonomy":"post_tag","embeddable":true,"href":"https:\/\/www.touchguard.eu\/sk\/wp-json\/wp\/v2\/tags?post=229032"}],"curies":[{"name":"wp","href":"https:\/\/api.w.org\/{rel}","templated":true}]}}