{"id":229672,"date":"2024-11-17T18:54:26","date_gmt":"2024-11-17T17:54:26","guid":{"rendered":"https:\/\/www.touchguard.eu\/online-system-pre-pochodzky\/"},"modified":"2025-03-30T11:41:19","modified_gmt":"2025-03-30T09:41:19","slug":"online-system-pre-pochodzky","status":"publish","type":"page","link":"https:\/\/www.touchguard.eu\/sk\/online-system-pre-pochodzky\/","title":{"rendered":"Online obch\u00f4dzkov\u00fd syst\u00e9m"},"content":{"rendered":"<p>[et_pb_section fb_built=&#8221;1&#8243; _builder_version=&#8221;4.27.4&#8243; _module_preset=&#8221;default&#8221; hover_enabled=&#8221;0&#8243; global_colors_info=&#8221;{}&#8221; custom_padding=&#8221;0px||0px||false|false&#8221; sticky_enabled=&#8221;0&#8243;][et_pb_row column_structure=&#8221;1_3,2_3&#8243; use_custom_gutter=&#8221;on&#8221; make_equal=&#8221;on&#8221; admin_label=&#8221;riadok&#8221; _builder_version=&#8221;4.27.4&#8243; background_enable_color=&#8221;off&#8221; width=&#8221;95%&#8221; max_width=&#8221;3440px&#8221; module_alignment=&#8221;center&#8221; custom_margin=&#8221;|||30px|false|false&#8221; custom_padding=&#8221;|||30px|false|false&#8221; global_colors_info=&#8221;{}&#8221;][et_pb_column type=&#8221;1_3&#8243; _builder_version=&#8221;4.27.4&#8243; custom_padding=&#8221;|||&#8221; global_colors_info=&#8221;{}&#8221; custom_padding__hover=&#8221;|||&#8221;][et_pb_text admin_label=&#8221;Text&#8221; _builder_version=&#8221;4.27.4&#8243; header_2_font=&#8221;|700|||||||&#8221; header_2_text_color=&#8221;#31394C&#8221; header_2_font_size=&#8221;33px&#8221; header_3_text_color=&#8221;#31394C&#8221; background_size=&#8221;initial&#8221; background_position=&#8221;top_left&#8221; background_repeat=&#8221;repeat&#8221; custom_margin=&#8221;30px||30px||false|false&#8221; custom_padding=&#8221;0px||0px|40px|false|false&#8221; border_width_left=&#8221;5px&#8221; border_color_left=&#8221;#04A8D6&#8243; global_colors_info=&#8221;{}&#8221;]<\/p>\n<h2>Hlavn\u00e9 v\u00fdhody poch\u00f4dzok<\/h2>\n<p>[\/et_pb_text][et_pb_blurb title=&#8221;Mo\u017enos\u0165 nastavenia parametrov pre jednotliv\u00e9 poch\u00f4dzky (striktn\u00e9 alebo \u013eubovo\u013en\u00e9 poradie na\u010d\u00edtania kontroln\u00fdch bodov, nastavenie \u010dasu pre minim\u00e1lnu alebo maxim\u00e1lnu d\u013a\u017eku poch\u00f4dzky at\u010f.)&#8221; use_icon=&#8221;on&#8221; font_icon=&#8221;&#xf554;||fa||900&#8243; icon_color=&#8221;#31394C&#8221; image_icon_background_color=&#8221;#FFFFFF&#8221; icon_placement=&#8221;left&#8221; image_icon_width=&#8221;25px&#8221; content_max_width=&#8221;100%&#8221; _builder_version=&#8221;4.27.4&#8243; _module_preset=&#8221;default&#8221; header_level=&#8221;h6&#8243; header_text_color=&#8221;#31394C&#8221; header_font_size=&#8221;16px&#8221; header_line_height=&#8221;1.2em&#8221; module_alignment=&#8221;left&#8221; custom_margin=&#8221;||2em|0px|false|false&#8221; custom_padding=&#8221;|||0px|false|false&#8221; global_colors_info=&#8221;{}&#8221;][\/et_pb_blurb][et_pb_blurb title=&#8221;Automatick\u00e9 vyhodnocovanie \u00faloh a odosielanie spr\u00e1v&#8221; use_icon=&#8221;on&#8221; font_icon=&#8221;&#x52;||divi||400&#8243; icon_color=&#8221;#31394C&#8221; image_icon_background_color=&#8221;#FFFFFF&#8221; icon_placement=&#8221;left&#8221; image_icon_width=&#8221;25px&#8221; content_max_width=&#8221;100%&#8221; _builder_version=&#8221;4.27.4&#8243; _module_preset=&#8221;default&#8221; header_level=&#8221;h6&#8243; header_text_color=&#8221;#31394C&#8221; header_font_size=&#8221;16px&#8221; header_line_height=&#8221;1.2em&#8221; module_alignment=&#8221;left&#8221; custom_margin=&#8221;||2em|0px|false|false&#8221; custom_padding=&#8221;|||0px|false|false&#8221; global_colors_info=&#8221;{}&#8221;][\/et_pb_blurb][et_pb_blurb title=&#8221;Mo\u017enos\u0165 prepoji\u0165 digit\u00e1lne formul\u00e1re s funkciou a pou\u017ei\u0165 ich na vytvorenie \u013eubovo\u013en\u00e9ho zoznamu \u00faloh pre ka\u017ed\u00fd kontroln\u00fd bod vr\u00e1tane vyhotovenia fotodokument\u00e1cie&#8221; use_icon=&#8221;on&#8221; font_icon=&#8221;&#xe0e6;||divi||400&#8243; icon_color=&#8221;#31394C&#8221; image_icon_background_color=&#8221;#FFFFFF&#8221; icon_placement=&#8221;left&#8221; image_icon_width=&#8221;25px&#8221; content_max_width=&#8221;100%&#8221; _builder_version=&#8221;4.27.4&#8243; _module_preset=&#8221;default&#8221; header_level=&#8221;h6&#8243; header_text_color=&#8221;#31394C&#8221; header_font_size=&#8221;16px&#8221; header_line_height=&#8221;1.2em&#8221; module_alignment=&#8221;left&#8221; custom_margin=&#8221;||2em|0px|false|false&#8221; custom_padding=&#8221;|||0px|false|false&#8221; global_colors_info=&#8221;{}&#8221;][\/et_pb_blurb][\/et_pb_column][et_pb_column type=&#8221;2_3&#8243; _builder_version=&#8221;4.27.4&#8243; custom_padding=&#8221;|||&#8221; global_colors_info=&#8221;{}&#8221; custom_padding__hover=&#8221;|||&#8221;][torq_logo_carousel use_nav=&#8221;off&#8221; nav_color=&#8221;#ffffff&#8221; nav_bg=&#8221;#3979ff&#8221; slide_count_tablet=&#8221;&#8221; slide_count_phone=&#8221;1&#8243; slide_count_last_edited=&#8221;on|desktop&#8221; _builder_version=&#8221;4.27.4&#8243; _module_preset=&#8221;default&#8221; custom_padding=&#8221;||8px|||&#8221; global_colors_info=&#8221;{}&#8221;][torq_logo_carousel_child logo=&#8221;https:\/\/www.touchguard.eu\/wp-content\/uploads\/2025\/03\/RG880-dashobard-s-pochuzkou.png&#8221; _builder_version=&#8221;4.27.4&#8243; _module_preset=&#8221;default&#8221; global_colors_info=&#8221;{}&#8221;][\/torq_logo_carousel_child][torq_logo_carousel_child logo=&#8221;https:\/\/www.touchguard.eu\/wp-content\/uploads\/2025\/03\/RG880-pochuzka-nesplneny-ukol.png&#8221; _builder_version=&#8221;4.27.4&#8243; _module_preset=&#8221;default&#8221; global_colors_info=&#8221;{}&#8221;][\/torq_logo_carousel_child][torq_logo_carousel_child logo=&#8221;https:\/\/www.touchguard.eu\/wp-content\/uploads\/2025\/03\/RG880-pochuzka-ukol.png&#8221; _builder_version=&#8221;4.27.4&#8243; _module_preset=&#8221;default&#8221; global_colors_info=&#8221;{}&#8221;][\/torq_logo_carousel_child][\/torq_logo_carousel][\/et_pb_column][\/et_pb_row][\/et_pb_section]<\/p>\n","protected":false},"excerpt":{"rendered":"<p>V\u0161etko pre fyzick\u00fa bezpe\u010dnos\u0165<\/p>\n","protected":false},"author":1,"featured_media":229034,"parent":0,"menu_order":0,"comment_status":"closed","ping_status":"closed","template":"","meta":{"_acf_changed":false,"_et_pb_use_builder":"on","_et_pb_old_content":"","_et_gb_content_width":"","footnotes":""},"tags":[138],"class_list":["post-229672","page","type-page","status-publish","has-post-thumbnail","hentry","tag-riesenie"],"acf":[],"_links":{"self":[{"href":"https:\/\/www.touchguard.eu\/sk\/wp-json\/wp\/v2\/pages\/229672","targetHints":{"allow":["GET"]}}],"collection":[{"href":"https:\/\/www.touchguard.eu\/sk\/wp-json\/wp\/v2\/pages"}],"about":[{"href":"https:\/\/www.touchguard.eu\/sk\/wp-json\/wp\/v2\/types\/page"}],"author":[{"embeddable":true,"href":"https:\/\/www.touchguard.eu\/sk\/wp-json\/wp\/v2\/users\/1"}],"replies":[{"embeddable":true,"href":"https:\/\/www.touchguard.eu\/sk\/wp-json\/wp\/v2\/comments?post=229672"}],"version-history":[{"count":0,"href":"https:\/\/www.touchguard.eu\/sk\/wp-json\/wp\/v2\/pages\/229672\/revisions"}],"wp:featuredmedia":[{"embeddable":true,"href":"https:\/\/www.touchguard.eu\/sk\/wp-json\/wp\/v2\/media\/229034"}],"wp:attachment":[{"href":"https:\/\/www.touchguard.eu\/sk\/wp-json\/wp\/v2\/media?parent=229672"}],"wp:term":[{"taxonomy":"post_tag","embeddable":true,"href":"https:\/\/www.touchguard.eu\/sk\/wp-json\/wp\/v2\/tags?post=229672"}],"curies":[{"name":"wp","href":"https:\/\/api.w.org\/{rel}","templated":true}]}}