{"id":229683,"date":"2024-11-18T08:34:18","date_gmt":"2024-11-18T07:34:18","guid":{"rendered":"https:\/\/www.touchguard.eu\/ochrana-osamelych-pracovnikov-v-hodinkach\/"},"modified":"2026-04-16T17:50:18","modified_gmt":"2026-04-16T15:50:18","slug":"ochrana-osamelych-pracovnikov-v-hodinkach","status":"publish","type":"page","link":"https:\/\/www.touchguard.eu\/sk\/ochrana-osamelych-pracovnikov-v-hodinkach\/","title":{"rendered":"Ochrana osamel\u00fdch pracovn\u00edkov v&nbsp;hodink\u00e1ch"},"content":{"rendered":"\n<div class=\"et_pb_section_0 et_pb_section et_section_regular et_block_section\"><div class=\"et_pb_row_0 et_pb_row et_block_row valign-center\"><div class=\"et_pb_column_0 et_pb_column et_pb_column_4_4 et-last-child et_block_column et_pb_css_mix_blend_mode_passthrough\"><div class=\"et_pb_image_0 et_pb_image et_pb_image_sticky et_pb_module et_block_module valign-center\"><span class=\"et_pb_image_wrap\"><img loading=\"lazy\" decoding=\"async\" src=\"https:\/\/www.touchguard.eu\/wp-content\/uploads\/2025\/03\/TGWatchLogo.png\" width=\"457\" height=\"132\" srcset=\"https:\/\/www.touchguard.eu\/wp-content\/uploads\/2025\/03\/TGWatchLogo.png 457w, https:\/\/www.touchguard.eu\/wp-content\/uploads\/2025\/03\/TGWatchLogo-300x87.png 300w\" sizes=\"(max-width: 457px) 100vw, 457px\" class=\"wp-image-228372\" title=\"TGWatchLogo\" alt=\"\"><\/span><\/div><\/div><\/div><\/div><div class=\"et_pb_section_1 et_pb_section et_section_regular et_block_section\"><div class=\"et_pb_row_1 et_pb_row et_block_row\"><div class=\"et_pb_column_1 et_pb_column et_pb_column_1_2 et_block_column et_pb_css_mix_blend_mode_passthrough\"><div class=\"et_pb_text_0 et_pb_text et_pb_bg_layout_light et_pb_module et_block_module valign-center\"><div class=\"et_pb_text_inner\"><p>Na\u0161a aplik\u00e1cia pon\u00faka mo\u017en\u00e9 rie\u0161enie pre realiz\u00e1ciu z\u00e1kona \u010d. 309\/2006 Z. z. o zaisten\u00ed \u010fal\u0161\u00edch podmienok bezpe\u010dnosti a ochrany zdravia pri pr\u00e1ci \u00a7 5 ods. 1 p\u00edsm. e), ktor\u00fd uklad\u00e1 zamestn\u00e1vate\u013eovi povinnos\u0165 organizova\u0165 pr\u00e1cu a ur\u010dova\u0165 pracovn\u00e9 postupy tak, aby boli dodr\u017eiavan\u00e9 z\u00e1sady bezpe\u010dn\u00e9ho spr\u00e1vania sa na pracovisku a aby zamestnanci na pracovisku so zv\u00fd\u0161en\u00fdm rizikom nepracovali sami bez dozoru in\u00e9ho zamestnanca, ak ich ochrana nie je zabezpe\u010den\u00e1 inak. Formul\u00e1cia \"nie je zabezpe\u010den\u00e9 inak\" otv\u00e1ra dvere k&nbsp;rie\u0161eniu tohto probl\u00e9mu pomocou na\u0161ej aplik\u00e1cie TOUCHGUARD s&nbsp;funkciou syst\u00e9mu ochrany osamel\u00fdch pracovn\u00edkov (LWPS). Ke\u010f\u017ee \u010desk\u00e1 legislat\u00edva ne\u0161pecifikuje, ako by mala by\u0165 ochrana realizovan\u00e1, vytvorili sme n\u00e1\u0161 LWPS pod\u013ea britskej normy BS 8484 (Provision of lone worker services), ktor\u00e1 podrobne popisuje procesy, ako by mal tak\u00fdto syst\u00e9m fungova\u0165.      <\/p>\n<\/div><\/div><\/div><div class=\"et_pb_column_2 et_pb_column et_pb_column_1_2 et-last-child et_block_column et_pb_css_mix_blend_mode_passthrough\"><div class=\"et_pb_text_1 et_pb_text et_pb_bg_layout_light et_pb_module et_block_module valign-center\"><div class=\"et_pb_text_inner\"><p>Na zabezpe\u010denie bezpe\u010dnej a spo\u013eahlivej prev\u00e1dzky aplik\u00e1cie TOUCHGUARD s&nbsp;funkciou ochrany osamel\u00e9ho pracovn\u00edka na inteligentn\u00fdch hodink\u00e1ch pou\u017e\u00edvame v\u00fdlu\u010dne hodinky Samsung Galaxy Watch spolu so syst\u00e9mom vzdialenej spr\u00e1vy MDM Samsung Knox Manage.<\/p>\n<p>Aplik\u00e1cia na ochranu osamel\u00fdch pracovn\u00edkov TOUCHGUARD zalo\u017een\u00e1 na inteligentn\u00fdch hodink\u00e1ch je postaven\u00e1 na monitorovan\u00ed neobvykl\u00fdch udalost\u00ed, ktor\u00e9 automaticky spustia alarm, ke\u010f nastan\u00fa. Je absol\u00fatne nevyhnutn\u00e9, aby pracovn\u00edk nosil hodinky so zapnut\u00fdm remienkom. Hodinky maj\u00fa aj hardv\u00e9rov\u00e9 tla\u010didlo SOS, ktor\u00e9 m\u00f4\u017ee pracovn\u00edk v&nbsp;pr\u00edpade n\u00fadze s\u00e1m pou\u017ei\u0165 na okam\u017eit\u00e9 vyvolanie poplachu.  <\/p>\n<\/div><\/div><\/div><\/div><\/div><div class=\"et_pb_section_2 et_pb_section et_section_regular et_block_section\"><div class=\"et_pb_row_2 et_pb_row et_block_row\"><div class=\"et_pb_column_3 et_pb_column et_pb_column_4_4 et-last-child et_block_column et_pb_css_mix_blend_mode_passthrough\"><div class=\"et_pb_text_2 et_pb_text et_pb_bg_layout_light et_pb_module et_block_module et_pb_text_align_center\"><div class=\"et_pb_text_inner\"><h2>Ochrana izolovan\u00fdch pracovn\u00edkov \/ osamel\u00fd pracovn\u00edk<\/h2>\n<\/div><\/div><div class=\"et_pb_text_3 et_pb_text et_pb_bg_layout_light et_pb_module et_block_module\"><div class=\"et_pb_text_inner\"><h3>\u010co monitoruj\u00fa hodinky?<\/h3>\n<\/div><\/div><\/div><\/div><div class=\"et_pb_row_3 et_pb_row et_block_row\"><div class=\"et_pb_column_4 et_pb_column et_pb_column_1_2 et_block_column et_pb_css_mix_blend_mode_passthrough\"><div class=\"et_pb_text_4 et_pb_text et_pb_bg_layout_light et_pb_module et_block_module\"><div class=\"et_pb_text_inner\"><ul>\n<li><strong>P\u00e1d<\/strong> - spust\u00ed alarm, ke\u010f hodinky zistia p\u00e1d a n\u00e1sledn\u00fa nehybnos\u0165 (zabudovan\u00e1 funkcia)<\/li>\n<li><strong>Meranie \u00farovne srdcovej frekvencie<\/strong> - spust\u00ed alarm, ke\u010f je srdcov\u00e1 frekvencia mimo nastaven\u00fdch limitov (napr. pod 40 alebo nad 150 \u00faderov za min\u00fatu)<\/li>\n<li><strong>Neaktivita\/nepohyblivos\u0165<\/strong> - ak sa hodinky po\u010das nastaven\u00e9ho \u010dasu nepohn\u00fa, spustia alarm<\/li>\n<li><strong>Odstr\u00e1nenie hodiniek z&nbsp;ruky<\/strong> - zistenie pr\u00edtomnosti hodiniek na ruke. Odstr\u00e1nenie hodiniek vyvol\u00e1 alarm. <\/li>\n<li><strong>Tla\u010didlo SOS<\/strong> (dlh\u00e9 podr\u017eanie \u010derven\u00e9ho tla\u010didla)<\/li>\n<\/ul>\n<p>&nbsp;<\/p>\n<p>Tieto udalosti mo\u017eno \u013eubovo\u013ene kombinova\u0165 pod\u013ea prostredia, v&nbsp;ktorom sa nach\u00e1dza rizikov\u00e9 pracovisko, a nastavi\u0165 nez\u00e1visle pre ka\u017ed\u00fd mobiln\u00fd telef\u00f3n.<\/p>\n<p>Hodinky s\u00fa vhodn\u00e9 na pou\u017eitie, ak pozn\u00e1me polohu pracovn\u00edka (napr. uzavret\u00e9 laborat\u00f3ri\u00e1 alebo in\u00e9 pracovisk\u00e1) alebo mimo budov, kde sa lokaliz\u00e1cia v&nbsp;pr\u00edpade poplachu vykon\u00e1va pomocou z\u00edskania \u00fadajov GPS. Pri funkcii LWPS pre inteligentn\u00e9 hodinky nie je vzh\u013eadom na obmedzen\u00fa kapacitu bat\u00e9rie mo\u017en\u00e9 lokalizova\u0165 vo vn\u00fatri budovy pomocou iBeacons (vysiela\u010de Bluetooth). <\/p>\n<\/div><\/div><\/div><div class=\"et_pb_column_5 et_pb_column et_pb_column_1_2 et-last-child et_block_column et_pb_css_mix_blend_mode_passthrough\"><div class=\"et_pb_image_1 et_pb_image et_pb_module et_block_module\"><span class=\"et_pb_image_wrap\"><img loading=\"lazy\" decoding=\"async\" src=\"https:\/\/www.touchguard.eu\/wp-content\/uploads\/2025\/03\/watch7front.png\" width=\"505\" height=\"505\" srcset=\"https:\/\/www.touchguard.eu\/wp-content\/uploads\/2025\/03\/watch7front.png 505w, https:\/\/www.touchguard.eu\/wp-content\/uploads\/2025\/03\/watch7front-480x480.png 480w\" sizes=\"(min-width: 0px) and (max-width: 480px) 480px, (min-width: 481px) 505px, 100vw\" class=\"wp-image-228310\" title=\"watch7front\" alt=\"\"><\/span><\/div><\/div><\/div><\/div><div class=\"et_pb_section_3 et_pb_section et_section_regular et_block_section\"><div class=\"et_pb_row_4 et_pb_row et_block_row\"><div class=\"et_pb_column_6 et_pb_column et_pb_column_1_2 et_block_column et_pb_css_mix_blend_mode_passthrough\"><div class=\"et_pb_heading_0 et_pb_heading et_pb_module et_block_module\"><div class=\"et_pb_heading_container\"><h3 class=\"et_pb_module_header\">Kompaktn\u00e9 rie\u0161enia na ochranu pracovn\u00edkov<\/h3><\/div><\/div><div class=\"et_pb_text_5 et_pb_text et_pb_bg_layout_light et_pb_module et_block_module\"><div class=\"et_pb_text_inner\"><ul>\n<li>Samotn\u00e9 hodinky s\u00fa dostato\u010dn\u00fdm rie\u0161en\u00edm<\/li>\n<li>Nie je potrebn\u00fd telef\u00f3n, ku ktor\u00e9mu s\u00fa pripojen\u00e9<\/li>\n<li>Je to najkompaktnej\u0161ie rie\u0161enie na ochranu osamel\u00fdch pracovn\u00edkov<\/li>\n<\/ul>\n<\/div><\/div><\/div><div class=\"et_pb_column_7 et_pb_column et_pb_column_1_2 et-last-child et_block_column et_pb_css_mix_blend_mode_passthrough\"><div class=\"et_pb_heading_1 et_pb_heading et_pb_module et_block_module\"><div class=\"et_pb_heading_container\"><h3 class=\"et_pb_module_header\">Nez\u00e1vislos\u0165 na telef\u00f3ne<\/h3><\/div><\/div><div class=\"et_pb_text_6 et_pb_text et_pb_bg_layout_light et_pb_module et_block_module\"><div class=\"et_pb_text_inner\"><ul>\n<li>Hodinky funguj\u00fa samostatne bez pripojenia k&nbsp;mobiln\u00e9mu telef\u00f3nu<\/li>\n<li>Maj\u00fa vlastn\u00fa <strong>kartu eSIM<\/strong> (ktor\u00fa nemo\u017eno odstr\u00e1ni\u0165), tak\u017ee maj\u00fa vlastn\u00fa konektivitu prostredn\u00edctvom pripojenia <strong>LTE<\/strong> a v&nbsp;pr\u00edpade potreby m\u00f4\u017eu iniciova\u0165 <strong>hlasov\u00e9 hovory<\/strong> alebo odosiela\u0165 <strong>SMS<\/strong>.<\/li>\n<li>Ako prim\u00e1rne pripojenie v\u0161ak odpor\u00fa\u010dame pou\u017e\u00edva\u0165 <strong>Wifi<\/strong>, \u010do zvy\u0161uje v\u00fddr\u017e bat\u00e9rie hodiniek a zni\u017euje spotrebu d\u00e1t na eSIM.<\/li>\n<\/ul>\n<\/div><\/div><\/div><\/div><div class=\"et_pb_row_5 et_pb_row et_block_row\"><div class=\"et_pb_column_8 et_pb_column et_pb_column_1_2 et_block_column et_pb_css_mix_blend_mode_passthrough\"><div class=\"et_pb_heading_2 et_pb_heading et_pb_module et_block_module\"><div class=\"et_pb_heading_container\"><h3 class=\"et_pb_module_header\">Vzdialen\u00e1 spr\u00e1va hodiniek<\/h3><\/div><\/div><div class=\"et_pb_text_7 et_pb_text et_pb_bg_layout_light et_pb_module et_block_module\"><div class=\"et_pb_text_inner\"><p>V\u010faka cloudov\u00e9mu syst\u00e9mu <strong>Samsung Knox Manage<\/strong> m\u00f4\u017eete hodinky spravova\u0165 na dia\u013eku. T\u00e1to funkcia je k\u013e\u00fa\u010dom k&nbsp;bezprobl\u00e9mov\u00e9mu chodu hodiniek TOUCHGUARD WATCH. Knox Manage je jedin\u00fd syst\u00e9m, ktor\u00fd dok\u00e1\u017ee spravova\u0165 hodinky rovnako ako pracovn\u00e9 mobiln\u00e9 telef\u00f3ny.  <\/p>\n<\/div><\/div><\/div><div class=\"et_pb_column_9 et_pb_column et_pb_column_1_2 et-last-child et_block_column et_pb_css_mix_blend_mode_passthrough\"><div class=\"et_pb_heading_3 et_pb_heading et_pb_module et_block_module\"><div class=\"et_pb_heading_container\"><h3 class=\"et_pb_module_header\">Funkcie aplik\u00e1cie Samsung Knox Manage<\/h3><\/div><\/div><div class=\"et_pb_text_8 et_pb_text et_pb_bg_layout_light et_pb_module et_block_module\"><div class=\"et_pb_text_inner\"><ul>\n<li>In\u0161tal\u00e1cia aplik\u00e1ci\u00ed a ich <strong>automatick\u00e1 aktualiz\u00e1cia<\/strong>,<\/li>\n<li>Obmedzenia obsahu - napr. nemo\u017eno prejs\u0165 do nastaven\u00ed, nemo\u017eno vypn\u00fa\u0165 prenos d\u00e1t\/Wifi, skr\u00e1tka tak\u00e9 nastavenia, aby pou\u017e\u00edvate\u013e nemohol ne\u00famyselne ovplyvni\u0165 fungovanie aplik\u00e1cie, <\/li>\n<li>Nastavenie automatick\u00e9ho prij\u00edmania hovorov - ke\u010f sa na hodinky uskuto\u010dn\u00ed hovor z&nbsp;ur\u010dit\u00fdch telef\u00f3nnych \u010d\u00edsel, hovor sa automaticky prijme a vy m\u00f4\u017eete po\u010d\u00fava\u0165, \u010do sa deje napr\u00edklad na strane hodiniek. <\/li>\n<li>Nastavenia Wifi - vzdialen\u00e9 nastavenie siet\u00ed Wifi, ku ktor\u00fdm sa hodinky automaticky prip\u00e1jaj\u00fa<\/li>\n<li><strong>Re\u017eim kiosku<\/strong> - nastavenie na pou\u017e\u00edvanie iba povolen\u00fdch aplik\u00e1ci\u00ed, v&nbsp;na\u0161om pr\u00edpade iba TOUCHGUARD WATCH.<\/li>\n<\/ul>\n<\/div><\/div><\/div><\/div><\/div><div class=\"et_pb_section_4 et_pb_section et_section_regular et_block_section nobg\"><div class=\"et_pb_row_6 et_pb_row et_block_row\"><div class=\"et_pb_column_10 et_pb_column et_pb_column_1_2 et_block_column et_pb_css_mix_blend_mode_passthrough\"><div class=\"et_pb_text_9 et_pb_text et_pb_bg_layout_light et_pb_module et_block_module\"><div class=\"et_pb_text_inner\"><h3>Webov\u00e1 aplik\u00e1cia<\/h3>\n<\/div><\/div><\/div><div class=\"et_pb_column_11 et_pb_column et_pb_column_1_2 et-last-child et_block_column et_pb_column_empty et_pb_css_mix_blend_mode_passthrough\"><\/div><\/div><div class=\"et_pb_row_7 et_pb_row et_block_row\"><div class=\"et_pb_column_12 et_pb_column et_pb_column_1_2 et_block_column et_pb_css_mix_blend_mode_passthrough\"><div class=\"et_pb_image_2 et_pb_image et_animated et_pb_module et_block_module\"><span class=\"et_pb_image_wrap\"><img loading=\"lazy\" decoding=\"async\" src=\"https:\/\/www.touchguard.eu\/wp-content\/uploads\/2025\/02\/laptop_application2.png\" width=\"933\" height=\"545\" srcset=\"https:\/\/www.touchguard.eu\/wp-content\/uploads\/2025\/02\/laptop_application2.png 933w, https:\/\/www.touchguard.eu\/wp-content\/uploads\/2025\/02\/laptop_application2-480x280.png 480w\" sizes=\"(min-width: 0px) and (max-width: 480px) 480px, (min-width: 481px) 933px, 100vw\" class=\"wp-image-227977\" title=\"laptop_application2\" alt=\"Webov\u00e9 rozhranie\" \/><\/span><\/div><\/div><div class=\"et_pb_column_13 et_pb_column et_pb_column_1_2 et-last-child et_block_column et_pb_css_mix_blend_mode_passthrough\"><div class=\"et_pb_text_10 et_pb_text et_pb_bg_layout_light et_pb_module et_block_module\"><div class=\"et_pb_text_inner\"><ul>\n<li>Rozhranie pre serverov\u00fa \u010das\u0165 (dispe\u010der, administr\u00e1tor) je webov\u00e1 aplik\u00e1cia, ktor\u00e1 je pr\u00edstupn\u00e1 prostredn\u00edctvom \u0161tandardn\u00fdch webov\u00fdch prehliada\u010dov.<\/li>\n<li>Rozhranie je responz\u00edvne, t. j. prisp\u00f4soben\u00e9 pre po\u010d\u00edta\u010de, tablety a mobiln\u00e9 telef\u00f3ny. <\/li>\n<li>Do syst\u00e9mu sa prihl\u00e1site pomocou svojho pou\u017e\u00edvate\u013esk\u00e9ho mena (e-mailu) a hesla.<\/li>\n<li>Tu je mo\u017en\u00e9 vykona\u0165 v\u0161etky nastavenia, \u010di u\u017e ide o pr\u00edstup pre dispe\u010derov a ich opr\u00e1vnenia alebo kompletn\u00fa spr\u00e1vu funkci\u00ed pre mobiln\u00e9 termin\u00e1ly.<\/li>\n<li>Opr\u00e1vnenia pre pou\u017e\u00edvate\u013ea webov\u00e9ho rozhrania mo\u017eno nastavi\u0165 na \u00farovni zobrazenie\/vytvorenie\/edit\u00e1cia\/odstr\u00e1nenie pre ka\u017ed\u00fa jednotliv\u00fa funkciu.<\/li>\n<li>Syst\u00e9m je rozdelen\u00fd na lokality, z&nbsp;ktor\u00fdch mo\u017eno vytvori\u0165 \u013eubovo\u013en\u00fa stromov\u00fa \u0161trukt\u00faru. T\u00fdm sa tie\u017e ur\u010duje, kto m\u00e1 pr\u00edstup na ur\u010dit\u00fa \u00farove\u0148 (podobne to mo\u017eno nastavi\u0165 pri \u00faprave pr\u00e1v pou\u017e\u00edvate\u013eov). <\/li>\n<li><span style=\"font-size: 14px;\">V\u0161etky funkcie mobiln\u00fdch hodiniek mo\u017eno nastavi\u0165 na dia\u013eku prostredn\u00edctvom webov\u00e9ho rozhrania. Ka\u017ed\u00e9 hodinky m\u00f4\u017eu ma\u0165 in\u00e9 nastavenia. <\/span><\/li>\n<li>Polohu hodiniek mo\u017eno zobrazi\u0165 na mapov\u00fdch podkladoch<\/li>\n<\/ul>\n<\/div><\/div><\/div><\/div><\/div>\n","protected":false},"excerpt":{"rendered":"<p>Kompaktn\u00e9 rie\u0161enie pre va\u0161ich zamestnancov<\/p>\n","protected":false},"author":1,"featured_media":229919,"parent":0,"menu_order":1,"comment_status":"closed","ping_status":"closed","template":"","meta":{"_acf_changed":false,"footnotes":""},"tags":[138],"class_list":["post-229683","page","type-page","status-publish","has-post-thumbnail","hentry","tag-riesenie"],"acf":[],"_links":{"self":[{"href":"https:\/\/www.touchguard.eu\/sk\/wp-json\/wp\/v2\/pages\/229683","targetHints":{"allow":["GET"]}}],"collection":[{"href":"https:\/\/www.touchguard.eu\/sk\/wp-json\/wp\/v2\/pages"}],"about":[{"href":"https:\/\/www.touchguard.eu\/sk\/wp-json\/wp\/v2\/types\/page"}],"author":[{"embeddable":true,"href":"https:\/\/www.touchguard.eu\/sk\/wp-json\/wp\/v2\/users\/1"}],"replies":[{"embeddable":true,"href":"https:\/\/www.touchguard.eu\/sk\/wp-json\/wp\/v2\/comments?post=229683"}],"version-history":[{"count":1,"href":"https:\/\/www.touchguard.eu\/sk\/wp-json\/wp\/v2\/pages\/229683\/revisions"}],"predecessor-version":[{"id":231277,"href":"https:\/\/www.touchguard.eu\/sk\/wp-json\/wp\/v2\/pages\/229683\/revisions\/231277"}],"wp:featuredmedia":[{"embeddable":true,"href":"https:\/\/www.touchguard.eu\/sk\/wp-json\/wp\/v2\/media\/229919"}],"wp:attachment":[{"href":"https:\/\/www.touchguard.eu\/sk\/wp-json\/wp\/v2\/media?parent=229683"}],"wp:term":[{"taxonomy":"post_tag","embeddable":true,"href":"https:\/\/www.touchguard.eu\/sk\/wp-json\/wp\/v2\/tags?post=229683"}],"curies":[{"name":"wp","href":"https:\/\/api.w.org\/{rel}","templated":true}]}}