{"id":229701,"date":"2024-11-25T09:46:30","date_gmt":"2024-11-25T08:46:30","guid":{"rendered":"https:\/\/www.touchguard.eu\/lekaren\/"},"modified":"2025-04-08T08:18:07","modified_gmt":"2025-04-08T06:18:07","slug":"farmacia","status":"publish","type":"page","link":"https:\/\/www.touchguard.eu\/sk\/farmacia\/","title":{"rendered":"Lek\u00e1re\u0148"},"content":{"rendered":"","protected":false},"excerpt":{"rendered":"<p>Zaistenie bezpe\u010dnosti osamel\u00fdch pracovn\u00edkov po\u010das v\u00fdskumu<\/p>\n","protected":false},"author":1,"featured_media":229909,"parent":0,"menu_order":0,"comment_status":"closed","ping_status":"closed","template":"blank-hp.php","meta":{"_acf_changed":false,"footnotes":""},"tags":[124],"class_list":["post-229701","page","type-page","status-publish","has-post-thumbnail","hentry","tag-odvetvia"],"acf":[],"_links":{"self":[{"href":"https:\/\/www.touchguard.eu\/sk\/wp-json\/wp\/v2\/pages\/229701","targetHints":{"allow":["GET"]}}],"collection":[{"href":"https:\/\/www.touchguard.eu\/sk\/wp-json\/wp\/v2\/pages"}],"about":[{"href":"https:\/\/www.touchguard.eu\/sk\/wp-json\/wp\/v2\/types\/page"}],"author":[{"embeddable":true,"href":"https:\/\/www.touchguard.eu\/sk\/wp-json\/wp\/v2\/users\/1"}],"replies":[{"embeddable":true,"href":"https:\/\/www.touchguard.eu\/sk\/wp-json\/wp\/v2\/comments?post=229701"}],"version-history":[{"count":0,"href":"https:\/\/www.touchguard.eu\/sk\/wp-json\/wp\/v2\/pages\/229701\/revisions"}],"wp:featuredmedia":[{"embeddable":true,"href":"https:\/\/www.touchguard.eu\/sk\/wp-json\/wp\/v2\/media\/229909"}],"wp:attachment":[{"href":"https:\/\/www.touchguard.eu\/sk\/wp-json\/wp\/v2\/media?parent=229701"}],"wp:term":[{"taxonomy":"post_tag","embeddable":true,"href":"https:\/\/www.touchguard.eu\/sk\/wp-json\/wp\/v2\/tags?post=229701"}],"curies":[{"name":"wp","href":"https:\/\/api.w.org\/{rel}","templated":true}]}}