{"id":229707,"date":"2024-11-26T13:37:00","date_gmt":"2024-11-26T12:37:00","guid":{"rendered":"https:\/\/www.touchguard.eu\/preprava-paliv-a-nebezpecnych-latok\/"},"modified":"2025-03-30T16:38:02","modified_gmt":"2025-03-30T14:38:02","slug":"preprava-paliv-a-nebezpecnych-latok","status":"publish","type":"page","link":"https:\/\/www.touchguard.eu\/sk\/preprava-paliv-a-nebezpecnych-latok\/","title":{"rendered":"Preprava pal\u00edv a nebezpe\u010dn\u00fdch l\u00e1tok"},"content":{"rendered":"","protected":false},"excerpt":{"rendered":"<p>Ochrana zamestnancov a \u00fa\u010dinn\u00e9 nahlasovanie probl\u00e9mov<\/p>\n","protected":false},"author":1,"featured_media":229915,"parent":0,"menu_order":5,"comment_status":"closed","ping_status":"closed","template":"blank-hp.php","meta":{"_acf_changed":false,"_et_pb_use_builder":"","_et_pb_old_content":"","_et_gb_content_width":"","footnotes":""},"tags":[124],"class_list":["post-229707","page","type-page","status-publish","has-post-thumbnail","hentry","tag-odvetvia"],"acf":[],"_links":{"self":[{"href":"https:\/\/www.touchguard.eu\/sk\/wp-json\/wp\/v2\/pages\/229707","targetHints":{"allow":["GET"]}}],"collection":[{"href":"https:\/\/www.touchguard.eu\/sk\/wp-json\/wp\/v2\/pages"}],"about":[{"href":"https:\/\/www.touchguard.eu\/sk\/wp-json\/wp\/v2\/types\/page"}],"author":[{"embeddable":true,"href":"https:\/\/www.touchguard.eu\/sk\/wp-json\/wp\/v2\/users\/1"}],"replies":[{"embeddable":true,"href":"https:\/\/www.touchguard.eu\/sk\/wp-json\/wp\/v2\/comments?post=229707"}],"version-history":[{"count":0,"href":"https:\/\/www.touchguard.eu\/sk\/wp-json\/wp\/v2\/pages\/229707\/revisions"}],"wp:featuredmedia":[{"embeddable":true,"href":"https:\/\/www.touchguard.eu\/sk\/wp-json\/wp\/v2\/media\/229915"}],"wp:attachment":[{"href":"https:\/\/www.touchguard.eu\/sk\/wp-json\/wp\/v2\/media?parent=229707"}],"wp:term":[{"taxonomy":"post_tag","embeddable":true,"href":"https:\/\/www.touchguard.eu\/sk\/wp-json\/wp\/v2\/tags?post=229707"}],"curies":[{"name":"wp","href":"https:\/\/api.w.org\/{rel}","templated":true}]}}