{"id":229713,"date":"2024-11-26T13:37:00","date_gmt":"2024-11-26T12:37:00","guid":{"rendered":"https:\/\/www.touchguard.eu\/tazba\/"},"modified":"2025-03-30T11:49:11","modified_gmt":"2025-03-30T09:49:11","slug":"tazba","status":"publish","type":"page","link":"https:\/\/www.touchguard.eu\/sk\/tazba\/","title":{"rendered":"\u0164a\u017eba"},"content":{"rendered":"","protected":false},"excerpt":{"rendered":"<p>Certifikovan\u00e9 vybavenie a ochrana zamestnancov<\/p>\n","protected":false},"author":1,"featured_media":229905,"parent":0,"menu_order":0,"comment_status":"closed","ping_status":"closed","template":"blank-hp.php","meta":{"_acf_changed":false,"_et_pb_use_builder":"","_et_pb_old_content":"","_et_gb_content_width":"","footnotes":""},"tags":[124],"class_list":["post-229713","page","type-page","status-publish","has-post-thumbnail","hentry","tag-odvetvia"],"acf":[],"_links":{"self":[{"href":"https:\/\/www.touchguard.eu\/sk\/wp-json\/wp\/v2\/pages\/229713","targetHints":{"allow":["GET"]}}],"collection":[{"href":"https:\/\/www.touchguard.eu\/sk\/wp-json\/wp\/v2\/pages"}],"about":[{"href":"https:\/\/www.touchguard.eu\/sk\/wp-json\/wp\/v2\/types\/page"}],"author":[{"embeddable":true,"href":"https:\/\/www.touchguard.eu\/sk\/wp-json\/wp\/v2\/users\/1"}],"replies":[{"embeddable":true,"href":"https:\/\/www.touchguard.eu\/sk\/wp-json\/wp\/v2\/comments?post=229713"}],"version-history":[{"count":0,"href":"https:\/\/www.touchguard.eu\/sk\/wp-json\/wp\/v2\/pages\/229713\/revisions"}],"wp:featuredmedia":[{"embeddable":true,"href":"https:\/\/www.touchguard.eu\/sk\/wp-json\/wp\/v2\/media\/229905"}],"wp:attachment":[{"href":"https:\/\/www.touchguard.eu\/sk\/wp-json\/wp\/v2\/media?parent=229713"}],"wp:term":[{"taxonomy":"post_tag","embeddable":true,"href":"https:\/\/www.touchguard.eu\/sk\/wp-json\/wp\/v2\/tags?post=229713"}],"curies":[{"name":"wp","href":"https:\/\/api.w.org\/{rel}","templated":true}]}}