{"id":229776,"date":"2024-11-26T13:40:43","date_gmt":"2024-11-26T12:40:43","guid":{"rendered":"https:\/\/www.touchguard.eu\/formulare\/"},"modified":"2025-04-07T13:45:52","modified_gmt":"2025-04-07T11:45:52","slug":"formulare","status":"publish","type":"page","link":"https:\/\/www.touchguard.eu\/sk\/formulare\/","title":{"rendered":"Digit\u00e1lne formul\u00e1re"},"content":{"rendered":"<p>[et_pb_section fb_built=&#8221;1&#8243; admin_label=&#8221;section&#8221; _builder_version=&#8221;4.27.4&#8243; custom_padding=&#8221;0px||0px||false|false&#8221; global_colors_info=&#8221;{}&#8221;][et_pb_row column_structure=&#8221;1_3,2_3&#8243; use_custom_gutter=&#8221;on&#8221; make_equal=&#8221;on&#8221; admin_label=&#8221;row&#8221; _builder_version=&#8221;4.27.4&#8243; max_width=&#8221;3440px&#8221; module_alignment=&#8221;center&#8221; custom_margin=&#8221;|||30px|false|false&#8221; custom_padding=&#8221;|||30px|false|false&#8221; global_colors_info=&#8221;{}&#8221; background_enable_color=&#8221;off&#8221; width=&#8221;95%&#8221; hover_enabled=&#8221;0&#8243; sticky_enabled=&#8221;0&#8243;][et_pb_column type=&#8221;1_3&#8243; _builder_version=&#8221;4.27.4&#8243; custom_padding=&#8221;|||&#8221; global_colors_info=&#8221;{}&#8221; custom_padding__hover=&#8221;|||&#8221;][et_pb_text admin_label=&#8221;Text&#8221; module_class=&#8221;valign-center&#8221; _builder_version=&#8221;4.27.4&#8243; header_2_text_color=&#8221;#31394C&#8221; header_3_text_color=&#8221;#31394C&#8221; custom_padding=&#8221;0px||0px|40px|false|false&#8221; global_colors_info=&#8221;{}&#8221; header_2_font=&#8221;|700|||||||&#8221; header_2_font_size=&#8221;33px&#8221; background_size=&#8221;initial&#8221; background_position=&#8221;top_left&#8221; background_repeat=&#8221;repeat&#8221; custom_margin=&#8221;30px||30px||false|false&#8221; border_width_left=&#8221;5px&#8221; border_color_left=&#8221;#04A8D6&#8243; hover_enabled=&#8221;0&#8243; sticky_enabled=&#8221;0&#8243;]<\/p>\n<h2>Hlavn\u00e9 v\u00fdhody digit\u00e1lnych formul\u00e1rov<\/h2>\n<p>[\/et_pb_text][et_pb_blurb title=&#8221;Okam\u017eit\u00fd online preh\u013ead vyplnen\u00fdch a odoslan\u00fdch formul\u00e1rov (in\u0161pek\u010dn\u00e9 spr\u00e1vy, odovzd\u00e1vacie protokoly at\u010f.)&#8221; use_icon=&#8221;on&#8221; font_icon=&#8221;&#xf0ac;||fa||900&#8243; icon_color=&#8221;#31394C&#8221; image_icon_background_color=&#8221;#FFFFFF&#8221; icon_placement=&#8221;left&#8221; image_icon_width=&#8221;25px&#8221; _builder_version=&#8221;4.27.4&#8243; _module_preset=&#8221;default&#8221; header_level=&#8221;h6&#8243; header_text_color=&#8221;#31394C&#8221; header_font_size=&#8221;16px&#8221; header_line_height=&#8221;1.2em&#8221; global_colors_info=&#8221;{}&#8221; content_max_width=&#8221;100%&#8221; module_alignment=&#8221;left&#8221; custom_margin=&#8221;||2em|0px|false|false&#8221; custom_padding=&#8221;|||0px|false|false&#8221;][\/et_pb_blurb][et_pb_blurb title=&#8221;Nastavenie automatickej distrib\u00facie formul\u00e1rov e-mailom kompetentn\u00fdm osob\u00e1m na z\u00e1klade ich obsahu&#8221; use_icon=&#8221;on&#8221; font_icon=&#8221;&#xf674;||fa||900&#8243; icon_color=&#8221;#31394C&#8221; image_icon_background_color=&#8221;#FFFFFF&#8221; icon_placement=&#8221;left&#8221; image_icon_width=&#8221;25px&#8221; _builder_version=&#8221;4.27.4&#8243; _module_preset=&#8221;default&#8221; header_level=&#8221;h6&#8243; header_text_color=&#8221;#31394C&#8221; header_font_size=&#8221;16px&#8221; header_line_height=&#8221;1.2em&#8221; global_colors_info=&#8221;{}&#8221; content_max_width=&#8221;100%&#8221; module_alignment=&#8221;left&#8221; custom_margin=&#8221;||2em|0px|false|false&#8221; custom_padding=&#8221;|||0px|false|false&#8221;][\/et_pb_blurb][et_pb_blurb title=&#8221;D\u00f4vernos\u0165 &#8211; \u010das podania nemo\u017eno zmeni\u0165, formul\u00e1r nemo\u017eno sp\u00e4tne upravi\u0165&#8221; use_icon=&#8221;on&#8221; font_icon=&#8221;&#xe06c;||divi||400&#8243; icon_color=&#8221;#31394C&#8221; image_icon_background_color=&#8221;#FFFFFF&#8221; icon_placement=&#8221;left&#8221; image_icon_width=&#8221;25px&#8221; _builder_version=&#8221;4.27.4&#8243; _module_preset=&#8221;default&#8221; header_level=&#8221;h6&#8243; header_text_color=&#8221;#31394C&#8221; header_font_size=&#8221;16px&#8221; header_line_height=&#8221;1.2em&#8221; global_colors_info=&#8221;{}&#8221; content_max_width=&#8221;100%&#8221; module_alignment=&#8221;left&#8221; custom_margin=&#8221;||2em|0px|false|false&#8221; custom_padding=&#8221;|||0px|false|false&#8221;][\/et_pb_blurb][et_pb_blurb title=&#8221;  Fotografie s\u00fa s\u00fa\u010das\u0165ou formul\u00e1ra, \u017eiadne zlo\u017eit\u00e9 s\u0165ahovanie a p\u00e1rovanie fotografi\u00ed. Fotografie s\u00fa na serveri samostatne, tie\u017e ako s\u00fa\u010das\u0165 formul\u00e1ra &#8221; use_icon=&#8221;on&#8221; font_icon=&#8221;&#xf302;||fa||900&#8243; icon_color=&#8221;#31394C&#8221; image_icon_background_color=&#8221;#FFFFFF&#8221; icon_placement=&#8221;left&#8221; image_icon_width=&#8221;25px&#8221; _builder_version=&#8221;4.27.4&#8243; _module_preset=&#8221;default&#8221; header_level=&#8221;h6&#8243; header_text_color=&#8221;#31394C&#8221; header_font_size=&#8221;16px&#8221; header_line_height=&#8221;1.2em&#8221; global_colors_info=&#8221;{}&#8221; content_max_width=&#8221;100%&#8221; module_alignment=&#8221;left&#8221; custom_margin=&#8221;||2em|0px|false|false&#8221; custom_padding=&#8221;|||0px|false|false&#8221;][\/et_pb_blurb][\/et_pb_column][et_pb_column type=&#8221;2_3&#8243; _builder_version=&#8221;4.27.4&#8243; custom_padding=&#8221;|||&#8221; global_colors_info=&#8221;{}&#8221; custom_padding__hover=&#8221;|||&#8221;][torq_logo_carousel use_nav=&#8221;off&#8221; nav_color=&#8221;#ffffff&#8221; nav_bg=&#8221;#3979ff&#8221; slide_count_tablet=&#8221;&#8221; slide_count_phone=&#8221;1&#8243; slide_count_last_edited=&#8221;on|desktop&#8221; _builder_version=&#8221;4.27.4&#8243; _module_preset=&#8221;default&#8221; custom_padding=&#8221;||8px|||&#8221; hover_enabled=&#8221;0&#8243; global_colors_info=&#8221;{}&#8221; theme_builder_area=&#8221;post_content&#8221; sticky_enabled=&#8221;0&#8243;][torq_logo_carousel_child _builder_version=&#8221;4.27.4&#8243; _module_preset=&#8221;default&#8221; theme_builder_area=&#8221;post_content&#8221; alt=&#8221;Hlavn\u00fd povrch TOUCHGUARD&#8221; title_text=&#8221;TOUCHGUARD hlavn\u00ed plocha&#8221; logo=&#8221;https:\/\/www.touchguard.eu\/wp-content\/uploads\/2025\/03\/RG880-dashboard-s-formularem.png&#8221; hover_enabled=&#8221;0&#8243; sticky_enabled=&#8221;0&#8243;][\/torq_logo_carousel_child][torq_logo_carousel_child _builder_version=&#8221;4.27.4&#8243; _module_preset=&#8221;default&#8221; theme_builder_area=&#8221;post_content&#8221; alt=&#8221;Formul\u00e1r RG880i&#8221; title_text=&#8221;RG880i Formul\u00e1\u0159&#8221; logo=&#8221;https:\/\/www.touchguard.eu\/wp-content\/uploads\/2025\/03\/RG880-formular.png&#8221; hover_enabled=&#8221;0&#8243; sticky_enabled=&#8221;0&#8243;][\/torq_logo_carousel_child][\/torq_logo_carousel][\/et_pb_column][\/et_pb_row][\/et_pb_section]<\/p>\n","protected":false},"excerpt":{"rendered":"<p>Digit\u00e1lne z\u00e1znamy, \u0161etrn\u00e9 k \u017eivotn\u00e9mu prostrediu<\/p>\n","protected":false},"author":1,"featured_media":229777,"parent":0,"menu_order":0,"comment_status":"closed","ping_status":"closed","template":"","meta":{"_acf_changed":false,"_et_pb_use_builder":"on","_et_pb_old_content":"","_et_gb_content_width":"","footnotes":""},"tags":[138],"class_list":["post-229776","page","type-page","status-publish","has-post-thumbnail","hentry","tag-riesenie"],"acf":[],"_links":{"self":[{"href":"https:\/\/www.touchguard.eu\/sk\/wp-json\/wp\/v2\/pages\/229776","targetHints":{"allow":["GET"]}}],"collection":[{"href":"https:\/\/www.touchguard.eu\/sk\/wp-json\/wp\/v2\/pages"}],"about":[{"href":"https:\/\/www.touchguard.eu\/sk\/wp-json\/wp\/v2\/types\/page"}],"author":[{"embeddable":true,"href":"https:\/\/www.touchguard.eu\/sk\/wp-json\/wp\/v2\/users\/1"}],"replies":[{"embeddable":true,"href":"https:\/\/www.touchguard.eu\/sk\/wp-json\/wp\/v2\/comments?post=229776"}],"version-history":[{"count":0,"href":"https:\/\/www.touchguard.eu\/sk\/wp-json\/wp\/v2\/pages\/229776\/revisions"}],"wp:featuredmedia":[{"embeddable":true,"href":"https:\/\/www.touchguard.eu\/sk\/wp-json\/wp\/v2\/media\/229777"}],"wp:attachment":[{"href":"https:\/\/www.touchguard.eu\/sk\/wp-json\/wp\/v2\/media?parent=229776"}],"wp:term":[{"taxonomy":"post_tag","embeddable":true,"href":"https:\/\/www.touchguard.eu\/sk\/wp-json\/wp\/v2\/tags?post=229776"}],"curies":[{"name":"wp","href":"https:\/\/api.w.org\/{rel}","templated":true}]}}